{"id":755864,"date":"2025-08-28T06:51:20","date_gmt":"2025-08-28T03:51:20","guid":{"rendered":"https:\/\/roveyayinevi.com.tr\/index.php\/urun\/filozof-dedemle-felsefe-seruvenlerim-mitostan-logosa\/"},"modified":"2026-04-16T03:08:54","modified_gmt":"2026-04-16T00:08:54","slug":"filozof-dedemle-felsefe-seruvenlerim-mitostan-logosa","status":"publish","type":"product","link":"https:\/\/roveyayinevi.com.tr\/index.php\/urun\/filozof-dedemle-felsefe-seruvenlerim-mitostan-logosa\/","title":{"rendered":"F\u0130LOZOF DEDEMLE FELSEFE SER\u00dcVENLER\u0130M M\u0130TOSTAN LOGOSA"},"content":{"rendered":"<p>\u00c7ocuk, yolculu\u011funa mitolojik evrenin yeni boyutlar\u0131n\u0131 ke\u015ffederek ba\u015flar. Mek\u00e2nlar, gelenekler, kahramanl\u0131klar ve reng\u00e2renk karakterlerle dolu bu evreni \u00e7ok etkileyici bulsa da, aralanan kap\u0131dan t\u0131pk\u0131 o insanlar gibi ge\u00e7er ve kar\u015f\u0131s\u0131na \u00e7\u0131kan ciddi yol ayr\u0131mlar\u0131n\u0131 ve d\u00f6n\u00fcm noktalar\u0131n\u0131 fark eder. Selim dedeyle ger\u00e7ek mek\u00e2nlarda, ger\u00e7ek hik\u00e2yelerle ve ger\u00e7ek insanlarla \u00e7\u0131kt\u0131\u011f\u0131 bu yolculu\u011fun onun d\u00fcnyas\u0131nda elbette zaman zaman fantastik bir iz d\u00fc\u015f\u00fcm\u00fc olacak, \u00c7ocuk kendinde ger\u00e7ekle\u015fen bu de\u011fi\u015fimi hayretle fark etmeye ba\u015flayacakt\u0131r.<\/p>\n","protected":false},"excerpt":{"rendered":"<p>\u00c7ocuk, yolculu\u011funa mitolojik evrenin yeni boyutlar\u0131n\u0131 ke\u015ffederek ba\u015flar. Mek\u00e2nlar, gelenekler, kahramanl\u0131klar ve reng\u00e2renk karakterlerle dolu bu evreni \u00e7ok etkileyici bulsa da, aralanan kap\u0131dan t\u0131pk\u0131 o insanlar<span class=\"excerpt-hellip\"> [\u2026]<\/span><\/p>\n","protected":false},"featured_media":0,"template":"","meta":{"_monsterinsights_skip_tracking":false,"_monsterinsights_sitenote_active":false,"_monsterinsights_sitenote_note":"","_monsterinsights_sitenote_category":0},"product_brand":[],"product_cat":[12274,12284],"product_tag":[],"class_list":{"0":"post-755864","1":"product","2":"type-product","3":"status-publish","5":"product_cat-cocuk-ve-genclik-kitaplari","6":"product_cat-hikayeler","7":"pa_cilt-ciltsiz","8":"pa_tur-kitap","9":"pa_yayinevi-beta-kids","10":"pa_yazar-buket-kurt","12":"first","13":"instock","14":"sale","15":"shipping-taxable","16":"purchasable","17":"product-type-simple"},"_links":{"self":[{"href":"https:\/\/roveyayinevi.com.tr\/index.php\/wp-json\/wp\/v2\/product\/755864","targetHints":{"allow":["GET"]}}],"collection":[{"href":"https:\/\/roveyayinevi.com.tr\/index.php\/wp-json\/wp\/v2\/product"}],"about":[{"href":"https:\/\/roveyayinevi.com.tr\/index.php\/wp-json\/wp\/v2\/types\/product"}],"wp:attachment":[{"href":"https:\/\/roveyayinevi.com.tr\/index.php\/wp-json\/wp\/v2\/media?parent=755864"}],"wp:term":[{"taxonomy":"product_brand","embeddable":true,"href":"https:\/\/roveyayinevi.com.tr\/index.php\/wp-json\/wp\/v2\/product_brand?post=755864"},{"taxonomy":"product_cat","embeddable":true,"href":"https:\/\/roveyayinevi.com.tr\/index.php\/wp-json\/wp\/v2\/product_cat?post=755864"},{"taxonomy":"product_tag","embeddable":true,"href":"https:\/\/roveyayinevi.com.tr\/index.php\/wp-json\/wp\/v2\/product_tag?post=755864"}],"curies":[{"name":"wp","href":"https:\/\/api.w.org\/{rel}","templated":true}]}}