{"id":755862,"date":"2025-08-28T06:51:17","date_gmt":"2025-08-28T03:51:17","guid":{"rendered":"https:\/\/roveyayinevi.com.tr\/index.php\/urun\/gorunmez-akademisyenler\/"},"modified":"2026-04-16T03:08:54","modified_gmt":"2026-04-16T00:08:54","slug":"gorunmez-akademisyenler","status":"publish","type":"product","link":"https:\/\/roveyayinevi.com.tr\/index.php\/urun\/gorunmez-akademisyenler\/","title":{"rendered":"G\u00f6r\u00fcnmez Akademisyenler"},"content":{"rendered":"<p>Diskd\u00fcnya, futbolu &#8221;yeniden&#8221; ke\u015ffediyor!Hayal\u00ee evrenlerin azametli mucidi S\u00f6r Terry Pratchett&#8217;\u0131n benzersiz yarat\u0131m\u0131 &#8221;Diskd\u00fcnya&#8221;n\u0131n ilk kez T\u00fcrk\u00e7eye \u00e7evrilen otuz yedinci kitab\u0131 G\u00f6r\u00fcnmez Akademisyenler, kadim geleneklere ve uzun bir ge\u00e7mi\u015fe sahip ayaktopuna g\u00f6n\u00fcl verenler ile bu &#8221;ilkel&#8221; aktiviteyi de\u011fi\u015ftirip \u00e7a\u011fa uydurma tela\u015f\u0131ndakileri me\u015fin bir yuvarla\u011f\u0131n pe\u015finde ko\u015fturan, son d\u00fcd\u00fc\u011f\u00fc hi\u00e7 umursamayan bir roman!D\u00fcnya \u00e7ap\u0131nda 100 milyonun \u00fczerinde satan k\u0131rk bir kitapl\u0131k serinin bu en &#8221;sportif&#8221; maceras\u0131, &#8221;Sihirbaz ve Kahramanlar&#8221; alt serisinin de sekizinci ve son halkas\u0131.Pratchett co\u015fkun ve muzaffer duygularla kaleme ald\u0131\u011f\u0131 roman\u0131nda, Ankh-Morpork&#8217;un arka sokaklar\u0131nda icra edilen ve herkesi bir \u015fekilde b\u00fcy\u00fclemeyi ba\u015faran tuhaf oyunun esbab\u0131mucibesini \u00e7\u00f6zmeye \u00e7al\u0131\u015f\u0131yor; yirmi y\u0131ld\u0131r uygulanmayan bir gelene\u011fi uyand\u0131rarak yirmi iki adam\u0131n -ve en az onlar kadar deli ama afet birka\u00e7 kad\u0131n\u0131n- s\u0131rad\u0131\u015f\u0131 hik\u00e2yesini anlat\u0131yor.Vetinari \u015fehri dinliyor. \u015eehir t\u0131k\u0131r t\u0131k\u0131r i\u015fliyor. Kusursuz de\u011fil ama \u015fimdiye kadar hi\u00e7 i\u015flemedi\u011fi kadar iyi. Yani bence ayaktopunun da de\u011fi\u015fme zaman\u0131 geldi&#8230;Be\u015f kiloluk bir tahta yumrusunu sa\u011fa sola f\u0131rlat\u0131p pe\u015finden ko\u015fmak, bu s\u0131rada kavga d\u00f6v\u00fc\u015f ilerlemek ve hatta i\u015fi holiganl\u0131\u011fa vard\u0131r\u0131p birbirinden nefret etmek ne kadar oyunsa, ayaktopu da o kadar oyun say\u0131l\u0131r! Ama devir de\u011fi\u015fiyor&#8230; \u015eehrin tek ve tart\u0131\u015fmas\u0131z h\u00fck\u00fcmdar\u0131 Ataerk Vetinari bu rezilli\u011fe bir son verip ayaktopunun az\u0131c\u0131k modernle\u015fmesi gerekti\u011fini d\u00fc\u015f\u00fcn\u00fcyor. Ancak b\u00f6ylesine kadim geleneklere sahip bir etkinli\u011fi de\u011fi\u015ftirmek pek de kolay g\u00f6r\u00fcnm\u00fcyor. O y\u00fczden bu zorlu i\u015f&#8230; elbette \u015fehrin en k\u00f6kl\u00fc kurumu G\u00f6r\u00fcnmez \u00dcniversite&#8217;ye d\u00fc\u015f\u00fcyor!Kurallar yeniden yaz\u0131l\u0131yor, tak\u0131mlar kuruluyor, ma\u00e7 d\u00fcd\u00fc\u011f\u00fc \u00e7al\u0131yor, ta derinlerden b\u00fcy\u00fck bir dip dalgas\u0131 y\u00fckseliyor. Tabii, bu de\u011fi\u015fimin u\u011fursuz bir al\u00e2met olabilece\u011fini, k\u00f6t\u00fc \u015feyler ya\u015fanabilece\u011fini Rincewind de \u00f6ng\u00f6rm\u00fc\u015ft\u00fc ama bu kadar &#8221;korkun\u00e7&#8221; olabilece\u011fini o bile tahmin bile edememi\u015fti&#8230; &#8230; \u00e7\u00fcnk\u00fc ayaktopu asla sadece ayaktopu de\u011fildir.Pop\u00fcler k\u00fclt\u00fcr ba\u011flam\u0131nda futbol ve siyaset ili\u015fkisi \u00fczerine sorgulatan G\u00f6r\u00fcnmez Akademisyenler, me\u015fin bir yuvarla\u011fa y\u00fckledi\u011fimiz &#8221;abart\u0131l\u0131&#8221; de\u011feri k\u0131vrak bir mizahla ele\u015ftiriyor; nab\u0131zlar\u0131 y\u00fckselten anlat\u0131s\u0131n\u0131 sosyolojik ve psikolojik yakla\u015f\u0131mlarla alabora ederek kitleleri pe\u015finden s\u00fcr\u00fckleyen bir spora bamba\u015fka g\u00f6zlerle ve anlay\u0131\u015fla yeniden bakmam\u0131z\u0131 sa\u011fl\u0131yor. <\/p>\n","protected":false},"excerpt":{"rendered":"<p>Diskd\u00fcnya, futbolu &#8221;yeniden&#8221; ke\u015ffediyor!Hayal\u00ee evrenlerin azametli mucidi S\u00f6r Terry Pratchett&#8217;\u0131n benzersiz yarat\u0131m\u0131 &#8221;Diskd\u00fcnya&#8221;n\u0131n ilk kez T\u00fcrk\u00e7eye \u00e7evrilen otuz yedinci kitab\u0131 G\u00f6r\u00fcnmez Akademisyenler, kadim geleneklere ve uzun<span class=\"excerpt-hellip\"> [\u2026]<\/span><\/p>\n","protected":false},"featured_media":0,"template":"","meta":{"_monsterinsights_skip_tracking":false,"_monsterinsights_sitenote_active":false,"_monsterinsights_sitenote_note":"","_monsterinsights_sitenote_category":0},"product_brand":[],"product_cat":[12291,12711],"product_tag":[],"class_list":{"0":"post-755862","1":"product","2":"type-product","3":"status-publish","5":"product_cat-edebiyat","6":"product_cat-roman-oyku","7":"pa_cilt-ciltsiz","8":"pa_tur-kitap","9":"pa_yayinevi-delidolu","10":"pa_yazar-terry-pratchett","12":"first","13":"instock","14":"sale","15":"shipping-taxable","16":"purchasable","17":"product-type-simple"},"_links":{"self":[{"href":"https:\/\/roveyayinevi.com.tr\/index.php\/wp-json\/wp\/v2\/product\/755862","targetHints":{"allow":["GET"]}}],"collection":[{"href":"https:\/\/roveyayinevi.com.tr\/index.php\/wp-json\/wp\/v2\/product"}],"about":[{"href":"https:\/\/roveyayinevi.com.tr\/index.php\/wp-json\/wp\/v2\/types\/product"}],"wp:attachment":[{"href":"https:\/\/roveyayinevi.com.tr\/index.php\/wp-json\/wp\/v2\/media?parent=755862"}],"wp:term":[{"taxonomy":"product_brand","embeddable":true,"href":"https:\/\/roveyayinevi.com.tr\/index.php\/wp-json\/wp\/v2\/product_brand?post=755862"},{"taxonomy":"product_cat","embeddable":true,"href":"https:\/\/roveyayinevi.com.tr\/index.php\/wp-json\/wp\/v2\/product_cat?post=755862"},{"taxonomy":"product_tag","embeddable":true,"href":"https:\/\/roveyayinevi.com.tr\/index.php\/wp-json\/wp\/v2\/product_tag?post=755862"}],"curies":[{"name":"wp","href":"https:\/\/api.w.org\/{rel}","templated":true}]}}