{"id":755859,"date":"2025-08-28T06:51:14","date_gmt":"2025-08-28T03:51:14","guid":{"rendered":"https:\/\/roveyayinevi.com.tr\/index.php\/urun\/dinden-felsefeye-2\/"},"modified":"2026-04-16T03:08:54","modified_gmt":"2026-04-16T00:08:54","slug":"dinden-felsefeye-2","status":"publish","type":"product","link":"https:\/\/roveyayinevi.com.tr\/index.php\/urun\/dinden-felsefeye-2\/","title":{"rendered":"Dinden Felsefeye"},"content":{"rendered":"<p>\u201cDin\u201d ve \u201cfelsefe\u201d s\u00f6zc\u00fckleri, belki de bir\u00e7ok insan i\u00e7in, aralar\u0131nda bir t\u00fcr gerilim yahut bir s\u0131n\u0131r sava\u015f\u0131 olan iki ayr\u0131 d\u00fc\u015f\u00fcnce alan\u0131n\u0131 ifade eder.  Kendi ku\u015fa\u011f\u0131n\u0131n se\u00e7kin Antik \u00c7a\u011f felsefesi uzmanlar\u0131ndan biri olan Cornford, bu \u00f6nemli eserinde bilimin ve sistematik spek\u00fclasyonun izini s\u00fcr\u00fcyor. Felsefe ger\u00e7ekten Antik Yunan\u2019da m\u0131 ba\u015flam\u0131\u015ft\u0131r? Yahut Antik Yunan anlay\u0131\u015f\u0131ndaki din\u00ee alg\u0131n\u0131n g\u00f6rece \u00f6zg\u00fcrl\u00fc\u011f\u00fc, felsefenin burada do\u011fu\u015funa \u00f6nayak m\u0131 olmu\u015ftur? Cornford bu sorular\u0131n yan\u0131tlar\u0131n\u0131 ara\u015ft\u0131r\u0131rken bir yandan felsefenin nas\u0131l olup da tarihsel olarak bizzat Antik Yunan\u2019\u0131n i\u00e7inden gelen mitoloji ve dinde gizli oldu\u011funu tart\u0131\u015f\u0131yor, \u00f6te yandan Kader, Tanr\u0131, Ruh, Madde, Do\u011fa ve \u00d6l\u00fcms\u00fczl\u00fck gibi kavramlar\u0131n da efsanevi g\u00f6r\u00fcnen \u00f6nc\u00fcllerine \u0131\u015f\u0131k tutuyor.  Dinden Felsefeye \u00e2deta, bilimsel d\u00fc\u015f\u00fcnce ile sosyal ve duygusal deneyimlerimiz aras\u0131nda varl\u0131\u011f\u0131n\u0131 s\u00fcrd\u00fcrmeye devam eden ba\u011flant\u0131lar\u0131n bir hat\u0131rlat\u0131c\u0131s\u0131 gibi. <\/p>\n","protected":false},"excerpt":{"rendered":"<p>\u201cDin\u201d ve \u201cfelsefe\u201d s\u00f6zc\u00fckleri, belki de bir\u00e7ok insan i\u00e7in, aralar\u0131nda bir t\u00fcr gerilim yahut bir s\u0131n\u0131r sava\u015f\u0131 olan iki ayr\u0131 d\u00fc\u015f\u00fcnce alan\u0131n\u0131 ifade eder. Kendi ku\u015fa\u011f\u0131n\u0131n<span class=\"excerpt-hellip\"> [\u2026]<\/span><\/p>\n","protected":false},"featured_media":0,"template":"","meta":{"_monsterinsights_skip_tracking":false,"_monsterinsights_sitenote_active":false,"_monsterinsights_sitenote_note":"","_monsterinsights_sitenote_category":0},"product_brand":[],"product_cat":[12388],"product_tag":[],"class_list":{"0":"post-755859","1":"product","2":"type-product","3":"status-publish","5":"product_cat-felsefe","6":"pa_cilt-ciltsiz","7":"pa_tur-kitap","8":"pa_yayinevi-say-yayinlari","9":"pa_yazar-francis-macdonald-cornford","11":"first","12":"instock","13":"sale","14":"shipping-taxable","15":"purchasable","16":"product-type-simple"},"_links":{"self":[{"href":"https:\/\/roveyayinevi.com.tr\/index.php\/wp-json\/wp\/v2\/product\/755859","targetHints":{"allow":["GET"]}}],"collection":[{"href":"https:\/\/roveyayinevi.com.tr\/index.php\/wp-json\/wp\/v2\/product"}],"about":[{"href":"https:\/\/roveyayinevi.com.tr\/index.php\/wp-json\/wp\/v2\/types\/product"}],"wp:attachment":[{"href":"https:\/\/roveyayinevi.com.tr\/index.php\/wp-json\/wp\/v2\/media?parent=755859"}],"wp:term":[{"taxonomy":"product_brand","embeddable":true,"href":"https:\/\/roveyayinevi.com.tr\/index.php\/wp-json\/wp\/v2\/product_brand?post=755859"},{"taxonomy":"product_cat","embeddable":true,"href":"https:\/\/roveyayinevi.com.tr\/index.php\/wp-json\/wp\/v2\/product_cat?post=755859"},{"taxonomy":"product_tag","embeddable":true,"href":"https:\/\/roveyayinevi.com.tr\/index.php\/wp-json\/wp\/v2\/product_tag?post=755859"}],"curies":[{"name":"wp","href":"https:\/\/api.w.org\/{rel}","templated":true}]}}