{"id":755858,"date":"2025-08-28T06:51:13","date_gmt":"2025-08-28T03:51:13","guid":{"rendered":"https:\/\/roveyayinevi.com.tr\/index.php\/urun\/aeneas\/"},"modified":"2026-04-16T03:08:54","modified_gmt":"2026-04-16T00:08:54","slug":"aeneas","status":"publish","type":"product","link":"https:\/\/roveyayinevi.com.tr\/index.php\/urun\/aeneas\/","title":{"rendered":"Aeneas"},"content":{"rendered":"<p>Akhilleus\u2019un \u0130lyada\u2019da ki g\u00fc\u00e7l\u00fc d\u00fc\u015fman\u0131 Aeneas Troya\u2019n\u0131n k\u00fcllerinden ka\u00e7\u0131p Roma\u2019n\u0131n kurucusu olarak kaderini ger\u00e7ekle\u015ftirmek i\u00e7in inan\u0131lmaz bir yolculu\u011fa ba\u015flar. Yolculu\u011fu onu f\u0131rt\u0131nal\u0131 denizlere g\u00f6t\u00fcr\u00fcr, trajik bir a\u015fk ili\u015fkisine ve \u00f6l\u00fclerin d\u00fcnyas\u0131na s\u00fcr\u00fckler. Sonunda \u0130talya topraklar\u0131na var\u0131r ve kanl\u0131 sava\u015flardan sonra Roma\u2019y\u0131 kurar. A\u015fk, g\u00f6rev ve kader aras\u0131nda s\u0131k\u0131\u015f\u0131p kalm\u0131\u015f bir adam\u0131n portresini \u00e7izen Aeneas \u00e7a\u011f\u0131m\u0131z i\u00e7in tutkuyu, asaleti ve cesareti yeniden tan\u0131mlarken bir yandan da Roma\u2019n\u0131n b\u00fcy\u00fckl\u00fc\u011f\u00fcn\u00fcn g\u00fcvence alt\u0131na al\u0131nmas\u0131n\u0131n insanl\u0131\u011f\u0131n ac\u0131 \u00e7ekmesiyle \u00f6denmesi gereken bir bedeli oldu\u011funu da g\u00f6zler \u00f6n\u00fcne seriyor. Bir yi\u011fidin sava\u015flar\u0131d\u0131r anlatt\u0131\u011f\u0131m, Troya\u2019dan \u0130lkin \u0130talya\u2019ya, Lavinum k\u0131y\u0131lar\u0131na, yazg\u0131n\u0131n G\u00f6nderdi\u011fi. Nice y\u0131llar s\u00fcresince azg\u0131n Juno\u2019nun K\u0131\u015fk\u0131rtt\u0131\u011f\u0131 tanr\u0131larla u\u011fra\u015fm\u0131\u015f denizde, karada, Nice y\u0131llar sava\u015fm\u0131\u015f, bir kent kurmu\u015f g\u00fc\u00e7l\u00fckle Yerle\u015ftirmi\u015f Latin tanr\u0131lar\u0131n\u0131, tap\u0131m\u0131, Bunlard\u0131r Latin soyunun, Roma\u2019n\u0131n, Alplilerin atalar\u0131. An\u0131msa, s\u00f6yle bana nedenlerini bunun ey Musa, Nedir azd\u0131ran, b\u00f6yle k\u0131zd\u0131ran tanr\u0131\u00e7alar ecesini, O yi\u011fidi s\u0131k\u0131nt\u0131lara sokan, yoran, y\u0131pratan, Nedir g\u00f6ksel varl\u0131klarda bu \u00f6fke, bu h\u0131n\u00e7? <\/p>\n","protected":false},"excerpt":{"rendered":"<p>Akhilleus\u2019un \u0130lyada\u2019da ki g\u00fc\u00e7l\u00fc d\u00fc\u015fman\u0131 Aeneas Troya\u2019n\u0131n k\u00fcllerinden ka\u00e7\u0131p Roma\u2019n\u0131n kurucusu olarak kaderini ger\u00e7ekle\u015ftirmek i\u00e7in inan\u0131lmaz bir yolculu\u011fa ba\u015flar. Yolculu\u011fu onu f\u0131rt\u0131nal\u0131 denizlere g\u00f6t\u00fcr\u00fcr, trajik bir<span class=\"excerpt-hellip\"> [\u2026]<\/span><\/p>\n","protected":false},"featured_media":0,"template":"","meta":{"_monsterinsights_skip_tracking":false,"_monsterinsights_sitenote_active":false,"_monsterinsights_sitenote_note":"","_monsterinsights_sitenote_category":0},"product_brand":[],"product_cat":[12304],"product_tag":[],"class_list":{"0":"post-755858","1":"product","2":"type-product","3":"status-publish","5":"product_cat-tarih","6":"pa_cilt-ciltsiz","7":"pa_tur-kitap","8":"pa_yayinevi-say-yayinlari","9":"pa_yazar-vergilius","11":"first","12":"instock","13":"sale","14":"shipping-taxable","15":"purchasable","16":"product-type-simple"},"_links":{"self":[{"href":"https:\/\/roveyayinevi.com.tr\/index.php\/wp-json\/wp\/v2\/product\/755858","targetHints":{"allow":["GET"]}}],"collection":[{"href":"https:\/\/roveyayinevi.com.tr\/index.php\/wp-json\/wp\/v2\/product"}],"about":[{"href":"https:\/\/roveyayinevi.com.tr\/index.php\/wp-json\/wp\/v2\/types\/product"}],"wp:attachment":[{"href":"https:\/\/roveyayinevi.com.tr\/index.php\/wp-json\/wp\/v2\/media?parent=755858"}],"wp:term":[{"taxonomy":"product_brand","embeddable":true,"href":"https:\/\/roveyayinevi.com.tr\/index.php\/wp-json\/wp\/v2\/product_brand?post=755858"},{"taxonomy":"product_cat","embeddable":true,"href":"https:\/\/roveyayinevi.com.tr\/index.php\/wp-json\/wp\/v2\/product_cat?post=755858"},{"taxonomy":"product_tag","embeddable":true,"href":"https:\/\/roveyayinevi.com.tr\/index.php\/wp-json\/wp\/v2\/product_tag?post=755858"}],"curies":[{"name":"wp","href":"https:\/\/api.w.org\/{rel}","templated":true}]}}