{"id":755855,"date":"2025-08-28T06:51:09","date_gmt":"2025-08-28T03:51:09","guid":{"rendered":"https:\/\/roveyayinevi.com.tr\/index.php\/urun\/disney-hocus-pocus\/"},"modified":"2026-04-11T03:17:37","modified_gmt":"2026-04-11T00:17:37","slug":"disney-hocus-pocus","status":"publish","type":"product","link":"https:\/\/roveyayinevi.com.tr\/index.php\/urun\/disney-hocus-pocus\/","title":{"rendered":"D\u0130SNEY- HOCUS POCUS"},"content":{"rendered":"<p>\u201cYALNIZCA B\u0130RAZ HOCUS POCUS.\u201dG\u00fcne\u015fli California\u2019dan Salem\u2019e yeni ta\u015f\u0131nan Max Dennison yeni kasabada Cad\u0131lar Bayram\u0131\u2019na ili\u015fkin her \u015feye duyulan hayranl\u0131\u011f\u0131 anlamakta g\u00fc\u00e7l\u00fck \u00e7eker. G\u00f6z kama\u015ft\u0131r\u0131c\u0131 s\u0131n\u0131f arkada\u015f\u0131 Allison\u2019I, s\u00f6zde \u00fc\u00e7 cad\u0131n\u0131n bir zamanlar ya\u015fad\u0131\u011f\u0131 eski bir eve giderek etkileme f\u0131rsat\u0131 kar\u015f\u0131s\u0131na \u00e7\u0131k\u0131nca Max kasaban\u0131n bat\u0131l inan\u00e7lar\u0131na inanmad\u0131\u011f\u0131n\u0131 kan\u0131tlamak i\u00e7in hemen harekete ge\u00e7er. Siyah Alevli Mum\u2019u yakar ve \u00fcnl\u00fc k\u00f6t\u00fc cad\u0131lar olan Sanderson karde\u015fleri istemeden hayata d\u00f6nd\u00fcr\u00fcr. \u015eimdi cad\u0131lar\u0131n sevgili b\u00fcy\u00fc kitaplar\u0131n\u0131 ele ge\u00e7irmelerine engel olmak Max\u2019\u0131n karde\u015fi Danni\u2019nin, Allison\u2019\u0131n ve yeni arkada\u015flar\u0131, konu\u015fan kedi Binx\u2019in elindedir. Cad\u0131lar\u0131n kasabadaki \u00e7ocuklar\u0131n hayat enerjilerini emmesini engelleyebilirlerse, Sanderson karde\u015fler toza d\u00f6n\u00fc\u015fecektir. Ama ba\u015far\u0131s\u0131z olurlarsa cad\u0131lar \u00f6l\u00fcms\u00fcz olacak ve sonsuza kadar Salem\u2019e i\u015fkence edecektir.Cad\u0131lar Bayram\u0131\u2019n\u0131 konu eden k\u00fclt filmlerden biri olan Hocus Pocus\u2019un \u00fcnl\u00fc illustrator Gris Grimly taraf\u0131ndan resimlendirilen bu ihti\u015faml\u0131 roman\u0131n\u0131 filmin hayranlar\u0131 mutlaka okumal\u0131.<\/p>\n","protected":false},"excerpt":{"rendered":"<p>\u201cYALNIZCA B\u0130RAZ HOCUS POCUS.\u201dG\u00fcne\u015fli California\u2019dan Salem\u2019e yeni ta\u015f\u0131nan Max Dennison yeni kasabada Cad\u0131lar Bayram\u0131\u2019na ili\u015fkin her \u015feye duyulan hayranl\u0131\u011f\u0131 anlamakta g\u00fc\u00e7l\u00fck \u00e7eker. G\u00f6z kama\u015ft\u0131r\u0131c\u0131 s\u0131n\u0131f arkada\u015f\u0131<span class=\"excerpt-hellip\"> [\u2026]<\/span><\/p>\n","protected":false},"featured_media":0,"template":"","meta":{"_monsterinsights_skip_tracking":false,"_monsterinsights_sitenote_active":false,"_monsterinsights_sitenote_note":"","_monsterinsights_sitenote_category":0},"product_brand":[],"product_cat":[12291,12711],"product_tag":[],"class_list":{"0":"post-755855","1":"product","2":"type-product","3":"status-publish","5":"product_cat-edebiyat","6":"product_cat-roman-oyku","7":"pa_cilt-ciltsiz","8":"pa_tur-kitap","9":"pa_yayinevi-beta-byou","10":"pa_yazar-beta-kolektif","12":"first","13":"instock","14":"sale","15":"shipping-taxable","16":"purchasable","17":"product-type-simple"},"_links":{"self":[{"href":"https:\/\/roveyayinevi.com.tr\/index.php\/wp-json\/wp\/v2\/product\/755855","targetHints":{"allow":["GET"]}}],"collection":[{"href":"https:\/\/roveyayinevi.com.tr\/index.php\/wp-json\/wp\/v2\/product"}],"about":[{"href":"https:\/\/roveyayinevi.com.tr\/index.php\/wp-json\/wp\/v2\/types\/product"}],"wp:attachment":[{"href":"https:\/\/roveyayinevi.com.tr\/index.php\/wp-json\/wp\/v2\/media?parent=755855"}],"wp:term":[{"taxonomy":"product_brand","embeddable":true,"href":"https:\/\/roveyayinevi.com.tr\/index.php\/wp-json\/wp\/v2\/product_brand?post=755855"},{"taxonomy":"product_cat","embeddable":true,"href":"https:\/\/roveyayinevi.com.tr\/index.php\/wp-json\/wp\/v2\/product_cat?post=755855"},{"taxonomy":"product_tag","embeddable":true,"href":"https:\/\/roveyayinevi.com.tr\/index.php\/wp-json\/wp\/v2\/product_tag?post=755855"}],"curies":[{"name":"wp","href":"https:\/\/api.w.org\/{rel}","templated":true}]}}