{"id":755854,"date":"2025-08-28T06:51:07","date_gmt":"2025-08-28T03:51:07","guid":{"rendered":"https:\/\/roveyayinevi.com.tr\/index.php\/urun\/disney-kotulugun-gucu-moorsun-kalbi\/"},"modified":"2026-04-11T03:17:37","modified_gmt":"2026-04-11T00:17:37","slug":"disney-kotulugun-gucu-moorsun-kalbi","status":"publish","type":"product","link":"https:\/\/roveyayinevi.com.tr\/index.php\/urun\/disney-kotulugun-gucu-moorsun-kalbi\/","title":{"rendered":"DISNEY K\u00d6T\u00dcL\u00dc\u011e\u00dcN G\u00dcC\u00dc MOORS\u2019UN KALB\u0130"},"content":{"rendered":"<p>Aurora uyumaktan nefret ediyordu. Yatak \u00f6rtu\u0308lerinin alt\u0131na giriyor, penceresinden d\u0131\u015far\u0131daki y\u0131ld\u0131zlara bakarken kendisini g\u00f6zlerini yummas\u0131n\u0131n hi\u00e7bir tehlikesi olmad\u0131\u011f\u0131na ve sabah uyanaca\u011f\u0131na ikna etmeye \u00e7al\u0131\u015f\u0131yordu. Yu\u0308z y\u0131l boyunca uyumayacakt\u0131. Bu\u0308yu\u0308 bozulmu\u015ftu. Lanet kalkm\u0131\u015ft\u0131. Ne var ki \u00e7o\u011fu gece Aurora ancak ufukta \u015fafa\u011f\u0131n pembesi belirdi\u011finde uykuya dalabiliyordu. \u00c7o\u011fu sabah da yorgun uyan\u0131yordu. Baz\u0131 gu\u0308nler yataktan gu\u0308\u00e7lu\u0308kle kalkabiliyordu. Yine de ertesi gece geldi\u011finde korku yeni ba\u015ftan i\u00e7inisar\u0131yordu. Uyumak ona derin bir kuyuya du\u0308\u015fmek gibi geliyordu, ne yaparsa yaps\u0131n i\u00e7inden \u00e7\u0131kamayaca\u011f\u0131 bir kuyuydu bu.<\/p>\n","protected":false},"excerpt":{"rendered":"<p>Aurora uyumaktan nefret ediyordu. Yatak \u00f6rtu\u0308lerinin alt\u0131na giriyor, penceresinden d\u0131\u015far\u0131daki y\u0131ld\u0131zlara bakarken kendisini g\u00f6zlerini yummas\u0131n\u0131n hi\u00e7bir tehlikesi olmad\u0131\u011f\u0131na ve sabah uyanaca\u011f\u0131na ikna etmeye \u00e7al\u0131\u015f\u0131yordu. Yu\u0308z y\u0131l<span class=\"excerpt-hellip\"> [\u2026]<\/span><\/p>\n","protected":false},"featured_media":0,"template":"","meta":{"_monsterinsights_skip_tracking":false,"_monsterinsights_sitenote_active":false,"_monsterinsights_sitenote_note":"","_monsterinsights_sitenote_category":0},"product_brand":[],"product_cat":[12291,12711],"product_tag":[],"class_list":{"0":"post-755854","1":"product","2":"type-product","3":"status-publish","5":"product_cat-edebiyat","6":"product_cat-roman-oyku","7":"pa_cilt-ciltsiz","8":"pa_tur-kitap","9":"pa_yayinevi-beta-byou","10":"pa_yazar-holly-black","12":"first","13":"instock","14":"sale","15":"shipping-taxable","16":"purchasable","17":"product-type-simple"},"_links":{"self":[{"href":"https:\/\/roveyayinevi.com.tr\/index.php\/wp-json\/wp\/v2\/product\/755854","targetHints":{"allow":["GET"]}}],"collection":[{"href":"https:\/\/roveyayinevi.com.tr\/index.php\/wp-json\/wp\/v2\/product"}],"about":[{"href":"https:\/\/roveyayinevi.com.tr\/index.php\/wp-json\/wp\/v2\/types\/product"}],"wp:attachment":[{"href":"https:\/\/roveyayinevi.com.tr\/index.php\/wp-json\/wp\/v2\/media?parent=755854"}],"wp:term":[{"taxonomy":"product_brand","embeddable":true,"href":"https:\/\/roveyayinevi.com.tr\/index.php\/wp-json\/wp\/v2\/product_brand?post=755854"},{"taxonomy":"product_cat","embeddable":true,"href":"https:\/\/roveyayinevi.com.tr\/index.php\/wp-json\/wp\/v2\/product_cat?post=755854"},{"taxonomy":"product_tag","embeddable":true,"href":"https:\/\/roveyayinevi.com.tr\/index.php\/wp-json\/wp\/v2\/product_tag?post=755854"}],"curies":[{"name":"wp","href":"https:\/\/api.w.org\/{rel}","templated":true}]}}