{"id":755852,"date":"2025-08-28T06:51:03","date_gmt":"2025-08-28T03:51:03","guid":{"rendered":"https:\/\/roveyayinevi.com.tr\/index.php\/urun\/iyi-baba\/"},"modified":"2026-04-16T03:08:54","modified_gmt":"2026-04-16T00:08:54","slug":"iyi-baba","status":"publish","type":"product","link":"https:\/\/roveyayinevi.com.tr\/index.php\/urun\/iyi-baba\/","title":{"rendered":"\u0130Y\u0130 BABA"},"content":{"rendered":"<p>\u0130yi Baba! Baba Travmas\u0131!\u201cDingin ritimler, s\u0131n\u0131rl\u0131 limitler ve irdelenmi\u015f bir bi\u00e7imcilik vas\u0131tas\u0131yla Nadia Hafid, gu\u0308zel ve ikonik u\u0308slubunu kullanarak bizi \u00e7ocuklu\u011fun masumiyetine, \u00e7\u0131kmazlara, \u00f6nyarg\u0131lara ve bir aile ya\u015fam\u0131n\u0131n i\u00e7inden ge\u00e7ti\u011fi gu\u0308\u00e7 rutine sevk ediyor.\u201d\u201cZorunluklar, kurumlar ve ayr\u0131mc\u0131l\u0131klar bata\u011f\u0131na su\u0308ru\u0308klenmi\u015f bir baban\u0131n haz\u0131r bulunmay\u0131\u015f\u0131n\u0131n ac\u0131 ama ger\u00e7ek kan\u0131t\u0131, hayatta kalmay\u0131 \u00f6\u011frenen bir ailenin a\u00e7\u0131k se\u00e7ik portresi; Nadia Hafid\u2019in ba\u015flang\u0131\u00e7 \u00e7izgi roman\u0131, anlat\u0131msal olgunlu\u011fu dolay\u0131s\u0131yla sars\u0131c\u0131.\u201d<\/p>\n","protected":false},"excerpt":{"rendered":"<p>\u0130yi Baba! Baba Travmas\u0131!\u201cDingin ritimler, s\u0131n\u0131rl\u0131 limitler ve irdelenmi\u015f bir bi\u00e7imcilik vas\u0131tas\u0131yla Nadia Hafid, gu\u0308zel ve ikonik u\u0308slubunu kullanarak bizi \u00e7ocuklu\u011fun masumiyetine, \u00e7\u0131kmazlara, \u00f6nyarg\u0131lara ve bir<span class=\"excerpt-hellip\"> [\u2026]<\/span><\/p>\n","protected":false},"featured_media":0,"template":"","meta":{"_monsterinsights_skip_tracking":false,"_monsterinsights_sitenote_active":false,"_monsterinsights_sitenote_note":"","_monsterinsights_sitenote_category":0},"product_brand":[],"product_cat":[12416,12291],"product_tag":[],"class_list":{"0":"post-755852","1":"product","2":"type-product","3":"status-publish","5":"product_cat-cizgi-roman","6":"product_cat-edebiyat","7":"pa_cilt-ciltsiz","8":"pa_tur-kitap","9":"pa_yayinevi-beta-byou","10":"pa_yazar-nadia-hafid","12":"first","13":"instock","14":"sale","15":"shipping-taxable","16":"purchasable","17":"product-type-simple"},"_links":{"self":[{"href":"https:\/\/roveyayinevi.com.tr\/index.php\/wp-json\/wp\/v2\/product\/755852","targetHints":{"allow":["GET"]}}],"collection":[{"href":"https:\/\/roveyayinevi.com.tr\/index.php\/wp-json\/wp\/v2\/product"}],"about":[{"href":"https:\/\/roveyayinevi.com.tr\/index.php\/wp-json\/wp\/v2\/types\/product"}],"wp:attachment":[{"href":"https:\/\/roveyayinevi.com.tr\/index.php\/wp-json\/wp\/v2\/media?parent=755852"}],"wp:term":[{"taxonomy":"product_brand","embeddable":true,"href":"https:\/\/roveyayinevi.com.tr\/index.php\/wp-json\/wp\/v2\/product_brand?post=755852"},{"taxonomy":"product_cat","embeddable":true,"href":"https:\/\/roveyayinevi.com.tr\/index.php\/wp-json\/wp\/v2\/product_cat?post=755852"},{"taxonomy":"product_tag","embeddable":true,"href":"https:\/\/roveyayinevi.com.tr\/index.php\/wp-json\/wp\/v2\/product_tag?post=755852"}],"curies":[{"name":"wp","href":"https:\/\/api.w.org\/{rel}","templated":true}]}}