{"id":755851,"date":"2025-08-28T06:51:02","date_gmt":"2025-08-28T03:51:02","guid":{"rendered":"https:\/\/roveyayinevi.com.tr\/index.php\/urun\/disney-korku-kabus-gibi\/"},"modified":"2026-04-16T03:08:54","modified_gmt":"2026-04-16T00:08:54","slug":"disney-korku-kabus-gibi","status":"publish","type":"product","link":"https:\/\/roveyayinevi.com.tr\/index.php\/urun\/disney-korku-kabus-gibi\/","title":{"rendered":"D\u0130SNEY &#8211; KORKU KABUS G\u0130B\u0130"},"content":{"rendered":"<p>Gece lamban\u0131 yak sevgili okur ve KORKMAYA haz\u0131rlan!On bir ya\u015f\u0131ndaki Shelly Anderson\u2019\u0131n tek bir hayali vard\u0131: Pop\u00fcler olmak. Shelly annesiyle babas\u0131 ayr\u0131l\u0131ncayeni bir okula ba\u015flad\u0131. Bu yetmezmi\u015f gibi, yeni bir y\u00fczme tak\u0131m\u0131na kat\u0131lmak ve hi\u00e7 tan\u0131mad\u0131\u011f\u0131 bir \u00e7evreye girmek zorundayd\u0131. O y\u00fczden haval\u0131 \u00e7ocuklar\u0131n onu sevmesini istemesinde nas\u0131l bir sak\u0131nca olabilir ki?\u00c7ok \u015fey mi istemi\u015fti? Shell, k\u00f6t\u00fc deniz cad\u0131s\u0131n\u0131 hayat\u0131na sokan gizemli bir notilus kabu\u011fu bulundu\u011funda, onu okuldaki en haval\u0131 k\u0131zlardan k\u0131lacak bir anla\u015fma yapma f\u0131rsat\u0131na bal\u0131klama atlad\u0131. Fakat dile\u011fi istedi\u011fi gibi sonu\u00e7lanmad\u0131 ve \u015fimdi, kaderini sonsuza dek de\u011fi\u015ftirmeden \u00f6nce, cad\u0131yla yapt\u0131\u011f\u0131 anla\u015fmadan s\u0131yr\u0131lman\u0131n bir yolunu bulmal\u0131!<\/p>\n","protected":false},"excerpt":{"rendered":"<p>Gece lamban\u0131 yak sevgili okur ve KORKMAYA haz\u0131rlan!On bir ya\u015f\u0131ndaki Shelly Anderson\u2019\u0131n tek bir hayali vard\u0131: Pop\u00fcler olmak. Shelly annesiyle babas\u0131 ayr\u0131l\u0131ncayeni bir okula ba\u015flad\u0131. Bu<span class=\"excerpt-hellip\"> [\u2026]<\/span><\/p>\n","protected":false},"featured_media":0,"template":"","meta":{"_monsterinsights_skip_tracking":false,"_monsterinsights_sitenote_active":false,"_monsterinsights_sitenote_note":"","_monsterinsights_sitenote_category":0},"product_brand":[],"product_cat":[12274,12284],"product_tag":[],"class_list":{"0":"post-755851","1":"product","2":"type-product","3":"status-publish","5":"product_cat-cocuk-ve-genclik-kitaplari","6":"product_cat-hikayeler","7":"pa_cilt-ciltsiz","8":"pa_tur-kitap","9":"pa_yayinevi-beta-byou","10":"pa_yazar-vera-strange","12":"first","13":"instock","14":"sale","15":"shipping-taxable","16":"purchasable","17":"product-type-simple"},"_links":{"self":[{"href":"https:\/\/roveyayinevi.com.tr\/index.php\/wp-json\/wp\/v2\/product\/755851","targetHints":{"allow":["GET"]}}],"collection":[{"href":"https:\/\/roveyayinevi.com.tr\/index.php\/wp-json\/wp\/v2\/product"}],"about":[{"href":"https:\/\/roveyayinevi.com.tr\/index.php\/wp-json\/wp\/v2\/types\/product"}],"wp:attachment":[{"href":"https:\/\/roveyayinevi.com.tr\/index.php\/wp-json\/wp\/v2\/media?parent=755851"}],"wp:term":[{"taxonomy":"product_brand","embeddable":true,"href":"https:\/\/roveyayinevi.com.tr\/index.php\/wp-json\/wp\/v2\/product_brand?post=755851"},{"taxonomy":"product_cat","embeddable":true,"href":"https:\/\/roveyayinevi.com.tr\/index.php\/wp-json\/wp\/v2\/product_cat?post=755851"},{"taxonomy":"product_tag","embeddable":true,"href":"https:\/\/roveyayinevi.com.tr\/index.php\/wp-json\/wp\/v2\/product_tag?post=755851"}],"curies":[{"name":"wp","href":"https:\/\/api.w.org\/{rel}","templated":true}]}}