{"id":755850,"date":"2025-08-28T06:51:01","date_gmt":"2025-08-28T03:51:01","guid":{"rendered":"https:\/\/roveyayinevi.com.tr\/index.php\/urun\/disney-korku-oteki-taraftaki-dusmanlar\/"},"modified":"2026-04-16T03:08:54","modified_gmt":"2026-04-16T00:08:54","slug":"disney-korku-oteki-taraftaki-dusmanlar","status":"publish","type":"product","link":"https:\/\/roveyayinevi.com.tr\/index.php\/urun\/disney-korku-oteki-taraftaki-dusmanlar\/","title":{"rendered":"D\u0130SNEY &#8211; KORKU \u00d6TEK\u0130 TARAFTAK\u0130 D\u00dc\u015eMANLAR"},"content":{"rendered":"<p>Gece lamban\u0131 yak sevgili okur ve KORKMAYA haz\u0131rlan!\u201cBen bir s\u00fcr\u00fc \u015fey biliyorum. Onlardan biri de sende bana ait \u015feyin oldu\u011fu\u2026\u201dOn iki ya\u015f\u0131ndaki Jamal, hayat\u0131 boyunca ikiz karde\u015fi Malik\u2019in g\u00f6lgesinde ya\u015fad\u0131. Pop\u00fcler, yetenekli ve \u00f6z g\u00fcven sahibi karde\u015finin yerinde olman\u0131n nas\u0131l bir his oldu\u011funu bir g\u00fcnl\u00fc\u011f\u00fcne de olsa tatmak d\u00fcnyada en \u00e7ok istedi\u011fi \u015feydi. Bir g\u00fcn, Doktor Facilier isimli gizemli bir adam ortaya \u00e7\u0131k\u0131p Jamal\u2019a diledi\u011fini ger\u00e7ekle\u015ftirme \u015fansu sundu ve Jamal, bu teklife direnemedi. Ancak ertesi g\u00fcn uyand\u0131\u011f\u0131nda, ger\u00e7ekle\u015fen hayalinin korkun\u00e7 bir bedeli oldu\u011funu g\u00f6rd\u00fc. \u0130nsanlar\u0131n \u201cAsla G\u00f6lge Adam\u2019la anla\u015fma yapma,\u201d demelerinin bir sebebi vard\u0131 ve Jamal, bunun ne oldu\u011funu \u00f6\u011frenmek \u00fczereydi.<\/p>\n","protected":false},"excerpt":{"rendered":"<p>Gece lamban\u0131 yak sevgili okur ve KORKMAYA haz\u0131rlan!\u201cBen bir s\u00fcr\u00fc \u015fey biliyorum. Onlardan biri de sende bana ait \u015feyin oldu\u011fu\u2026\u201dOn iki ya\u015f\u0131ndaki Jamal, hayat\u0131 boyunca ikiz<span class=\"excerpt-hellip\"> [\u2026]<\/span><\/p>\n","protected":false},"featured_media":0,"template":"","meta":{"_monsterinsights_skip_tracking":false,"_monsterinsights_sitenote_active":false,"_monsterinsights_sitenote_note":"","_monsterinsights_sitenote_category":0},"product_brand":[],"product_cat":[12291],"product_tag":[],"class_list":{"0":"post-755850","1":"product","2":"type-product","3":"status-publish","5":"product_cat-edebiyat","6":"pa_cilt-ciltsiz","7":"pa_tur-kitap","8":"pa_yayinevi-beta-byou","9":"pa_yazar-vera-strange","11":"first","12":"instock","13":"sale","14":"shipping-taxable","15":"purchasable","16":"product-type-simple"},"_links":{"self":[{"href":"https:\/\/roveyayinevi.com.tr\/index.php\/wp-json\/wp\/v2\/product\/755850","targetHints":{"allow":["GET"]}}],"collection":[{"href":"https:\/\/roveyayinevi.com.tr\/index.php\/wp-json\/wp\/v2\/product"}],"about":[{"href":"https:\/\/roveyayinevi.com.tr\/index.php\/wp-json\/wp\/v2\/types\/product"}],"wp:attachment":[{"href":"https:\/\/roveyayinevi.com.tr\/index.php\/wp-json\/wp\/v2\/media?parent=755850"}],"wp:term":[{"taxonomy":"product_brand","embeddable":true,"href":"https:\/\/roveyayinevi.com.tr\/index.php\/wp-json\/wp\/v2\/product_brand?post=755850"},{"taxonomy":"product_cat","embeddable":true,"href":"https:\/\/roveyayinevi.com.tr\/index.php\/wp-json\/wp\/v2\/product_cat?post=755850"},{"taxonomy":"product_tag","embeddable":true,"href":"https:\/\/roveyayinevi.com.tr\/index.php\/wp-json\/wp\/v2\/product_tag?post=755850"}],"curies":[{"name":"wp","href":"https:\/\/api.w.org\/{rel}","templated":true}]}}