{"id":755849,"date":"2025-08-28T06:50:59","date_gmt":"2025-08-28T03:50:59","guid":{"rendered":"https:\/\/roveyayinevi.com.tr\/index.php\/urun\/disney-cruella-selam-zalim-yurek\/"},"modified":"2026-04-11T03:17:37","modified_gmt":"2026-04-11T00:17:37","slug":"disney-cruella-selam-zalim-yurek","status":"publish","type":"product","link":"https:\/\/roveyayinevi.com.tr\/index.php\/urun\/disney-cruella-selam-zalim-yurek\/","title":{"rendered":"D\u0130SNEY-  CRUELLA SELAM ZAL\u0130M Y\u00dcREK"},"content":{"rendered":"<p>B\u0130R ZAMANLAR O DA \u0130Y\u0130 OLMAK \u0130STEM\u0130\u015eT\u0130&#8230;New York Times \u00e7oksatar yazar\u0131ndan orijinal bir hik\u00e2ye.MAUREEN JOHNSONCRUELLADE VIL OLMADAN \u00d6NCE&#8230;1967 yaz\u0131, Haval\u0131 Londra. On alt\u0131 ya\u015f\u0131nda, do\u011fu\u015ftan \u00f6zel bir yetene\u011fe sahip, yarat\u0131c\u0131 ve h\u0131rsl\u0131 Estella, u\u0308nlu\u0308 bir moda tasar\u0131mc\u0131s\u0131 olman\u0131n hayalini kurar. Ancak hayat, hayallerine ula\u015famayaca\u011f\u0131n\u0131 ona kan\u0131tlamaya kararl\u0131d\u0131r: Zaman\u0131n\u0131, ku\u0308\u00e7u\u0308k bir k\u0131zken geldi\u011fi Londra\u2019da hem ailesi yerine koydu\u011fu hem de ufak su\u00e7lar\u0131na ortakl\u0131k etti\u011fi amat\u00f6r h\u0131rs\u0131zlar Jasper ve Horace ile serserilik yaparak ge\u00e7irmektedir. Gu\u0308nleri bu u\u0308\u00e7lu\u0308nu\u0308n h\u0131rs\u0131zl\u0131klar\u0131 i\u00e7inkostu\u0308m ve hileli k\u0131yafetler dikerek ak\u0131p giderken, Estella kendini  moda du\u0308nyas\u0131n\u0131n elitleri aras\u0131na sokmaya nas\u0131l adayabilir ki? Yolu \u015fans eseri yu\u0308ksek sosyeteyeden Magda ve Richard Moresby-Plum ile kesi\u015fip zengin ve u\u0308nlu\u0308lerin du\u0308nyas\u0131na ad\u0131m att\u0131\u011f\u0131nda, Estella kaderinde umdu\u011fundan fazlas\u0131n\u0131n olup olamayaca\u011f\u0131n\u0131 merak etmeye ba\u015flar. Estella\u2019n\u0131n du\u0308nyas\u0131 birdenbire g\u00f6rkemli partiler, ayr\u0131cal\u0131kl\u0131 ki\u015filer, \u00f6zel lokantalar, gelece\u011fi parlak bir rock y\u0131ld\u0131z\u0131yla ya\u015fad\u0131\u011f\u0131 fl\u00f6rt ve elbette paran\u0131n sat\u0131n alabilece\u011fi en son moda k\u0131yafetlerle dolar. Ancak bu insanlarla tak\u0131lmak ona neye mal olacakt\u0131r? Ve Estella tu\u0308m bunlar\u0131n bedelini \u00f6demeye haz\u0131r m\u0131d\u0131r?<\/p>\n","protected":false},"excerpt":{"rendered":"<p>B\u0130R ZAMANLAR O DA \u0130Y\u0130 OLMAK \u0130STEM\u0130\u015eT\u0130&#8230;New York Times \u00e7oksatar yazar\u0131ndan orijinal bir hik\u00e2ye.MAUREEN JOHNSONCRUELLADE VIL OLMADAN \u00d6NCE&#8230;1967 yaz\u0131, Haval\u0131 Londra. On alt\u0131 ya\u015f\u0131nda, do\u011fu\u015ftan \u00f6zel<span class=\"excerpt-hellip\"> [\u2026]<\/span><\/p>\n","protected":false},"featured_media":0,"template":"","meta":{"_monsterinsights_skip_tracking":false,"_monsterinsights_sitenote_active":false,"_monsterinsights_sitenote_note":"","_monsterinsights_sitenote_category":0},"product_brand":[],"product_cat":[12291,12711],"product_tag":[],"class_list":{"0":"post-755849","1":"product","2":"type-product","3":"status-publish","5":"product_cat-edebiyat","6":"product_cat-roman-oyku","7":"pa_cilt-ciltsiz","8":"pa_tur-kitap","9":"pa_yayinevi-beta-byou","10":"pa_yazar-maureen-johnson","12":"first","13":"instock","14":"sale","15":"shipping-taxable","16":"purchasable","17":"product-type-simple"},"_links":{"self":[{"href":"https:\/\/roveyayinevi.com.tr\/index.php\/wp-json\/wp\/v2\/product\/755849","targetHints":{"allow":["GET"]}}],"collection":[{"href":"https:\/\/roveyayinevi.com.tr\/index.php\/wp-json\/wp\/v2\/product"}],"about":[{"href":"https:\/\/roveyayinevi.com.tr\/index.php\/wp-json\/wp\/v2\/types\/product"}],"wp:attachment":[{"href":"https:\/\/roveyayinevi.com.tr\/index.php\/wp-json\/wp\/v2\/media?parent=755849"}],"wp:term":[{"taxonomy":"product_brand","embeddable":true,"href":"https:\/\/roveyayinevi.com.tr\/index.php\/wp-json\/wp\/v2\/product_brand?post=755849"},{"taxonomy":"product_cat","embeddable":true,"href":"https:\/\/roveyayinevi.com.tr\/index.php\/wp-json\/wp\/v2\/product_cat?post=755849"},{"taxonomy":"product_tag","embeddable":true,"href":"https:\/\/roveyayinevi.com.tr\/index.php\/wp-json\/wp\/v2\/product_tag?post=755849"}],"curies":[{"name":"wp","href":"https:\/\/api.w.org\/{rel}","templated":true}]}}