{"id":755848,"date":"2025-08-28T06:50:57","date_gmt":"2025-08-28T03:50:57","guid":{"rendered":"https:\/\/roveyayinevi.com.tr\/index.php\/urun\/disney-kotulukler-kralicesi-karanlik-perinin-hikayesi\/"},"modified":"2026-04-11T03:17:37","modified_gmt":"2026-04-11T00:17:37","slug":"disney-kotulukler-kralicesi-karanlik-perinin-hikayesi","status":"publish","type":"product","link":"https:\/\/roveyayinevi.com.tr\/index.php\/urun\/disney-kotulukler-kralicesi-karanlik-perinin-hikayesi\/","title":{"rendered":"DISNEY- K\u00d6T\u00dcL\u00dcKLER KRAL\u0130\u00c7ES\u0130 KARANLIK PER\u0130\u2019N\u0130N H\u0130K\u00c2YES\u0130"},"content":{"rendered":"<p>Hik\u00e2ye sanki bir ru\u0308yada ge\u00e7iyormu\u015f gibi anlat\u0131l\u0131r: Gu\u0308zel gen\u00e7 k\u0131z yak\u0131\u015f\u0131kl\u0131 prens ile tan\u0131\u015f\u0131r. Bu hik\u00e2ye pek \u00e7ok kez ve pek \u00e7ok farkl\u0131 \u015fekilde anlat\u0131lm\u0131\u015ft\u0131r. Ancak gen\u00e7 k\u0131z her versiyonun sonunda daima prenses oldu\u011funu \u00f6\u011frenir: Karanl\u0131k Peri taraf\u0131ndan ebed\u00ee uykuya mahkum edilen bir prenses. \u00dc\u00e7 iyi peri onu korumaya \u00e7al\u0131\u015fsa da, prenses lanete yenik du\u0308\u015fer. Ne var ki, prens ate\u015f soluyan ejderhay\u0131 yenip Ger\u00e7ek A\u015fk\u0131n \u00d6pu\u0308cu\u0308\u011fu\u0308 ile prensesi uyand\u0131r\u0131nca iyili\u011fin gu\u0308cu\u0308 kazan\u0131r.Gelgelelim, bu hik\u00e2yenin sadece bir k\u0131sm\u0131. Peki ya Karanl\u0131k Peri Malefiz? Masum prensesi neden lanetlemi\u015ftir? Onun amac\u0131n\u0131 a\u00e7\u0131klamaya \u00e7al\u0131\u015fan pek \u00e7ok hik\u00e2ye vard\u0131r. Bu da as\u0131rlard\u0131r nesilden nesle aktar\u0131lan o hik\u00e2yelerden biri. Sevginin ve ihanetin, bu\u0308yu\u0308lerinve du\u0308\u015flerin hik\u00e2yesi. K\u00f6tu\u0308lu\u0308kler Krali\u00e7esi\u2019nin hik\u00e2yesi.<\/p>\n","protected":false},"excerpt":{"rendered":"<p>Hik\u00e2ye sanki bir ru\u0308yada ge\u00e7iyormu\u015f gibi anlat\u0131l\u0131r: Gu\u0308zel gen\u00e7 k\u0131z yak\u0131\u015f\u0131kl\u0131 prens ile tan\u0131\u015f\u0131r. Bu hik\u00e2ye pek \u00e7ok kez ve pek \u00e7ok farkl\u0131 \u015fekilde anlat\u0131lm\u0131\u015ft\u0131r. Ancak<span class=\"excerpt-hellip\"> [\u2026]<\/span><\/p>\n","protected":false},"featured_media":0,"template":"","meta":{"_monsterinsights_skip_tracking":false,"_monsterinsights_sitenote_active":false,"_monsterinsights_sitenote_note":"","_monsterinsights_sitenote_category":0},"product_brand":[],"product_cat":[12291,12711],"product_tag":[],"class_list":{"0":"post-755848","1":"product","2":"type-product","3":"status-publish","5":"product_cat-edebiyat","6":"product_cat-roman-oyku","7":"pa_cilt-ciltsiz","8":"pa_tur-kitap","9":"pa_yayinevi-beta-byou","10":"pa_yazar-serena-valentino","12":"first","13":"instock","14":"sale","15":"shipping-taxable","16":"purchasable","17":"product-type-simple"},"_links":{"self":[{"href":"https:\/\/roveyayinevi.com.tr\/index.php\/wp-json\/wp\/v2\/product\/755848","targetHints":{"allow":["GET"]}}],"collection":[{"href":"https:\/\/roveyayinevi.com.tr\/index.php\/wp-json\/wp\/v2\/product"}],"about":[{"href":"https:\/\/roveyayinevi.com.tr\/index.php\/wp-json\/wp\/v2\/types\/product"}],"wp:attachment":[{"href":"https:\/\/roveyayinevi.com.tr\/index.php\/wp-json\/wp\/v2\/media?parent=755848"}],"wp:term":[{"taxonomy":"product_brand","embeddable":true,"href":"https:\/\/roveyayinevi.com.tr\/index.php\/wp-json\/wp\/v2\/product_brand?post=755848"},{"taxonomy":"product_cat","embeddable":true,"href":"https:\/\/roveyayinevi.com.tr\/index.php\/wp-json\/wp\/v2\/product_cat?post=755848"},{"taxonomy":"product_tag","embeddable":true,"href":"https:\/\/roveyayinevi.com.tr\/index.php\/wp-json\/wp\/v2\/product_tag?post=755848"}],"curies":[{"name":"wp","href":"https:\/\/api.w.org\/{rel}","templated":true}]}}