{"id":755847,"date":"2025-08-28T06:50:56","date_gmt":"2025-08-28T03:50:56","guid":{"rendered":"https:\/\/roveyayinevi.com.tr\/index.php\/urun\/disney-en-guzel-kotu-kralicenin-oykusu\/"},"modified":"2026-04-16T03:08:54","modified_gmt":"2026-04-16T00:08:54","slug":"disney-en-guzel-kotu-kralicenin-oykusu","status":"publish","type":"product","link":"https:\/\/roveyayinevi.com.tr\/index.php\/urun\/disney-en-guzel-kotu-kralicenin-oykusu\/","title":{"rendered":"DISNEY- EN G\u00dcZEL \u2013 K\u00d6T\u00dc KRAL\u0130\u00c7E\u2019N\u0130N \u00d6YK\u00dcS\u00dc"},"content":{"rendered":"<p>Pamuk Prenses ile u\u0308vey annesi K\u00f6tu\u0308 Krali\u00e7e\u2019nin \u00f6yku\u0308su\u0308 herkes taraf\u0131ndan bilinir. Anlat\u0131ya yap\u0131lan ku\u0308\u00e7u\u0308k de\u011fi\u015fiklikler d\u0131\u015f\u0131nda ana \u00f6yku\u0308 hep ayn\u0131d\u0131r. Krali\u00e7e, ku\u0308\u00e7u\u0308k k\u0131z\u0131n gu\u0308zelli\u011fini k\u0131skan\u0131r ve bu k\u0131skan\u00e7l\u0131k Krali\u00e7e\u2019nin bu tatl\u0131, saf k\u0131z\u0131n hayat\u0131na kastetmesine neden olur.\u00c7ok daha az anlat\u0131lan bir \u00f6yku\u0308 de Krali\u00e7e\u2019nin hangi nedenle bu denli k\u00f6tu\u0308 birine d\u00f6nu\u0308\u015ftu\u0308\u011fu\u0308nu\u0308n \u00f6yku\u0308su\u0308du\u0308r. Krali\u00e7e\u2019nin k\u00f6tu\u0308lu\u0308\u011fu\u0308nu\u0308n nedenlerini tahmine y\u00f6nelik birtak\u0131m denemeler yap\u0131ld\u0131 elbette. Belki de k\u00f6tu\u0308 bir cad\u0131 olmas\u0131 Krali\u00e7e\u2019nin ger\u00e7ekdo\u011fas\u0131yd\u0131 ve sahip oldu\u011fu gu\u0308zellik, Kral\u2019\u0131 yan\u0131ltmak i\u00e7in kulland\u0131\u011f\u0131 bir aldatmacadan ba\u015fka bir \u015fey de\u011fildi. Krali\u00e7e\u2019nin, Pamuk Prenses\u2019in Kral\u2019\u0131n ilk e\u015fine benzemesini k\u0131skand\u0131\u011f\u0131n\u0131 \u00f6ne su\u0308renler de var. Genel olarak, Krali\u00e7e ya\u015fad\u0131\u011f\u0131 ac\u0131nas\u0131 hayatta kendinden ba\u015fka kimseyi sevmeyen, i\u011fren\u00e7 bir kad\u0131n olarakresmedildi. Ger\u00e7ekten de, Krali\u00e7e\u2019nin saplant\u0131 h\u00e2lini alm\u0131\u015f kibriyle k\u0131skan\u00e7l\u0131k n\u00f6betlerinin nedenlerine ili\u015fkin say\u0131lamayacak kadar \u00e7ok say\u0131da teori ortaya at\u0131ld\u0131. Villains serisinin bu ilk kitab\u0131nda \u015fimdiye dek yaz\u0131lmam\u0131\u015f bir yorum \u00f6yku\u0308leniyor. Bu, i\u00e7inde bir miktar sihir de bulunan trajik bir a\u015fk ve kay\u0131p \u00f6yku\u0308su\u0308. Bu, K\u00f6tu\u0308 Krali\u00e7e\u2019nin \u00f6yku\u0308su\u0308.<\/p>\n","protected":false},"excerpt":{"rendered":"<p>Pamuk Prenses ile u\u0308vey annesi K\u00f6tu\u0308 Krali\u00e7e\u2019nin \u00f6yku\u0308su\u0308 herkes taraf\u0131ndan bilinir. Anlat\u0131ya yap\u0131lan ku\u0308\u00e7u\u0308k de\u011fi\u015fiklikler d\u0131\u015f\u0131nda ana \u00f6yku\u0308 hep ayn\u0131d\u0131r. Krali\u00e7e, ku\u0308\u00e7u\u0308k k\u0131z\u0131n gu\u0308zelli\u011fini k\u0131skan\u0131r ve<span class=\"excerpt-hellip\"> [\u2026]<\/span><\/p>\n","protected":false},"featured_media":0,"template":"","meta":{"_monsterinsights_skip_tracking":false,"_monsterinsights_sitenote_active":false,"_monsterinsights_sitenote_note":"","_monsterinsights_sitenote_category":0},"product_brand":[],"product_cat":[12274,12284],"product_tag":[],"class_list":{"0":"post-755847","1":"product","2":"type-product","3":"status-publish","5":"product_cat-cocuk-ve-genclik-kitaplari","6":"product_cat-hikayeler","7":"pa_cilt-ciltsiz","8":"pa_tur-kitap","9":"pa_yayinevi-beta-byou","10":"pa_yazar-serena-valentino","12":"first","13":"instock","14":"sale","15":"shipping-taxable","16":"purchasable","17":"product-type-simple"},"_links":{"self":[{"href":"https:\/\/roveyayinevi.com.tr\/index.php\/wp-json\/wp\/v2\/product\/755847","targetHints":{"allow":["GET"]}}],"collection":[{"href":"https:\/\/roveyayinevi.com.tr\/index.php\/wp-json\/wp\/v2\/product"}],"about":[{"href":"https:\/\/roveyayinevi.com.tr\/index.php\/wp-json\/wp\/v2\/types\/product"}],"wp:attachment":[{"href":"https:\/\/roveyayinevi.com.tr\/index.php\/wp-json\/wp\/v2\/media?parent=755847"}],"wp:term":[{"taxonomy":"product_brand","embeddable":true,"href":"https:\/\/roveyayinevi.com.tr\/index.php\/wp-json\/wp\/v2\/product_brand?post=755847"},{"taxonomy":"product_cat","embeddable":true,"href":"https:\/\/roveyayinevi.com.tr\/index.php\/wp-json\/wp\/v2\/product_cat?post=755847"},{"taxonomy":"product_tag","embeddable":true,"href":"https:\/\/roveyayinevi.com.tr\/index.php\/wp-json\/wp\/v2\/product_tag?post=755847"}],"curies":[{"name":"wp","href":"https:\/\/api.w.org\/{rel}","templated":true}]}}