{"id":755846,"date":"2025-08-28T06:50:54","date_gmt":"2025-08-28T03:50:54","guid":{"rendered":"https:\/\/roveyayinevi.com.tr\/index.php\/urun\/disney-icimdeki-canavar-bellanin-prensesinin-oykusu\/"},"modified":"2026-04-16T03:08:54","modified_gmt":"2026-04-16T00:08:54","slug":"disney-icimdeki-canavar-bellanin-prensesinin-oykusu","status":"publish","type":"product","link":"https:\/\/roveyayinevi.com.tr\/index.php\/urun\/disney-icimdeki-canavar-bellanin-prensesinin-oykusu\/","title":{"rendered":"DISNEY- \u0130\u00c7\u0130MDEK\u0130 CANAVAR \u2013 BELLA\u2019NIN PRENSES\u0130N\u0130N \u00d6YK\u00dcS\u00dc"},"content":{"rendered":"<p>Bu \u00f6yku\u0308 neredeyse tarihin derinliklerine uzan\u0131r. Zalim bir prens bir canavara d\u00f6nu\u0308\u015fmu\u0308\u015ftu\u0308r. Bir gu\u0308n hayat\u0131na gu\u0308zel bir k\u0131z konuk olur. K\u0131z\u0131n ona ac\u0131mas\u0131 ile prens eski bedenine kavu\u015facak, kendisi de k\u0131za \u00e2\u015f\u0131k olacakt\u0131r. Sonras\u0131nda da sonsuza kadar mutlu ya\u015fayacaklard\u0131r.Ne var ki, Bella ve \u00c7irkin\u2019in \u00f6yku\u0308su\u0308 de di\u011ferleri gibi pek \u00e7ok kez ve farkl\u0131 \u015fekillerde anlat\u0131lagelmi\u015ftir. Bununla birlikte, dinledi\u011finiz \u00f6yku\u0308nu\u0308n uyarlamas\u0131 ne olursa olsun, akl\u0131n\u0131za tak\u0131lan hep ayn\u0131 sorudur: Bize tan\u0131t\u0131lan bu Prens ne olmu\u015ftur da bir canavarad\u00f6nu\u0308\u015fmu\u0308\u015ftu\u0308r? Bu kitaptaki \u00f6yku\u0308 \u00e7a\u011flar boyu anlat\u0131lanlar\u0131n aras\u0131ndan se\u00e7ilerek al\u0131nm\u0131\u015f bir uyarlamad\u0131r. Bu bir kibir ve kendini be\u011fenmi\u015flik, a\u015fk ve \u00f6fke ile bir canavara d\u00f6nu\u0308\u015fmenin ve hi\u00e7 ku\u015fkusuz gu\u0308zelli\u011fin \u00f6yku\u0308su\u0308du\u0308r.<\/p>\n","protected":false},"excerpt":{"rendered":"<p>Bu \u00f6yku\u0308 neredeyse tarihin derinliklerine uzan\u0131r. Zalim bir prens bir canavara d\u00f6nu\u0308\u015fmu\u0308\u015ftu\u0308r. Bir gu\u0308n hayat\u0131na gu\u0308zel bir k\u0131z konuk olur. K\u0131z\u0131n ona ac\u0131mas\u0131 ile prens eski<span class=\"excerpt-hellip\"> [\u2026]<\/span><\/p>\n","protected":false},"featured_media":0,"template":"","meta":{"_monsterinsights_skip_tracking":false,"_monsterinsights_sitenote_active":false,"_monsterinsights_sitenote_note":"","_monsterinsights_sitenote_category":0},"product_brand":[],"product_cat":[12274,12284],"product_tag":[],"class_list":{"0":"post-755846","1":"product","2":"type-product","3":"status-publish","5":"product_cat-cocuk-ve-genclik-kitaplari","6":"product_cat-hikayeler","7":"pa_cilt-ciltsiz","8":"pa_tur-kitap","9":"pa_yayinevi-beta-byou","10":"pa_yazar-serena-valentino","12":"first","13":"instock","14":"sale","15":"shipping-taxable","16":"purchasable","17":"product-type-simple"},"_links":{"self":[{"href":"https:\/\/roveyayinevi.com.tr\/index.php\/wp-json\/wp\/v2\/product\/755846","targetHints":{"allow":["GET"]}}],"collection":[{"href":"https:\/\/roveyayinevi.com.tr\/index.php\/wp-json\/wp\/v2\/product"}],"about":[{"href":"https:\/\/roveyayinevi.com.tr\/index.php\/wp-json\/wp\/v2\/types\/product"}],"wp:attachment":[{"href":"https:\/\/roveyayinevi.com.tr\/index.php\/wp-json\/wp\/v2\/media?parent=755846"}],"wp:term":[{"taxonomy":"product_brand","embeddable":true,"href":"https:\/\/roveyayinevi.com.tr\/index.php\/wp-json\/wp\/v2\/product_brand?post=755846"},{"taxonomy":"product_cat","embeddable":true,"href":"https:\/\/roveyayinevi.com.tr\/index.php\/wp-json\/wp\/v2\/product_cat?post=755846"},{"taxonomy":"product_tag","embeddable":true,"href":"https:\/\/roveyayinevi.com.tr\/index.php\/wp-json\/wp\/v2\/product_tag?post=755846"}],"curies":[{"name":"wp","href":"https:\/\/api.w.org\/{rel}","templated":true}]}}