{"id":755844,"date":"2025-08-28T06:50:52","date_gmt":"2025-08-28T03:50:52","guid":{"rendered":"https:\/\/roveyayinevi.com.tr\/index.php\/urun\/disney-kotuler-sehri\/"},"modified":"2026-04-16T03:08:54","modified_gmt":"2026-04-16T00:08:54","slug":"disney-kotuler-sehri","status":"publish","type":"product","link":"https:\/\/roveyayinevi.com.tr\/index.php\/urun\/disney-kotuler-sehri\/","title":{"rendered":"DISNEY &#8211; K\u00d6T\u00dcLER \u015eEHR\u0130"},"content":{"rendered":"<p>ONLAR Y\u00dcZ\u00dcNDEN \u201cK\u00d6T\u00dc\u201d OLDUK!Gu\u0308ndu\u0308zleri okula giden, sonras\u0131nda ise Monarch \u015fehri polis departman\u0131nda staj yapan Mary Elizabeth Heart, artan su\u00e7 oran\u0131yla mu\u0308cadele etmeye \u00e7al\u0131\u015fan dedektifleri masas\u0131n\u0131n ba\u015f\u0131nda k\u0131skan\u00e7l\u0131kla izler. Bu s\u0131rada, \u015fehrin yu\u0308ksek sosyetesiyle, bir zamanlar Bu\u0308yu\u0308\u2019nu\u0308n merkezi olan ama art\u0131k \u00e7u\u0308ru\u0308meye yu\u0308z tutmu\u015f Yara mahallesi sakinleri aras\u0131ndaki y\u0131llard\u0131r su\u0308rmekte olan gerginlik giderek artmaktad\u0131r. Monarch\u2019\u0131n en gu\u0308\u00e7lu\u0308 i\u015f adamlar\u0131ndan birinin k\u0131z\u0131 kaybolunca, polis \u015fefinin davay\u0131 kendisine vermesi Mary Elizabeth\u2019i inan\u0131lmaz derecede heyecanland\u0131r\u0131r. Ne var ki bu kay\u0131p vakas\u0131n\u0131n asl\u0131nda \u00e7ok daha bu\u0308yu\u0308k ve \u015feytani bir gizemin ba\u015flang\u0131c\u0131 oldu\u011funu \u00e7ok ge\u00e7meden ke\u015ffeder. Mary ger\u00e7eklerle yu\u0308zle\u015ftik\u00e7e, kendisini bir zamanlar Bu\u0308yu\u0308\u2019ye sahip olanlar ile onu geri getirmek i\u00e7in \u2013canavarlar\u0131n ortaya \u00e7\u0131kmas\u0131 da dahil\u2013 her \u015feyi g\u00f6ze alanlar aras\u0131nda ge\u00e7en bir \u00e7at\u0131\u015fman\u0131n ortas\u0131nda bulur. Disney\u2019in K\u00f6tu\u0308leri, o soylu peri masallar\u0131ndan ilham alan bu su\u00e7 dizisinde karanl\u0131k, Gotham\u2019a benzer bir du\u0308nyayla kar\u015f\u0131la\u015f\u0131yor; Malefiz, Ursula, Kaptan Kanca ve di\u011fer k\u00f6tu\u0308 \u015f\u00f6hretli Disney kahramanlar\u0131n\u0131n hik\u00e2yeleri daha \u00f6nce g\u00f6ru\u0308lmemi\u015f bir \u015fekilde yeniden canlan\u0131yor\u2026<\/p>\n","protected":false},"excerpt":{"rendered":"<p>ONLAR Y\u00dcZ\u00dcNDEN \u201cK\u00d6T\u00dc\u201d OLDUK!Gu\u0308ndu\u0308zleri okula giden, sonras\u0131nda ise Monarch \u015fehri polis departman\u0131nda staj yapan Mary Elizabeth Heart, artan su\u00e7 oran\u0131yla mu\u0308cadele etmeye \u00e7al\u0131\u015fan dedektifleri masas\u0131n\u0131n ba\u015f\u0131nda<span class=\"excerpt-hellip\"> [\u2026]<\/span><\/p>\n","protected":false},"featured_media":0,"template":"","meta":{"_monsterinsights_skip_tracking":false,"_monsterinsights_sitenote_active":false,"_monsterinsights_sitenote_note":"","_monsterinsights_sitenote_category":0},"product_brand":[],"product_cat":[12274,12284],"product_tag":[],"class_list":{"0":"post-755844","1":"product","2":"type-product","3":"status-publish","5":"product_cat-cocuk-ve-genclik-kitaplari","6":"product_cat-hikayeler","7":"pa_cilt-ciltsiz","8":"pa_tur-kitap","9":"pa_yayinevi-beta-byou","10":"pa_yazar-estelle-laure","12":"first","13":"instock","14":"sale","15":"shipping-taxable","16":"purchasable","17":"product-type-simple"},"_links":{"self":[{"href":"https:\/\/roveyayinevi.com.tr\/index.php\/wp-json\/wp\/v2\/product\/755844","targetHints":{"allow":["GET"]}}],"collection":[{"href":"https:\/\/roveyayinevi.com.tr\/index.php\/wp-json\/wp\/v2\/product"}],"about":[{"href":"https:\/\/roveyayinevi.com.tr\/index.php\/wp-json\/wp\/v2\/types\/product"}],"wp:attachment":[{"href":"https:\/\/roveyayinevi.com.tr\/index.php\/wp-json\/wp\/v2\/media?parent=755844"}],"wp:term":[{"taxonomy":"product_brand","embeddable":true,"href":"https:\/\/roveyayinevi.com.tr\/index.php\/wp-json\/wp\/v2\/product_brand?post=755844"},{"taxonomy":"product_cat","embeddable":true,"href":"https:\/\/roveyayinevi.com.tr\/index.php\/wp-json\/wp\/v2\/product_cat?post=755844"},{"taxonomy":"product_tag","embeddable":true,"href":"https:\/\/roveyayinevi.com.tr\/index.php\/wp-json\/wp\/v2\/product_tag?post=755844"}],"curies":[{"name":"wp","href":"https:\/\/api.w.org\/{rel}","templated":true}]}}