{"id":755843,"date":"2025-08-28T06:50:50","date_gmt":"2025-08-28T03:50:50","guid":{"rendered":"https:\/\/roveyayinevi.com.tr\/index.php\/urun\/disney-korku-ne-diledigine-dikkat-et\/"},"modified":"2026-04-11T03:17:37","modified_gmt":"2026-04-11T00:17:37","slug":"disney-korku-ne-diledigine-dikkat-et","status":"publish","type":"product","link":"https:\/\/roveyayinevi.com.tr\/index.php\/urun\/disney-korku-ne-diledigine-dikkat-et\/","title":{"rendered":"DISNEY KORKU NE D\u0130LED\u0130\u011e\u0130NE D\u0130KKAT ET"},"content":{"rendered":"<p>\u201cSen benim tasar\u0131mlar\u0131ma lay\u0131k de\u011filsin tatl\u0131m!\u201dOn u\u0308\u00e7 ya\u015f\u0131ndaki Delia, modaya ve gu\u0308zellik malzemelerine bay\u0131l\u0131yor. Mu\u0308kemmel bir selfie \u00e7ekmek i\u00e7in odas\u0131nda saatlerini harc\u0131yor. Tek istedi\u011fi, yeni okulundaki di\u011fer k\u0131zlar gibi haval\u0131 olmak ve son moda giyinmek. Ne yaz\u0131k ki Delia\u2019n\u0131n ailesinin fazla paras\u0131 yok, o yu\u0308zden modaya ayak uydurmak onun i\u00e7in ula\u015f\u0131lmaz bir hayal. Fakat Delia, bir gu\u0308n \u00e7\u00f6pe at\u0131lm\u0131\u015f ve neredeyse kusursuz bir suni ku\u0308rk palto buluyor. Paltoyu h\u0131zla u\u0308zerine ge\u00e7iriyor ve d\u00f6nu\u0308\u015fu\u0308m ge\u00e7iriyor, hem de kelimenin tam anlam\u0131yla! Daha gu\u0308zel, daha \u00f6z gu\u0308venli ve \u2013bunlar\u0131n sonucunda\u2013 daha popu\u0308ler oluyor. Hem internette hem de ger\u00e7ek hayatta be\u011fenileri topluyor. Nihayet hayat\u0131ndaki her \u015fey mu\u0308kemmel oluyor. Ta ki paltonun as\u0131l sahibi onu geri isteyene dek. Uzun zaman \u00f6nce \u00f6lmesine ra\u011fmen, Cruella De Vil, en de\u011ferli varl\u0131\u011f\u0131n\u0131 geri almak i\u00e7in elinden geleni ard\u0131na koymayacak bir kad\u0131n. Ve Delia, De Vil\u2019le anla\u015fma yapmaya kalk\u0131\u015ft\u0131\u011f\u0131nda, gu\u0308zelli\u011fin, \u00f6deyece\u011fi bedele asla de\u011fmedi\u011fini \u00f6\u011freniyor.Gece lamban\u0131 yak sevgili okur ve KORKMAYA haz\u0131rlan!<\/p>\n","protected":false},"excerpt":{"rendered":"<p>\u201cSen benim tasar\u0131mlar\u0131ma lay\u0131k de\u011filsin tatl\u0131m!\u201dOn u\u0308\u00e7 ya\u015f\u0131ndaki Delia, modaya ve gu\u0308zellik malzemelerine bay\u0131l\u0131yor. Mu\u0308kemmel bir selfie \u00e7ekmek i\u00e7in odas\u0131nda saatlerini harc\u0131yor. Tek istedi\u011fi, yeni okulundaki<span class=\"excerpt-hellip\"> [\u2026]<\/span><\/p>\n","protected":false},"featured_media":0,"template":"","meta":{"_monsterinsights_skip_tracking":false,"_monsterinsights_sitenote_active":false,"_monsterinsights_sitenote_note":"","_monsterinsights_sitenote_category":0},"product_brand":[],"product_cat":[12291,12711],"product_tag":[],"class_list":{"0":"post-755843","1":"product","2":"type-product","3":"status-publish","5":"product_cat-edebiyat","6":"product_cat-roman-oyku","7":"pa_cilt-ciltsiz","8":"pa_tur-kitap","9":"pa_yayinevi-beta-byou","10":"pa_yazar-vera-strange","12":"first","13":"instock","14":"sale","15":"shipping-taxable","16":"purchasable","17":"product-type-simple"},"_links":{"self":[{"href":"https:\/\/roveyayinevi.com.tr\/index.php\/wp-json\/wp\/v2\/product\/755843","targetHints":{"allow":["GET"]}}],"collection":[{"href":"https:\/\/roveyayinevi.com.tr\/index.php\/wp-json\/wp\/v2\/product"}],"about":[{"href":"https:\/\/roveyayinevi.com.tr\/index.php\/wp-json\/wp\/v2\/types\/product"}],"wp:attachment":[{"href":"https:\/\/roveyayinevi.com.tr\/index.php\/wp-json\/wp\/v2\/media?parent=755843"}],"wp:term":[{"taxonomy":"product_brand","embeddable":true,"href":"https:\/\/roveyayinevi.com.tr\/index.php\/wp-json\/wp\/v2\/product_brand?post=755843"},{"taxonomy":"product_cat","embeddable":true,"href":"https:\/\/roveyayinevi.com.tr\/index.php\/wp-json\/wp\/v2\/product_cat?post=755843"},{"taxonomy":"product_tag","embeddable":true,"href":"https:\/\/roveyayinevi.com.tr\/index.php\/wp-json\/wp\/v2\/product_tag?post=755843"}],"curies":[{"name":"wp","href":"https:\/\/api.w.org\/{rel}","templated":true}]}}