{"id":755842,"date":"2025-08-28T06:50:48","date_gmt":"2025-08-28T03:50:48","guid":{"rendered":"https:\/\/roveyayinevi.com.tr\/index.php\/urun\/disney-korku-kabusa-bes-kala\/"},"modified":"2026-04-11T03:17:37","modified_gmt":"2026-04-11T00:17:37","slug":"disney-korku-kabusa-bes-kala","status":"publish","type":"product","link":"https:\/\/roveyayinevi.com.tr\/index.php\/urun\/disney-korku-kabusa-bes-kala\/","title":{"rendered":"DISNEY KORKU KABUSA BE\u015e KALA"},"content":{"rendered":"<p>\u201cBana \u00e7ocuk\u00e7a bir e\u015fek \u015fakas\u0131 yapan ilk pis velet sen de\u011filsin ama sonuncusu olacaks\u0131n\u2026\u201dOn bir ya\u015f\u0131ndaki Barrie bu\u0308yu\u0308mek istemiyor. Hayat\u0131ndan \u00e7ok memnun. Bu\u0308yu\u0308yu\u0308p ablas\u0131 gibi evdeki i\u015flere yard\u0131m etmekten daha fazla sorumlulukla ba\u015f etmekten ya da ortaokula ba\u015flay\u0131p daha \u00e7ok \u00f6dev yapmaktan \u00f6lesiye korkuyor. Bir gu\u0308n, eski bir korsan gemisinde u\u0308rku\u0308tu\u0308cu\u0308 bir kanca, yan\u0131nda da ona sahip olan ki\u015finin asla bu\u0308yu\u0308meyece\u011fini vadeden bir not buluyor. Kar\u015f\u0131s\u0131na \u00e7\u0131kan f\u0131rsata bal\u0131klamaatlayarak kancay\u0131 eve g\u00f6tu\u0308ru\u0308yor. Fakat kanca s\u00f6zu\u0308nu\u0308 yerine getirdi\u011finde, Barrie sonsuza dek \u00e7ocuk kalman\u0131n korkun\u00e7 bir bedeli oldu\u011funu fark ediyor. \u015eimdi, \u00e7okge\u00e7 olmadan bu\u0308yu\u0308yu\u0308 bozman\u0131n bir yolunu bulmak zorunda. Tik-tak\u2026 Tik-tak\u2026 Tik-tak&#8230;Gece lamban\u0131 yak sevgili okur ve KORKMAYA haz\u0131rlan!<\/p>\n","protected":false},"excerpt":{"rendered":"<p>\u201cBana \u00e7ocuk\u00e7a bir e\u015fek \u015fakas\u0131 yapan ilk pis velet sen de\u011filsin ama sonuncusu olacaks\u0131n\u2026\u201dOn bir ya\u015f\u0131ndaki Barrie bu\u0308yu\u0308mek istemiyor. Hayat\u0131ndan \u00e7ok memnun. Bu\u0308yu\u0308yu\u0308p ablas\u0131 gibi evdeki<span class=\"excerpt-hellip\"> [\u2026]<\/span><\/p>\n","protected":false},"featured_media":0,"template":"","meta":{"_monsterinsights_skip_tracking":false,"_monsterinsights_sitenote_active":false,"_monsterinsights_sitenote_note":"","_monsterinsights_sitenote_category":0},"product_brand":[],"product_cat":[12291,12711],"product_tag":[],"class_list":{"0":"post-755842","1":"product","2":"type-product","3":"status-publish","5":"product_cat-edebiyat","6":"product_cat-roman-oyku","7":"pa_cilt-ciltsiz","8":"pa_tur-kitap","9":"pa_yayinevi-beta-byou","10":"pa_yazar-vera-strange","12":"first","13":"instock","14":"sale","15":"shipping-taxable","16":"purchasable","17":"product-type-simple"},"_links":{"self":[{"href":"https:\/\/roveyayinevi.com.tr\/index.php\/wp-json\/wp\/v2\/product\/755842","targetHints":{"allow":["GET"]}}],"collection":[{"href":"https:\/\/roveyayinevi.com.tr\/index.php\/wp-json\/wp\/v2\/product"}],"about":[{"href":"https:\/\/roveyayinevi.com.tr\/index.php\/wp-json\/wp\/v2\/types\/product"}],"wp:attachment":[{"href":"https:\/\/roveyayinevi.com.tr\/index.php\/wp-json\/wp\/v2\/media?parent=755842"}],"wp:term":[{"taxonomy":"product_brand","embeddable":true,"href":"https:\/\/roveyayinevi.com.tr\/index.php\/wp-json\/wp\/v2\/product_brand?post=755842"},{"taxonomy":"product_cat","embeddable":true,"href":"https:\/\/roveyayinevi.com.tr\/index.php\/wp-json\/wp\/v2\/product_cat?post=755842"},{"taxonomy":"product_tag","embeddable":true,"href":"https:\/\/roveyayinevi.com.tr\/index.php\/wp-json\/wp\/v2\/product_tag?post=755842"}],"curies":[{"name":"wp","href":"https:\/\/api.w.org\/{rel}","templated":true}]}}