{"id":755841,"date":"2025-08-28T06:50:47","date_gmt":"2025-08-28T03:50:47","guid":{"rendered":"https:\/\/roveyayinevi.com.tr\/index.php\/urun\/disney-manga-yeni-nesil-ozu-kotuler-uclemesi-3-kitap\/"},"modified":"2026-04-16T03:08:54","modified_gmt":"2026-04-16T00:08:54","slug":"disney-manga-yeni-nesil-ozu-kotuler-uclemesi-3-kitap","status":"publish","type":"product","link":"https:\/\/roveyayinevi.com.tr\/index.php\/urun\/disney-manga-yeni-nesil-ozu-kotuler-uclemesi-3-kitap\/","title":{"rendered":"DISNEY MANGA YEN\u0130 NES\u0130L \u2013 \u00d6Z\u00dc K\u00d6T\u00dcLER \u00dc\u00c7LEMES\u0130 \u2013 3. K\u0130TAP"},"content":{"rendered":"<p>Auradon Koleji\u2019ndeki Ebeveynler Gu\u0308nu\u0308, K\u00c7\u2019ler i\u00e7in beklenenden daha korkun\u00e7 olacak gibi. Yeni arkada\u015flar\u0131 ve s\u0131n\u0131f arkada\u015flar\u0131 taraf\u0131ndan d\u0131\u015flanan Mal, Evie, Jay ve Carlos,ebeveynlerinin hain plan\u0131n\u0131 ger\u00e7ekle\u015ftirmeye \u00e7ok kararl\u0131 ancak \u015fu\u0308phe i\u00e7lerini kemirmiyor da de\u011fil. Auradon halk\u0131, K\u00c7\u2019lerin her zaman k\u00f6tu\u0308 olaca\u011f\u0131n\u0131 du\u0308\u015fu\u0308nu\u0308yor ama asl\u0131nda onlar kalplerinde \u00e7eli\u015fki i\u00e7indeler.Disney Yeni Nesil: \u00d6zu\u0308 K\u00f6tu\u0308ler \u00dc\u00e7lemesi\u2019nin son kitab\u0131 seni bekliyor: K\u00c7\u2019ler kendilerine kar\u015f\u0131 du\u0308ru\u0308st olman\u0131n ne demek oldu\u011funu ke\u015ffederken sen de onlara kat\u0131l!<\/p>\n","protected":false},"excerpt":{"rendered":"<p>Auradon Koleji\u2019ndeki Ebeveynler Gu\u0308nu\u0308, K\u00c7\u2019ler i\u00e7in beklenenden daha korkun\u00e7 olacak gibi. Yeni arkada\u015flar\u0131 ve s\u0131n\u0131f arkada\u015flar\u0131 taraf\u0131ndan d\u0131\u015flanan Mal, Evie, Jay ve Carlos,ebeveynlerinin hain plan\u0131n\u0131 ger\u00e7ekle\u015ftirmeye<span class=\"excerpt-hellip\"> [\u2026]<\/span><\/p>\n","protected":false},"featured_media":0,"template":"","meta":{"_monsterinsights_skip_tracking":false,"_monsterinsights_sitenote_active":false,"_monsterinsights_sitenote_note":"","_monsterinsights_sitenote_category":0},"product_brand":[],"product_cat":[12416,12291],"product_tag":[],"class_list":{"0":"post-755841","1":"product","2":"type-product","3":"status-publish","5":"product_cat-cizgi-roman","6":"product_cat-edebiyat","7":"pa_cilt-ciltsiz","8":"pa_tur-kitap","9":"pa_yayinevi-beta-byou","10":"pa_yazar-jason-muell","12":"first","13":"instock","14":"sale","15":"shipping-taxable","16":"purchasable","17":"product-type-simple"},"_links":{"self":[{"href":"https:\/\/roveyayinevi.com.tr\/index.php\/wp-json\/wp\/v2\/product\/755841","targetHints":{"allow":["GET"]}}],"collection":[{"href":"https:\/\/roveyayinevi.com.tr\/index.php\/wp-json\/wp\/v2\/product"}],"about":[{"href":"https:\/\/roveyayinevi.com.tr\/index.php\/wp-json\/wp\/v2\/types\/product"}],"wp:attachment":[{"href":"https:\/\/roveyayinevi.com.tr\/index.php\/wp-json\/wp\/v2\/media?parent=755841"}],"wp:term":[{"taxonomy":"product_brand","embeddable":true,"href":"https:\/\/roveyayinevi.com.tr\/index.php\/wp-json\/wp\/v2\/product_brand?post=755841"},{"taxonomy":"product_cat","embeddable":true,"href":"https:\/\/roveyayinevi.com.tr\/index.php\/wp-json\/wp\/v2\/product_cat?post=755841"},{"taxonomy":"product_tag","embeddable":true,"href":"https:\/\/roveyayinevi.com.tr\/index.php\/wp-json\/wp\/v2\/product_tag?post=755841"}],"curies":[{"name":"wp","href":"https:\/\/api.w.org\/{rel}","templated":true}]}}