{"id":755840,"date":"2025-08-28T06:50:45","date_gmt":"2025-08-28T03:50:45","guid":{"rendered":"https:\/\/roveyayinevi.com.tr\/index.php\/urun\/disney-manga-yeni-nesil-ozu-kotuler-uclemesi-2-kitap\/"},"modified":"2026-04-16T03:08:54","modified_gmt":"2026-04-16T00:08:54","slug":"disney-manga-yeni-nesil-ozu-kotuler-uclemesi-2-kitap","status":"publish","type":"product","link":"https:\/\/roveyayinevi.com.tr\/index.php\/urun\/disney-manga-yeni-nesil-ozu-kotuler-uclemesi-2-kitap\/","title":{"rendered":"DISNEY MANGA YEN\u0130 NES\u0130L \u2013 \u00d6Z\u00dc K\u00d6T\u00dcLER \u00dc\u00c7LEMES\u0130 \u2013 2. K\u0130TAP"},"content":{"rendered":"<p>K\u00d6T\u00dcL\u00dcK NASIL ORTAYA \u00c7IKARILIR?Birinci Ad\u0131m: Ben\u2019i Mal\u2019e \u00e2\u015f\u0131k et.\u0130kinci Ad\u0131m: Ben\u2019in ta\u00e7 giyme t\u00f6reninde \u0130yilik Perisi\u2019nin de\u011fne\u011fini arakla.\u00dc\u00e7u\u0308ncu\u0308 Ad\u0131m: Ailenin Kay\u0131p Ada\u2019dan kurtulmas\u0131n\u0131 sa\u011fla.Her \u015fey kusursuz, k\u00f6tu\u0308cu\u0308l bir plan olarak ba\u015flad\u0131 ama Mal, Evie, Jay ve Carlos, Auradon\u2019daki rahat hayatlar\u0131na yava\u015f yava\u015f al\u0131\u015f\u0131yorlar gibi. Hatta Mal, Ben\u2019in duygular\u0131yla oynamaktan rahats\u0131z olmaya bile ba\u015flad\u0131. Auradon\u2019u yok etme plan\u0131na devam edebilecekler mi? K\u00c7\u2019ler hayatlar\u0131n\u0131n en bu\u0308yu\u0308k kararlar\u0131n\u0131 verirken sen de onlara kat\u0131l&#8230; iyisiyle, k\u00f6tu\u0308su\u0308yle.<\/p>\n","protected":false},"excerpt":{"rendered":"<p>K\u00d6T\u00dcL\u00dcK NASIL ORTAYA \u00c7IKARILIR?Birinci Ad\u0131m: Ben\u2019i Mal\u2019e \u00e2\u015f\u0131k et.\u0130kinci Ad\u0131m: Ben\u2019in ta\u00e7 giyme t\u00f6reninde \u0130yilik Perisi\u2019nin de\u011fne\u011fini arakla.\u00dc\u00e7u\u0308ncu\u0308 Ad\u0131m: Ailenin Kay\u0131p Ada\u2019dan kurtulmas\u0131n\u0131 sa\u011fla.Her \u015fey kusursuz,<span class=\"excerpt-hellip\"> [\u2026]<\/span><\/p>\n","protected":false},"featured_media":0,"template":"","meta":{"_monsterinsights_skip_tracking":false,"_monsterinsights_sitenote_active":false,"_monsterinsights_sitenote_note":"","_monsterinsights_sitenote_category":0},"product_brand":[],"product_cat":[12416,12291],"product_tag":[],"class_list":{"0":"post-755840","1":"product","2":"type-product","3":"status-publish","5":"product_cat-cizgi-roman","6":"product_cat-edebiyat","7":"pa_cilt-ciltsiz","8":"pa_tur-kitap","9":"pa_yayinevi-beta-byou","10":"pa_yazar-jason-muell","12":"first","13":"instock","14":"sale","15":"shipping-taxable","16":"purchasable","17":"product-type-simple"},"_links":{"self":[{"href":"https:\/\/roveyayinevi.com.tr\/index.php\/wp-json\/wp\/v2\/product\/755840","targetHints":{"allow":["GET"]}}],"collection":[{"href":"https:\/\/roveyayinevi.com.tr\/index.php\/wp-json\/wp\/v2\/product"}],"about":[{"href":"https:\/\/roveyayinevi.com.tr\/index.php\/wp-json\/wp\/v2\/types\/product"}],"wp:attachment":[{"href":"https:\/\/roveyayinevi.com.tr\/index.php\/wp-json\/wp\/v2\/media?parent=755840"}],"wp:term":[{"taxonomy":"product_brand","embeddable":true,"href":"https:\/\/roveyayinevi.com.tr\/index.php\/wp-json\/wp\/v2\/product_brand?post=755840"},{"taxonomy":"product_cat","embeddable":true,"href":"https:\/\/roveyayinevi.com.tr\/index.php\/wp-json\/wp\/v2\/product_cat?post=755840"},{"taxonomy":"product_tag","embeddable":true,"href":"https:\/\/roveyayinevi.com.tr\/index.php\/wp-json\/wp\/v2\/product_tag?post=755840"}],"curies":[{"name":"wp","href":"https:\/\/api.w.org\/{rel}","templated":true}]}}