{"id":755839,"date":"2025-08-28T06:50:44","date_gmt":"2025-08-28T03:50:44","guid":{"rendered":"https:\/\/roveyayinevi.com.tr\/index.php\/urun\/disney-manga-yeni-nesil-ozu-kotuler-uclemesi-1-kitap\/"},"modified":"2026-04-16T03:08:54","modified_gmt":"2026-04-16T00:08:54","slug":"disney-manga-yeni-nesil-ozu-kotuler-uclemesi-1-kitap","status":"publish","type":"product","link":"https:\/\/roveyayinevi.com.tr\/index.php\/urun\/disney-manga-yeni-nesil-ozu-kotuler-uclemesi-1-kitap\/","title":{"rendered":"DISNEY MANGA YEN\u0130 NES\u0130L \u2013 \u00d6Z\u00dc K\u00d6T\u00dcLER \u00dc\u00c7LEMES\u0130 \u2013 1. K\u0130TAP"},"content":{"rendered":"<p>Malefiz, K\u00f6tu\u0308 Krali\u00e7e, Cafer ve Cruella De Vil\u2019in \u00e7ocuklar\u0131 Kay\u0131p Ada\u2019dan ayr\u0131lmaya hi\u00e7 cesaret edememi\u015fti&#8230; \u015fimdiye kadar. Sevilen Disney kahramanlar\u0131n\u0131n \u00e7ocuklar\u0131 ile birlikteAuradon ad\u0131ndaki sessiz, sakin haz\u0131rl\u0131k kolejine gitmeye davet edilen Mal, Evie, Jay ve Carlos bir kez daha du\u0308nyaya hu\u0308kmetmek i\u00e7in k\u00f6tu\u0308 ebeveynlerinin hain plan\u0131n\u0131 yerinegetirmek zorundalar. Asi gen\u00e7ler k\u00f6tu\u0308 ebeveynlerinin izinden mi gidecek yoksa i\u00e7lerindebulunan iyili\u011fi kucaklamay\u0131 ve krall\u0131\u011f\u0131 kurtarmay\u0131 m\u0131 se\u00e7ecekler?<\/p>\n","protected":false},"excerpt":{"rendered":"<p>Malefiz, K\u00f6tu\u0308 Krali\u00e7e, Cafer ve Cruella De Vil\u2019in \u00e7ocuklar\u0131 Kay\u0131p Ada\u2019dan ayr\u0131lmaya hi\u00e7 cesaret edememi\u015fti&#8230; \u015fimdiye kadar. Sevilen Disney kahramanlar\u0131n\u0131n \u00e7ocuklar\u0131 ile birlikteAuradon ad\u0131ndaki sessiz, sakin<span class=\"excerpt-hellip\"> [\u2026]<\/span><\/p>\n","protected":false},"featured_media":0,"template":"","meta":{"_monsterinsights_skip_tracking":false,"_monsterinsights_sitenote_active":false,"_monsterinsights_sitenote_note":"","_monsterinsights_sitenote_category":0},"product_brand":[],"product_cat":[12416,12291],"product_tag":[],"class_list":{"0":"post-755839","1":"product","2":"type-product","3":"status-publish","5":"product_cat-cizgi-roman","6":"product_cat-edebiyat","7":"pa_cilt-ciltsiz","8":"pa_tur-kitap","9":"pa_yayinevi-beta-byou","10":"pa_yazar-jason-muell","12":"first","13":"instock","14":"sale","15":"shipping-taxable","16":"purchasable","17":"product-type-simple"},"_links":{"self":[{"href":"https:\/\/roveyayinevi.com.tr\/index.php\/wp-json\/wp\/v2\/product\/755839","targetHints":{"allow":["GET"]}}],"collection":[{"href":"https:\/\/roveyayinevi.com.tr\/index.php\/wp-json\/wp\/v2\/product"}],"about":[{"href":"https:\/\/roveyayinevi.com.tr\/index.php\/wp-json\/wp\/v2\/types\/product"}],"wp:attachment":[{"href":"https:\/\/roveyayinevi.com.tr\/index.php\/wp-json\/wp\/v2\/media?parent=755839"}],"wp:term":[{"taxonomy":"product_brand","embeddable":true,"href":"https:\/\/roveyayinevi.com.tr\/index.php\/wp-json\/wp\/v2\/product_brand?post=755839"},{"taxonomy":"product_cat","embeddable":true,"href":"https:\/\/roveyayinevi.com.tr\/index.php\/wp-json\/wp\/v2\/product_cat?post=755839"},{"taxonomy":"product_tag","embeddable":true,"href":"https:\/\/roveyayinevi.com.tr\/index.php\/wp-json\/wp\/v2\/product_tag?post=755839"}],"curies":[{"name":"wp","href":"https:\/\/api.w.org\/{rel}","templated":true}]}}