{"id":755838,"date":"2025-08-28T06:50:42","date_gmt":"2025-08-28T03:50:42","guid":{"rendered":"https:\/\/roveyayinevi.com.tr\/index.php\/urun\/disney-manga-guzel-ve-cirkin-cirkinin-hikayesi\/"},"modified":"2026-04-16T03:08:54","modified_gmt":"2026-04-16T00:08:54","slug":"disney-manga-guzel-ve-cirkin-cirkinin-hikayesi","status":"publish","type":"product","link":"https:\/\/roveyayinevi.com.tr\/index.php\/urun\/disney-manga-guzel-ve-cirkin-cirkinin-hikayesi\/","title":{"rendered":"DISNEY MANGA G\u00dcZEL VE \u00c7\u0130RK\u0130N \u2013 \u00c7\u0130RK\u0130N\u2019\u0130N H\u0130K\u00c2YES\u0130"},"content":{"rendered":"<p>Bir Zamanlar Fransa\u2019n\u0131n Sakl\u0131 Kalbinde&#8230;Disney\u2019in sinema filmi Gu\u0308zel ve \u00c7irkin\u2019de zeki, gu\u0308zel ve ba\u011f\u0131ms\u0131z gen\u00e7 bir kad\u0131nolan Bella bir canavar taraf\u0131ndan hapsedilip onun \u015fatosunda esir kal\u0131r. Bu\u0308tu\u0308n korkular\u0131na ra\u011fmen \u015fatonun bu\u0308yu\u0308lu\u0308 \u00e7al\u0131\u015fanlar\u0131yla arkada\u015f olup onlardan Canavar\u2019\u0131n korkun\u00e7 g\u00f6ru\u0308nu\u0308mu\u0308nu\u0308n ard\u0131na bakmay\u0131 \u00f6\u011frenir; b\u00f6ylece onun i\u00e7indeki ger\u00e7ek Prens\u2019in iyilik dolu kalbi ile nazik ruhunu g\u00f6rebilecektir. Bu mangada \u00c7irkin\u2019in ge\u00e7mi\u015fini geride b\u0131rak\u0131p sevginin ne oldu\u011funu \u00f6\u011frenirken ya\u015fad\u0131\u011f\u0131 mu\u0308cadeleye \u015fahit olacaks\u0131n\u0131z.<\/p>\n","protected":false},"excerpt":{"rendered":"<p>Bir Zamanlar Fransa\u2019n\u0131n Sakl\u0131 Kalbinde&#8230;Disney\u2019in sinema filmi Gu\u0308zel ve \u00c7irkin\u2019de zeki, gu\u0308zel ve ba\u011f\u0131ms\u0131z gen\u00e7 bir kad\u0131nolan Bella bir canavar taraf\u0131ndan hapsedilip onun \u015fatosunda esir kal\u0131r.<span class=\"excerpt-hellip\"> [\u2026]<\/span><\/p>\n","protected":false},"featured_media":0,"template":"","meta":{"_monsterinsights_skip_tracking":false,"_monsterinsights_sitenote_active":false,"_monsterinsights_sitenote_note":"","_monsterinsights_sitenote_category":0},"product_brand":[],"product_cat":[12416,12291],"product_tag":[],"class_list":{"0":"post-755838","1":"product","2":"type-product","3":"status-publish","5":"product_cat-cizgi-roman","6":"product_cat-edebiyat","7":"pa_cilt-ciltsiz","8":"pa_tur-kitap","9":"pa_yayinevi-beta-byou","10":"pa_yazar-mallory-reaves","12":"first","13":"instock","14":"sale","15":"shipping-taxable","16":"purchasable","17":"product-type-simple"},"_links":{"self":[{"href":"https:\/\/roveyayinevi.com.tr\/index.php\/wp-json\/wp\/v2\/product\/755838","targetHints":{"allow":["GET"]}}],"collection":[{"href":"https:\/\/roveyayinevi.com.tr\/index.php\/wp-json\/wp\/v2\/product"}],"about":[{"href":"https:\/\/roveyayinevi.com.tr\/index.php\/wp-json\/wp\/v2\/types\/product"}],"wp:attachment":[{"href":"https:\/\/roveyayinevi.com.tr\/index.php\/wp-json\/wp\/v2\/media?parent=755838"}],"wp:term":[{"taxonomy":"product_brand","embeddable":true,"href":"https:\/\/roveyayinevi.com.tr\/index.php\/wp-json\/wp\/v2\/product_brand?post=755838"},{"taxonomy":"product_cat","embeddable":true,"href":"https:\/\/roveyayinevi.com.tr\/index.php\/wp-json\/wp\/v2\/product_cat?post=755838"},{"taxonomy":"product_tag","embeddable":true,"href":"https:\/\/roveyayinevi.com.tr\/index.php\/wp-json\/wp\/v2\/product_tag?post=755838"}],"curies":[{"name":"wp","href":"https:\/\/api.w.org\/{rel}","templated":true}]}}