{"id":755834,"date":"2025-08-28T06:50:35","date_gmt":"2025-08-28T03:50:35","guid":{"rendered":"https:\/\/roveyayinevi.com.tr\/index.php\/urun\/disney-manga-stic-ve-samuray-3\/"},"modified":"2026-04-16T03:08:54","modified_gmt":"2026-04-16T00:08:54","slug":"disney-manga-stic-ve-samuray-3","status":"publish","type":"product","link":"https:\/\/roveyayinevi.com.tr\/index.php\/urun\/disney-manga-stic-ve-samuray-3\/","title":{"rendered":"DISNEY MANGA ST\u0130\u00c7 VE SAMURAY -3"},"content":{"rendered":"<p>Antik Japonya\u2019 ya acil ini\u015f yapmak Sti\u00e7 \u2019in planlar\u0131nda yoktu ancak onu bulan g\u00f6zkorkutucu, soylu samuray Lord Yamato, yan\u0131 ba\u015f\u0131ndaki hayat\u0131na \u00e7abuk al\u0131\u015fm\u0131\u015f gibi. Galaksiler aras\u0131 deh\u00e2 Jumba ile \u00e7al\u0131\u015fkan Pleakley\u2019le kar\u015f\u0131la\u015ft\u0131ktan sonra, Lord Yamato ve Sti\u00e7, bu ikisinin Tanaka k\u00f6yu\u0308nu\u0308, Jumba\u2019n\u0131n ba\u015fkanl\u0131k etti\u011fi fu\u0308tu\u0308ristik bir \u015fehre d\u00f6nu\u0308\u015ftu\u0308rdu\u0308\u011fu\u0308nu\u0308 g\u00f6ru\u0308yor!Lord Yamato k\u0131skan\u00e7l\u0131\u011f\u0131na yenili yor; Yamato\u2019nun babas\u0131 sahneye \u00e7\u0131k\u0131yor ve Sti\u00e7 yanl\u0131\u015fl\u0131kla kaleyi yok ediyor. Bu da yetmezmi\u015f gibi, bir yandan da Gekoku \u015fehri ile Galaktik Federas yon aras\u0131nda dev bir galaksiler aras\u0131 sava\u015f patlak vermek u\u0308zere.<\/p>\n","protected":false},"excerpt":{"rendered":"<p>Antik Japonya\u2019 ya acil ini\u015f yapmak Sti\u00e7 \u2019in planlar\u0131nda yoktu ancak onu bulan g\u00f6zkorkutucu, soylu samuray Lord Yamato, yan\u0131 ba\u015f\u0131ndaki hayat\u0131na \u00e7abuk al\u0131\u015fm\u0131\u015f gibi. Galaksiler aras\u0131<span class=\"excerpt-hellip\"> [\u2026]<\/span><\/p>\n","protected":false},"featured_media":0,"template":"","meta":{"_monsterinsights_skip_tracking":false,"_monsterinsights_sitenote_active":false,"_monsterinsights_sitenote_note":"","_monsterinsights_sitenote_category":0},"product_brand":[],"product_cat":[12416,12291],"product_tag":[],"class_list":{"0":"post-755834","1":"product","2":"type-product","3":"status-publish","5":"product_cat-cizgi-roman","6":"product_cat-edebiyat","7":"pa_cilt-ciltsiz","8":"pa_tur-kitap","9":"pa_yayinevi-beta-byou","10":"pa_yazar-hiroto-wada","12":"first","13":"instock","14":"sale","15":"shipping-taxable","16":"purchasable","17":"product-type-simple"},"_links":{"self":[{"href":"https:\/\/roveyayinevi.com.tr\/index.php\/wp-json\/wp\/v2\/product\/755834","targetHints":{"allow":["GET"]}}],"collection":[{"href":"https:\/\/roveyayinevi.com.tr\/index.php\/wp-json\/wp\/v2\/product"}],"about":[{"href":"https:\/\/roveyayinevi.com.tr\/index.php\/wp-json\/wp\/v2\/types\/product"}],"wp:attachment":[{"href":"https:\/\/roveyayinevi.com.tr\/index.php\/wp-json\/wp\/v2\/media?parent=755834"}],"wp:term":[{"taxonomy":"product_brand","embeddable":true,"href":"https:\/\/roveyayinevi.com.tr\/index.php\/wp-json\/wp\/v2\/product_brand?post=755834"},{"taxonomy":"product_cat","embeddable":true,"href":"https:\/\/roveyayinevi.com.tr\/index.php\/wp-json\/wp\/v2\/product_cat?post=755834"},{"taxonomy":"product_tag","embeddable":true,"href":"https:\/\/roveyayinevi.com.tr\/index.php\/wp-json\/wp\/v2\/product_tag?post=755834"}],"curies":[{"name":"wp","href":"https:\/\/api.w.org\/{rel}","templated":true}]}}