{"id":755831,"date":"2025-08-28T06:50:30","date_gmt":"2025-08-28T03:50:30","guid":{"rendered":"https:\/\/roveyayinevi.com.tr\/index.php\/urun\/disney-manga-miriya-ile-marie\/"},"modified":"2026-04-16T03:08:53","modified_gmt":"2026-04-16T00:08:53","slug":"disney-manga-miriya-ile-marie","status":"publish","type":"product","link":"https:\/\/roveyayinevi.com.tr\/index.php\/urun\/disney-manga-miriya-ile-marie\/","title":{"rendered":"DISNEY MANGA MIRIYA \u0130LE MARIE"},"content":{"rendered":"<p>MIRIYA ihtiyac\u0131 olan hemen her \u015feye sahip, zengin bir gen\u00e7 k\u0131z olsa da para onu as\u0131l istedi\u011fine kavu\u015fturam\u0131yor: Yani, annesiyle babas\u0131na. Bu y\u0131l da \u00e7ok \u00f6zel bir do\u011fum gu\u0308nu\u0308 hediyesi al\u0131yor ve bu\u0308yu\u0308lu\u0308 bir beyaz kedi yavrusu olan MARIE ortaya \u00e7\u0131k\u0131p onu Paris\u2019e ka\u00e7\u0131r\u0131veriyor! Bu\u0308yu\u0308 sanat\u0131n\u0131 \u00f6\u011frenmenin yan\u0131 s\u0131ra en leziz Frans\u0131z\u00e7\u00f6reklerini, pastalar\u0131n\u0131 yemek ve en gu\u0308zel, son moda giysiler giymek MIRIYA ile MARIE\u2019nin yolculu\u011funu bamba\u015fka bir seviyeye ta\u015f\u0131yor!<\/p>\n","protected":false},"excerpt":{"rendered":"<p>MIRIYA ihtiyac\u0131 olan hemen her \u015feye sahip, zengin bir gen\u00e7 k\u0131z olsa da para onu as\u0131l istedi\u011fine kavu\u015fturam\u0131yor: Yani, annesiyle babas\u0131na. Bu y\u0131l da \u00e7ok \u00f6zel<span class=\"excerpt-hellip\"> [\u2026]<\/span><\/p>\n","protected":false},"featured_media":0,"template":"","meta":{"_monsterinsights_skip_tracking":false,"_monsterinsights_sitenote_active":false,"_monsterinsights_sitenote_note":"","_monsterinsights_sitenote_category":0},"product_brand":[],"product_cat":[12416,12291],"product_tag":[],"class_list":{"0":"post-755831","1":"product","2":"type-product","3":"status-publish","5":"product_cat-cizgi-roman","6":"product_cat-edebiyat","7":"pa_cilt-ciltsiz","8":"pa_tur-kitap","9":"pa_yayinevi-beta-byou","10":"pa_yazar-maya","12":"first","13":"instock","14":"sale","15":"shipping-taxable","16":"purchasable","17":"product-type-simple"},"_links":{"self":[{"href":"https:\/\/roveyayinevi.com.tr\/index.php\/wp-json\/wp\/v2\/product\/755831","targetHints":{"allow":["GET"]}}],"collection":[{"href":"https:\/\/roveyayinevi.com.tr\/index.php\/wp-json\/wp\/v2\/product"}],"about":[{"href":"https:\/\/roveyayinevi.com.tr\/index.php\/wp-json\/wp\/v2\/types\/product"}],"wp:attachment":[{"href":"https:\/\/roveyayinevi.com.tr\/index.php\/wp-json\/wp\/v2\/media?parent=755831"}],"wp:term":[{"taxonomy":"product_brand","embeddable":true,"href":"https:\/\/roveyayinevi.com.tr\/index.php\/wp-json\/wp\/v2\/product_brand?post=755831"},{"taxonomy":"product_cat","embeddable":true,"href":"https:\/\/roveyayinevi.com.tr\/index.php\/wp-json\/wp\/v2\/product_cat?post=755831"},{"taxonomy":"product_tag","embeddable":true,"href":"https:\/\/roveyayinevi.com.tr\/index.php\/wp-json\/wp\/v2\/product_tag?post=755831"}],"curies":[{"name":"wp","href":"https:\/\/api.w.org\/{rel}","templated":true}]}}