{"id":755830,"date":"2025-08-28T06:50:28","date_gmt":"2025-08-28T03:50:28","guid":{"rendered":"https:\/\/roveyayinevi.com.tr\/index.php\/urun\/disney-manga-karmakarisik\/"},"modified":"2026-04-16T03:08:53","modified_gmt":"2026-04-16T00:08:53","slug":"disney-manga-karmakarisik","status":"publish","type":"product","link":"https:\/\/roveyayinevi.com.tr\/index.php\/urun\/disney-manga-karmakarisik\/","title":{"rendered":"DISNEY MANGA KARMAKARI\u015eIK"},"content":{"rendered":"<p>\u00dcnlu\u0308 Disney filmi Karmakar\u0131\u015f\u0131k\u2019tan ilhamla \u00e7izildi. Rapunzel hayat\u0131 boyunca bir kulenin i\u00e7inde yaln\u0131z ya\u015fad\u0131, d\u0131\u015f du\u0308nyay\u0131 penceresinden g\u00f6rebilse de oradan \u00e7\u0131kmas\u0131 yasak. K\u00f6tu\u0308 bir \u015f\u00f6hreti olan h\u0131rs\u0131z Flynn Rider ortaya \u00e7\u0131k\u0131nca nihayet \u00f6zgu\u0308r kalabilmek ve hapishanesinin d\u0131\u015f\u0131ndaki du\u0308nyay\u0131 g\u00f6rebilmek i\u00e7in onunla bir anla\u015fma yapacak. Bu du\u0308nya ger\u00e7ekten Gothel Ana\u2019n\u0131n s\u00f6yledi\u011fi kadar korkun\u00e7 mu? Rapunzel sihirlisa\u00e7lar\u0131na dair sorular\u0131n yan\u0131tlar\u0131n\u0131 ve kendi \u00e7ocuklu\u011fuyla ilgili ger\u00e7ekleri \u00f6\u011frenebilecek mi? Bu bu\u0308yu\u0308leyici uyarlama, u\u0308nlu\u0308 Disney filmini e\u015fsiz manga tarz\u0131nda yeniden anlat\u0131yor.<\/p>\n","protected":false},"excerpt":{"rendered":"<p>\u00dcnlu\u0308 Disney filmi Karmakar\u0131\u015f\u0131k\u2019tan ilhamla \u00e7izildi. Rapunzel hayat\u0131 boyunca bir kulenin i\u00e7inde yaln\u0131z ya\u015fad\u0131, d\u0131\u015f du\u0308nyay\u0131 penceresinden g\u00f6rebilse de oradan \u00e7\u0131kmas\u0131 yasak. K\u00f6tu\u0308 bir \u015f\u00f6hreti olan<span class=\"excerpt-hellip\"> [\u2026]<\/span><\/p>\n","protected":false},"featured_media":0,"template":"","meta":{"_monsterinsights_skip_tracking":false,"_monsterinsights_sitenote_active":false,"_monsterinsights_sitenote_note":"","_monsterinsights_sitenote_category":0},"product_brand":[],"product_cat":[12416,12291],"product_tag":[],"class_list":{"0":"post-755830","1":"product","2":"type-product","3":"status-publish","5":"product_cat-cizgi-roman","6":"product_cat-edebiyat","7":"pa_cilt-ciltsiz","8":"pa_tur-kitap","9":"pa_yayinevi-beta-byou","10":"pa_yazar-shiori-kanaki","12":"first","13":"instock","14":"sale","15":"shipping-taxable","16":"purchasable","17":"product-type-simple"},"_links":{"self":[{"href":"https:\/\/roveyayinevi.com.tr\/index.php\/wp-json\/wp\/v2\/product\/755830","targetHints":{"allow":["GET"]}}],"collection":[{"href":"https:\/\/roveyayinevi.com.tr\/index.php\/wp-json\/wp\/v2\/product"}],"about":[{"href":"https:\/\/roveyayinevi.com.tr\/index.php\/wp-json\/wp\/v2\/types\/product"}],"wp:attachment":[{"href":"https:\/\/roveyayinevi.com.tr\/index.php\/wp-json\/wp\/v2\/media?parent=755830"}],"wp:term":[{"taxonomy":"product_brand","embeddable":true,"href":"https:\/\/roveyayinevi.com.tr\/index.php\/wp-json\/wp\/v2\/product_brand?post=755830"},{"taxonomy":"product_cat","embeddable":true,"href":"https:\/\/roveyayinevi.com.tr\/index.php\/wp-json\/wp\/v2\/product_cat?post=755830"},{"taxonomy":"product_tag","embeddable":true,"href":"https:\/\/roveyayinevi.com.tr\/index.php\/wp-json\/wp\/v2\/product_tag?post=755830"}],"curies":[{"name":"wp","href":"https:\/\/api.w.org\/{rel}","templated":true}]}}