{"id":755828,"date":"2025-08-28T06:49:50","date_gmt":"2025-08-28T03:49:50","guid":{"rendered":"https:\/\/roveyayinevi.com.tr\/index.php\/urun\/disney-manga-cruella-siyah-beyaz-ve-kirmizi\/"},"modified":"2026-04-16T03:08:53","modified_gmt":"2026-04-16T00:08:53","slug":"disney-manga-cruella-siyah-beyaz-ve-kirmizi","status":"publish","type":"product","link":"https:\/\/roveyayinevi.com.tr\/index.php\/urun\/disney-manga-cruella-siyah-beyaz-ve-kirmizi\/","title":{"rendered":"DISNEY MANGA CRUELLA \u2013 S\u0130YAH, BEYAZ VE KIRMIZI"},"content":{"rendered":"<p>HERKESE \u0130Y\u0130 DAVRANARAK EFSANE OLUNMAZ!DO\u011eDU\u011eUNDA ADINI CRUELLA KOYMAMI\u015eLARDI. Yetenekli, yenilik\u00e7i ve h\u0131rsl\u0131yd\u0131 Estella. Moda tasar\u0131mc\u0131s\u0131 olma hayalleri kuruyordu ama tu\u0308m du\u0308nya bu hayallerin ger\u00e7ekle\u015fmesine engel olmaya kararl\u0131yd\u0131. Amat\u00f6r bir h\u0131rs\u0131z\u0131n hayat\u0131 pek da \u0131\u015f\u0131lt\u0131l\u0131 de\u011fildir. 1970\u2019lerin Londra\u2019s\u0131nda kendisi ve tasar\u0131mlar\u0131 i\u00e7in yu\u0308ksek hedeflerin pe\u015findeydi Estella, ah bir de paras\u0131 olsayd\u0131! Estella, en yak\u0131n arkada\u015flar\u0131, (ufak) su\u00e7 ortaklar\u0131 Horace ve Jasper ile sokaklarda neler yap\u0131yor? Engel tan\u0131mayan me\u015fhur diva Cruella ortaya \u00e7\u0131kmadan \u00f6nce neler ya\u015fand\u0131?<\/p>\n","protected":false},"excerpt":{"rendered":"<p>HERKESE \u0130Y\u0130 DAVRANARAK EFSANE OLUNMAZ!DO\u011eDU\u011eUNDA ADINI CRUELLA KOYMAMI\u015eLARDI. Yetenekli, yenilik\u00e7i ve h\u0131rsl\u0131yd\u0131 Estella. Moda tasar\u0131mc\u0131s\u0131 olma hayalleri kuruyordu ama tu\u0308m du\u0308nya bu hayallerin ger\u00e7ekle\u015fmesine engel olmaya<span class=\"excerpt-hellip\"> [\u2026]<\/span><\/p>\n","protected":false},"featured_media":0,"template":"","meta":{"_monsterinsights_skip_tracking":false,"_monsterinsights_sitenote_active":false,"_monsterinsights_sitenote_note":"","_monsterinsights_sitenote_category":0},"product_brand":[],"product_cat":[12416,12291],"product_tag":[],"class_list":{"0":"post-755828","1":"product","2":"type-product","3":"status-publish","5":"product_cat-cizgi-roman","6":"product_cat-edebiyat","7":"pa_cilt-ciltsiz","8":"pa_tur-kitap","9":"pa_yayinevi-beta-byou","10":"pa_yazar-hachi-ishie","12":"first","13":"instock","14":"sale","15":"shipping-taxable","16":"purchasable","17":"product-type-simple"},"_links":{"self":[{"href":"https:\/\/roveyayinevi.com.tr\/index.php\/wp-json\/wp\/v2\/product\/755828","targetHints":{"allow":["GET"]}}],"collection":[{"href":"https:\/\/roveyayinevi.com.tr\/index.php\/wp-json\/wp\/v2\/product"}],"about":[{"href":"https:\/\/roveyayinevi.com.tr\/index.php\/wp-json\/wp\/v2\/types\/product"}],"wp:attachment":[{"href":"https:\/\/roveyayinevi.com.tr\/index.php\/wp-json\/wp\/v2\/media?parent=755828"}],"wp:term":[{"taxonomy":"product_brand","embeddable":true,"href":"https:\/\/roveyayinevi.com.tr\/index.php\/wp-json\/wp\/v2\/product_brand?post=755828"},{"taxonomy":"product_cat","embeddable":true,"href":"https:\/\/roveyayinevi.com.tr\/index.php\/wp-json\/wp\/v2\/product_cat?post=755828"},{"taxonomy":"product_tag","embeddable":true,"href":"https:\/\/roveyayinevi.com.tr\/index.php\/wp-json\/wp\/v2\/product_tag?post=755828"}],"curies":[{"name":"wp","href":"https:\/\/api.w.org\/{rel}","templated":true}]}}