{"id":755825,"date":"2025-08-28T06:49:45","date_gmt":"2025-08-28T03:49:45","guid":{"rendered":"https:\/\/roveyayinevi.com.tr\/index.php\/urun\/ayakkabi-ayagina-uyarsa\/"},"modified":"2026-04-16T03:08:53","modified_gmt":"2026-04-16T00:08:53","slug":"ayakkabi-ayagina-uyarsa","status":"publish","type":"product","link":"https:\/\/roveyayinevi.com.tr\/index.php\/urun\/ayakkabi-ayagina-uyarsa\/","title":{"rendered":"AYAKKABI AYA\u011eINA UYARSA"},"content":{"rendered":"<p>E\u011eER AYA\u011eINA UYMUYORSA BELK\u0130 DE KEND\u0130 AYAKKABINI TASARLAMA VAKT\u0130 GELM\u0130\u015eT\u0130R.Cindy ayakkab\u0131lara a\u015f\u0131k. Tam yerine konmu\u015f bir fiyonk ya da y\u00fcksek bir topuk onun i\u00e7in kendini ifade etme y\u00f6ntemi. Modaya bay\u0131lan ve b\u00fcy\u00fck beden giyen Cindy hi\u00e7bir zaman v\u00fccuduna tam uyan bir tasar\u0131mc\u0131 giysisi bulamasa da \u00f6zel bir \u00e7ift ayakkab\u0131 her zaman aya\u011f\u0131na cuk oturuyor.        Moda tasar\u0131m\u0131ndan yeni mezun olan fakat kar\u015f\u0131s\u0131na bir i\u015f f\u0131rsat\u0131 \u00e7\u0131kmayan gen\u00e7 k\u0131z, \u00fcvey annesi ve d\u00fcnyan\u0131n en b\u00fcy\u00fck evlendirme program\u0131 yap\u0131mc\u0131s\u0131 Erica Tremaine\u2019nin yan\u0131na ta\u015f\u0131n\u0131r. Bununla da kalmaz, Gece Yar\u0131s\u0131ndan \u00d6nce\u2019de son dakika doldurulmas\u0131 gereken bir yer a\u00e7\u0131l\u0131nca kendini spot \u0131\u015f\u0131klar\u0131 alt\u0131nda bulur. Kariyerine h\u0131zl\u0131 bir ba\u015flang\u0131\u00e7 i\u00e7in ulusal kanalda ayakkab\u0131 koleksiyonunu g\u00f6r\u00fcc\u00fcye \u00e7\u0131karmaktan iyisi var m\u0131d\u0131r? Ayr\u0131ca haz\u0131r odaya gitmi\u015fken bir de damat aday\u0131yla birka\u00e7 \u00f6zel randevuya \u00e7\u0131kmaktan kime ne zarar gelebilir?    Fakat Gece Yar\u0131s\u0131ndan \u00d6nce\u2019nin  ilk ve tek b\u00fcy\u00fck beden yar\u0131\u015fmac\u0131s\u0131 olmak Cindy\u2019yi bir gecede sansasyon yapar. O art\u0131k beden olumlama hareketinin ikonlar\u0131ndan biridir. \u00dcstelik \u015fu Beyaz Atl\u0131 Prense\u2019de g\u00f6nl\u00fcn\u00fc iyiden iyiye kapt\u0131r\u0131r. Fesat iltifatlara, entrikac\u0131 yap\u0131mc\u0131lara ve g\u00fcvenip g\u00fcvenemeyece\u011fini kestiremedi\u011fi bi rev dolusu yar\u0131\u015fmac\u0131ya ragmen mutlu sona ula\u015fmak i\u00e7in Cindy tamamen kendine g\u00fcvenmek ve bu arada topuklar\u0131 ile birlikte kalbinin de k\u0131r\u0131lmad\u0131\u011f\u0131ndan emin olmak zorunda kalacakt\u0131r.   \u00c7oksatar yazar Julie Murphy \u00e7ok sevilen bir masala yeniden kurguluyor ve hepimize hak etti\u011fimiz \u00f6z sevgi ve mutlu son inanc\u0131n\u0131 b\u00fcy\u00fcleyici bir \u015fekilde sunuyor.<\/p>\n","protected":false},"excerpt":{"rendered":"<p>E\u011eER AYA\u011eINA UYMUYORSA BELK\u0130 DE KEND\u0130 AYAKKABINI TASARLAMA VAKT\u0130 GELM\u0130\u015eT\u0130R.Cindy ayakkab\u0131lara a\u015f\u0131k. Tam yerine konmu\u015f bir fiyonk ya da y\u00fcksek bir topuk onun i\u00e7in kendini ifade<span class=\"excerpt-hellip\"> [\u2026]<\/span><\/p>\n","protected":false},"featured_media":0,"template":"","meta":{"_monsterinsights_skip_tracking":false,"_monsterinsights_sitenote_active":false,"_monsterinsights_sitenote_note":"","_monsterinsights_sitenote_category":0},"product_brand":[],"product_cat":[12291,12711],"product_tag":[],"class_list":{"0":"post-755825","1":"product","2":"type-product","3":"status-publish","5":"product_cat-edebiyat","6":"product_cat-roman-oyku","7":"pa_cilt-ciltsiz","8":"pa_tur-kitap","9":"pa_yayinevi-beta-byou","10":"pa_yazar-julie-murphy","12":"first","13":"instock","14":"sale","15":"shipping-taxable","16":"purchasable","17":"product-type-simple"},"_links":{"self":[{"href":"https:\/\/roveyayinevi.com.tr\/index.php\/wp-json\/wp\/v2\/product\/755825","targetHints":{"allow":["GET"]}}],"collection":[{"href":"https:\/\/roveyayinevi.com.tr\/index.php\/wp-json\/wp\/v2\/product"}],"about":[{"href":"https:\/\/roveyayinevi.com.tr\/index.php\/wp-json\/wp\/v2\/types\/product"}],"wp:attachment":[{"href":"https:\/\/roveyayinevi.com.tr\/index.php\/wp-json\/wp\/v2\/media?parent=755825"}],"wp:term":[{"taxonomy":"product_brand","embeddable":true,"href":"https:\/\/roveyayinevi.com.tr\/index.php\/wp-json\/wp\/v2\/product_brand?post=755825"},{"taxonomy":"product_cat","embeddable":true,"href":"https:\/\/roveyayinevi.com.tr\/index.php\/wp-json\/wp\/v2\/product_cat?post=755825"},{"taxonomy":"product_tag","embeddable":true,"href":"https:\/\/roveyayinevi.com.tr\/index.php\/wp-json\/wp\/v2\/product_tag?post=755825"}],"curies":[{"name":"wp","href":"https:\/\/api.w.org\/{rel}","templated":true}]}}