{"id":755824,"date":"2025-08-28T06:49:44","date_gmt":"2025-08-28T03:49:44","guid":{"rendered":"https:\/\/roveyayinevi.com.tr\/index.php\/urun\/disney-delphine-ve-gumus-igne\/"},"modified":"2026-04-16T03:08:53","modified_gmt":"2026-04-16T00:08:53","slug":"disney-delphine-ve-gumus-igne","status":"publish","type":"product","link":"https:\/\/roveyayinevi.com.tr\/index.php\/urun\/disney-delphine-ve-gumus-igne\/","title":{"rendered":"D\u0130SNEY &#8211; DELPHINE VE G\u00dcM\u00dc\u015e \u0130\u011eNE"},"content":{"rendered":"<p>Gizemi \u00e7\u00f6zmek i\u00e7in d\u00fc\u011f\u00fcm\u00fc bulmal\u0131s\u0131n.Sindirella\u2019n\u0131n \u015fatosuna geldi\u011finde Delphine\u2019nin kunda\u00fc\u0131ndaki \u00e7ar\u015faflar ve gizemli insan i\u011fnesinden ba\u015fka hi\u00e7bir \u015feyi yoktu. Bebekken bir kap\u0131n\u0131n e\u015fi\u011fine b\u0131rak\u0131lm\u0131\u015ft\u0131. Delphine terzili\u011fin kaderi oldu\u011funu d\u00fc\u015f\u00fcn\u00fcyor ve uyumad\u0131\u011f\u0131 zamanlar\u0131n t\u00fcm\u00fcn\u00fc diki\u015f dikmekle ge\u00e7iriyordu\u2026 Elbette ev i\u015fleriyle ve bak\u0131c\u0131l\u0131k yapt\u0131\u011f\u0131 \u00e7ocuklarla ilgilenirken ve bir zamanlar krall\u0131\u011f\u0131n koruyucusu olan sihirli terzi Treadedlerin efsanelerini anlat\u0131rken diki\u015ften uzak kal\u0131yordu.Bu nedenle Delphine, fare prensese bir elbise dikmesi i\u00e7in saraya \u00e7a\u011f\u0131r\u0131l\u0131nca i\u015fe koyulmak i\u00e7in can atm\u0131\u015ft\u0131.    Ama saray hi\u00e7 de g\u00f6r\u00fcnd\u00fc\u011f\u00fc kadar m\u00fckemmel de\u011fildi, \u00f6zellikle de saray\u0131n en sinir bozucu ve kibirli faresi Aleksander\u2019la ba\u015f etmek zorunda kal\u0131nca. K\u0131sa s\u00fcre i\u00e7inde, ikili Delphine\u2019nin i\u011fnesini efsanevi Threadedlere ba\u011flayan kocaman bir s\u0131rr\u0131 ke\u015ffettiler ve ge\u00e7mi\u015fteki s\u0131rlar\u0131 ortaya \u00e7\u0131karmak i\u00e7in destans\u0131 bir maceraya at\u0131ld\u0131lar. Delphine ve Aleksander garip d\u00fc\u015fmanlarla dolu ama ayn\u0131 zamanda imkans\u0131z arkada\u015fl\u0131klar\u0131n da e\u015flik etti\u011fi tehlikeli bir yola girmi\u015flerdi. Tam bir ad\u0131m arkalaar\u0131nda da o g\u00fc\u00e7l\u00fc sihri bulmaya and i\u00e7mi\u015f Kral Geceyar\u0131s\u0131 vard\u0131. Delphine krall\u0131\u011f\u0131n\u0131 kurtarabilecek mi? Yoksa korkun\u00e7 Kral Geceyar\u0131s\u0131 terzi farelerin sihrini ele ge\u00e7irmeyi ba\u015faracak m\u0131?     Alyssa Moon\u2019un sihir, macera ve fantastic efsanelerle dolu b\u00fcy\u00fcleyici ilk kitab\u0131 k\u00fc\u00e7\u00fcc\u00fck kahramanlar\u0131n kocaman y\u00fcreklere sahip oldu\u011funu kan\u0131tl\u0131yor.<\/p>\n","protected":false},"excerpt":{"rendered":"<p>Gizemi \u00e7\u00f6zmek i\u00e7in d\u00fc\u011f\u00fcm\u00fc bulmal\u0131s\u0131n.Sindirella\u2019n\u0131n \u015fatosuna geldi\u011finde Delphine\u2019nin kunda\u00fc\u0131ndaki \u00e7ar\u015faflar ve gizemli insan i\u011fnesinden ba\u015fka hi\u00e7bir \u015feyi yoktu. Bebekken bir kap\u0131n\u0131n e\u015fi\u011fine b\u0131rak\u0131lm\u0131\u015ft\u0131. Delphine terzili\u011fin kaderi<span class=\"excerpt-hellip\"> [\u2026]<\/span><\/p>\n","protected":false},"featured_media":0,"template":"","meta":{"_monsterinsights_skip_tracking":false,"_monsterinsights_sitenote_active":false,"_monsterinsights_sitenote_note":"","_monsterinsights_sitenote_category":0},"product_brand":[],"product_cat":[12274,12284],"product_tag":[],"class_list":{"0":"post-755824","1":"product","2":"type-product","3":"status-publish","5":"product_cat-cocuk-ve-genclik-kitaplari","6":"product_cat-hikayeler","7":"pa_cilt-ciltsiz","8":"pa_tur-kitap","9":"pa_yayinevi-beta-byou","10":"pa_yazar-alyssa-moon","12":"first","13":"instock","14":"sale","15":"shipping-taxable","16":"purchasable","17":"product-type-simple"},"_links":{"self":[{"href":"https:\/\/roveyayinevi.com.tr\/index.php\/wp-json\/wp\/v2\/product\/755824","targetHints":{"allow":["GET"]}}],"collection":[{"href":"https:\/\/roveyayinevi.com.tr\/index.php\/wp-json\/wp\/v2\/product"}],"about":[{"href":"https:\/\/roveyayinevi.com.tr\/index.php\/wp-json\/wp\/v2\/types\/product"}],"wp:attachment":[{"href":"https:\/\/roveyayinevi.com.tr\/index.php\/wp-json\/wp\/v2\/media?parent=755824"}],"wp:term":[{"taxonomy":"product_brand","embeddable":true,"href":"https:\/\/roveyayinevi.com.tr\/index.php\/wp-json\/wp\/v2\/product_brand?post=755824"},{"taxonomy":"product_cat","embeddable":true,"href":"https:\/\/roveyayinevi.com.tr\/index.php\/wp-json\/wp\/v2\/product_cat?post=755824"},{"taxonomy":"product_tag","embeddable":true,"href":"https:\/\/roveyayinevi.com.tr\/index.php\/wp-json\/wp\/v2\/product_tag?post=755824"}],"curies":[{"name":"wp","href":"https:\/\/api.w.org\/{rel}","templated":true}]}}