{"id":755823,"date":"2025-08-28T06:49:43","date_gmt":"2025-08-28T03:49:43","guid":{"rendered":"https:\/\/roveyayinevi.com.tr\/index.php\/urun\/disney-karlar-ulkesi-kutup-geceleri-karanlik-cokerken\/"},"modified":"2026-04-16T03:08:53","modified_gmt":"2026-04-16T00:08:53","slug":"disney-karlar-ulkesi-kutup-geceleri-karanlik-cokerken","status":"publish","type":"product","link":"https:\/\/roveyayinevi.com.tr\/index.php\/urun\/disney-karlar-ulkesi-kutup-geceleri-karanlik-cokerken\/","title":{"rendered":"D\u0130SNEY- KARLAR \u00dcLKES\u0130 KUTUP GECELER\u0130 KARANLIK \u00c7\u00d6KERKEN"},"content":{"rendered":"<p>Karanl\u0131k, \u00e7oktan unutulan an\u0131lar\u0131n i\u00e7erisinde saklanabilir.Erindel Krali\u00e7esi Anna, her sene k\u0131\u015f g\u00fcn d\u00f6n\u00fcm\u00fcnde g\u00fcne\u015fin do\u011fmad\u0131\u011f\u0131 g\u00fcnlerin geli\u015fi i\u00e7in yap\u0131lan Kutup Geceleri kutlamalar\u0131na haz\u0131rlanmaktad\u0131r. O kadar yo\u011fun \u00e7al\u0131\u015fmaktad\u0131r ki ni\u015fanl\u0131s\u0131 Kristoff ona,biraz dinlenmesi i\u00e7in birka\u00e7 g\u00fcnl\u00fc\u011f\u00fcnek\u0131z karde\u015fi Kar Krali\u00e7esi Elsa\u2019y\u0131 ziyarete gitmeyi teklif eder. Anna bu fikre bay\u0131l\u0131r. Ona e\u015flik eden Kristoff, Sven ve Olaf ile Sihirli Orman\u2019da Elsa ile yeniden bir araya gelir.       Kamp ate\u015fi \u00e7evresinde korku hikayeleri anlatarak ge\u00e7irdikleri bir gecenin ard\u0131ndan Olaf, hikayelerindeki bir yarat\u0131\u011f\u0131n ger\u00e7e\u011fe d\u00f6n\u00fc\u015ft\u00fc\u011f\u00fc konusunda \u0131srar eder! Aniden ba\u015flayan f\u0131rt\u0131nalardan ve g\u00f6ky\u00fcz\u00fcn\u00fcn  normalden \u00e7ok daha erken kararmas\u0131ndan ba\u015fka kim sorumlu olabilir? Ya insanlar\u0131n bir anda bu kadar unutkan olmas\u0131n\u0131n sebebi nedir?     Anna ve Elsa neler olup bitti\u011fini anlayabilmek i\u00e7in g\u00fc\u00e7lerini birle\u015ftirirler. Birlikte, Kristoff\u2019un hayattayken yapt\u0131\u011f\u0131 k\u00f6t\u00fcl\u00fckleri unutmalar\u0131 i\u00e7in di\u011ferlerinin hat\u0131ralar\u0131n\u0131 \u00e7alan \u00f6l\u00fcms\u00fcz bir yarat\u0131k olan draugr\u2019a d\u00f6n\u00fc\u015fen bir prenses hakk\u0131nda anlatt\u0131\u011f\u0131 korkun\u00e7 hikayeyi hat\u0131rlarlar. Kristoff istemeden bir draugr\u2019\u0131n an\u0131lar\u0131n\u0131 g\u00fcn y\u00fcz\u00fcne \u00e7\u0131kart\u0131p, bu y\u00fczden de canavar\u0131 Erindel\u2019in \u00fczerine salm\u0131\u015f olabilir mi? Anna ve Elsa Erindel\u2019de ya\u015fayanlar kim olduklar\u0131n\u0131 unutup tamamen karanl\u0131\u011fa g\u00f6m\u00fclmeden \u00f6nce bu hikayenin arkas\u0131ndaki ger\u00e7e\u011fi ortaya \u00e7\u0131karmak zorundad\u0131r\u2026<\/p>\n","protected":false},"excerpt":{"rendered":"<p>Karanl\u0131k, \u00e7oktan unutulan an\u0131lar\u0131n i\u00e7erisinde saklanabilir.Erindel Krali\u00e7esi Anna, her sene k\u0131\u015f g\u00fcn d\u00f6n\u00fcm\u00fcnde g\u00fcne\u015fin do\u011fmad\u0131\u011f\u0131 g\u00fcnlerin geli\u015fi i\u00e7in yap\u0131lan Kutup Geceleri kutlamalar\u0131na haz\u0131rlanmaktad\u0131r. O kadar yo\u011fun<span class=\"excerpt-hellip\"> [\u2026]<\/span><\/p>\n","protected":false},"featured_media":0,"template":"","meta":{"_monsterinsights_skip_tracking":false,"_monsterinsights_sitenote_active":false,"_monsterinsights_sitenote_note":"","_monsterinsights_sitenote_category":0},"product_brand":[],"product_cat":[12274,12284],"product_tag":[],"class_list":{"0":"post-755823","1":"product","2":"type-product","3":"status-publish","5":"product_cat-cocuk-ve-genclik-kitaplari","6":"product_cat-hikayeler","7":"pa_cilt-ciltsiz","8":"pa_tur-kitap","9":"pa_yayinevi-beta-byou","10":"pa_yazar-jen-calonita-mari-mancusi","12":"first","13":"instock","14":"sale","15":"shipping-taxable","16":"purchasable","17":"product-type-simple"},"_links":{"self":[{"href":"https:\/\/roveyayinevi.com.tr\/index.php\/wp-json\/wp\/v2\/product\/755823","targetHints":{"allow":["GET"]}}],"collection":[{"href":"https:\/\/roveyayinevi.com.tr\/index.php\/wp-json\/wp\/v2\/product"}],"about":[{"href":"https:\/\/roveyayinevi.com.tr\/index.php\/wp-json\/wp\/v2\/types\/product"}],"wp:attachment":[{"href":"https:\/\/roveyayinevi.com.tr\/index.php\/wp-json\/wp\/v2\/media?parent=755823"}],"wp:term":[{"taxonomy":"product_brand","embeddable":true,"href":"https:\/\/roveyayinevi.com.tr\/index.php\/wp-json\/wp\/v2\/product_brand?post=755823"},{"taxonomy":"product_cat","embeddable":true,"href":"https:\/\/roveyayinevi.com.tr\/index.php\/wp-json\/wp\/v2\/product_cat?post=755823"},{"taxonomy":"product_tag","embeddable":true,"href":"https:\/\/roveyayinevi.com.tr\/index.php\/wp-json\/wp\/v2\/product_tag?post=755823"}],"curies":[{"name":"wp","href":"https:\/\/api.w.org\/{rel}","templated":true}]}}