{"id":755821,"date":"2025-08-28T06:49:40","date_gmt":"2025-08-28T03:49:40","guid":{"rendered":"https:\/\/roveyayinevi.com.tr\/index.php\/urun\/gercek-dostlar\/"},"modified":"2026-04-16T03:08:53","modified_gmt":"2026-04-16T00:08:53","slug":"gercek-dostlar","status":"publish","type":"product","link":"https:\/\/roveyayinevi.com.tr\/index.php\/urun\/gercek-dostlar\/","title":{"rendered":"GER\u00c7EK DOSTLAR"},"content":{"rendered":"<p>En yak\u0131n arkada\u015flar sonsuza dek an\u0131n\u0131zda kalmay\u0131nca\u2026Shannon ve Adrienne k\u00fc\u00e7\u00fckl\u00fcklerinden beri birbirlerinin en yak\u0131n arkada\u015f\u0131yd\u0131. Ama bir g\u00fcn Adrienne, sinifin en pop\u00fcler k\u0131z\u0131 ve grubunun lideri Jen ile tak\u0131lmaya ba\u015flad\u0131. Bu arkada\u015f grubundaki herkes Jen&#8217;in 1 numaral\u0131 arkada\u015f\u0131 olmak istiyordu ve baz\u0131 k\u0131zlar s\u0131ran\u0131n en \u00fcst\u00fcnde kalmak i\u00e7in elinden geleni yapmaya haz\u0131rd\u0131&#8230; Bunun yolu ba\u015fkalar\u0131na zorbal\u0131k yapmak olsa bile. Art\u0131k Shannon i\u00e7in her yeni g\u00fcn bir h\u0131z treni gibiydi. Adrienne&#8217;le arkada\u015f kalabilecekler miydi? Kendini savunabilecek miydi? Grup&#8217;un bir \u00fcyesi miydi yoksa d\u0131\u015f\u0131nda m\u0131yd\u0131? Newbery Madalyas\u0131 \u00f6d\u00fcll\u00fc yazar SHANNON HALE ve \u00e7oksatan kitaplar\u0131n \u00e7izeri LEUYEN PHAM insan\u0131n ger\u00e7ek dostlar\u0131n\u0131 bulmas\u0131n\u0131n ne kadar zor ama bir o kadar da de\u011ferli bir yolculuk oldu\u011funu anlatan bu ger\u00e7ek hik\u00e2ye i\u00e7in g\u00fc\u00e7lerini birle\u015ftiriyorlar.<\/p>\n","protected":false},"excerpt":{"rendered":"<p>En yak\u0131n arkada\u015flar sonsuza dek an\u0131n\u0131zda kalmay\u0131nca\u2026Shannon ve Adrienne k\u00fc\u00e7\u00fckl\u00fcklerinden beri birbirlerinin en yak\u0131n arkada\u015f\u0131yd\u0131. Ama bir g\u00fcn Adrienne, sinifin en pop\u00fcler k\u0131z\u0131 ve grubunun lideri<span class=\"excerpt-hellip\"> [\u2026]<\/span><\/p>\n","protected":false},"featured_media":0,"template":"","meta":{"_monsterinsights_skip_tracking":false,"_monsterinsights_sitenote_active":false,"_monsterinsights_sitenote_note":"","_monsterinsights_sitenote_category":0},"product_brand":[],"product_cat":[12274,12284],"product_tag":[],"class_list":{"0":"post-755821","1":"product","2":"type-product","3":"status-publish","5":"product_cat-cocuk-ve-genclik-kitaplari","6":"product_cat-hikayeler","7":"pa_cilt-ciltsiz","8":"pa_tur-kitap","9":"pa_yayinevi-beta-byou","10":"pa_yazar-shannon-hale-leuyen-pham","12":"first","13":"instock","14":"sale","15":"shipping-taxable","16":"purchasable","17":"product-type-simple"},"_links":{"self":[{"href":"https:\/\/roveyayinevi.com.tr\/index.php\/wp-json\/wp\/v2\/product\/755821","targetHints":{"allow":["GET"]}}],"collection":[{"href":"https:\/\/roveyayinevi.com.tr\/index.php\/wp-json\/wp\/v2\/product"}],"about":[{"href":"https:\/\/roveyayinevi.com.tr\/index.php\/wp-json\/wp\/v2\/types\/product"}],"wp:attachment":[{"href":"https:\/\/roveyayinevi.com.tr\/index.php\/wp-json\/wp\/v2\/media?parent=755821"}],"wp:term":[{"taxonomy":"product_brand","embeddable":true,"href":"https:\/\/roveyayinevi.com.tr\/index.php\/wp-json\/wp\/v2\/product_brand?post=755821"},{"taxonomy":"product_cat","embeddable":true,"href":"https:\/\/roveyayinevi.com.tr\/index.php\/wp-json\/wp\/v2\/product_cat?post=755821"},{"taxonomy":"product_tag","embeddable":true,"href":"https:\/\/roveyayinevi.com.tr\/index.php\/wp-json\/wp\/v2\/product_tag?post=755821"}],"curies":[{"name":"wp","href":"https:\/\/api.w.org\/{rel}","templated":true}]}}