{"id":755820,"date":"2025-08-28T06:49:38","date_gmt":"2025-08-28T03:49:38","guid":{"rendered":"https:\/\/roveyayinevi.com.tr\/index.php\/urun\/can-dostlar-3\/"},"modified":"2026-04-12T03:12:51","modified_gmt":"2026-04-12T00:12:51","slug":"can-dostlar-3","status":"publish","type":"product","link":"https:\/\/roveyayinevi.com.tr\/index.php\/urun\/can-dostlar-3\/","title":{"rendered":"CAN DOSTLAR"},"content":{"rendered":"<p>Yeterlisin.Shannon sekizinci s\u0131n\u0131fta her \u015feyi \u00e7\u00f6zd\u00fc\u011f\u00fcn\u00fc san\u0131yordu. Arkada\u015flar\u0131n\u0131 bulmu\u015ftu, drama derslerine bay\u0131l\u0131yordu ve mutlulu\u011fa giden yolu bildi\u011fini d\u00fc\u015f\u00fcn\u00fcyordu. Sadece g\u00fczel, \u00fcnl\u00fc, ba\u015far\u0131l\u0131, erkekler taraf\u0131ndan be\u011fenilen iyi bir insan olmas\u0131 gerekiyordu.Kolay g\u00f6r\u00fcn\u00fcyor de\u011fil mi?Ama ne yaparsa yaps\u0131n Shannon kendini tam olarak iyi hissedemiyordu. Hi\u00e7bir \u015fey yolunda gitmiyor gibiydi. Acaba kendisi olarak ger\u00e7ek mutlulu\u011fu tadabilecek miydi? Bu kitap. SHANNON HALE ve LEUYEN PHAMin yaratt\u0131\u011f\u0131 serinin son kitab\u0131. Bu keyifli ve s\u0131cac\u0131k kitap t\u00fcm okurlara fark edildiklerini, anla\u015f\u0131ld\u0131klar\u0131n\u0131 ve yaln\u0131z olmad\u0131klar\u0131n\u0131 hat\u0131rlatmay\u0131 ama\u00e7l\u0131yor.<\/p>\n","protected":false},"excerpt":{"rendered":"<p>Yeterlisin.Shannon sekizinci s\u0131n\u0131fta her \u015feyi \u00e7\u00f6zd\u00fc\u011f\u00fcn\u00fc san\u0131yordu. Arkada\u015flar\u0131n\u0131 bulmu\u015ftu, drama derslerine bay\u0131l\u0131yordu ve mutlulu\u011fa giden yolu bildi\u011fini d\u00fc\u015f\u00fcn\u00fcyordu. Sadece g\u00fczel, \u00fcnl\u00fc, ba\u015far\u0131l\u0131, erkekler taraf\u0131ndan be\u011fenilen iyi<span class=\"excerpt-hellip\"> [\u2026]<\/span><\/p>\n","protected":false},"featured_media":0,"template":"","meta":{"_monsterinsights_skip_tracking":false,"_monsterinsights_sitenote_active":false,"_monsterinsights_sitenote_note":"","_monsterinsights_sitenote_category":0},"product_brand":[],"product_cat":[12274,12284],"product_tag":[],"class_list":{"0":"post-755820","1":"product","2":"type-product","3":"status-publish","5":"product_cat-cocuk-ve-genclik-kitaplari","6":"product_cat-hikayeler","7":"pa_cilt-ciltsiz","8":"pa_tur-kitap","9":"pa_yayinevi-beta-byou","10":"pa_yazar-shannon-hale-leuyen-pham","12":"first","13":"instock","14":"sale","15":"shipping-taxable","16":"purchasable","17":"product-type-simple"},"_links":{"self":[{"href":"https:\/\/roveyayinevi.com.tr\/index.php\/wp-json\/wp\/v2\/product\/755820","targetHints":{"allow":["GET"]}}],"collection":[{"href":"https:\/\/roveyayinevi.com.tr\/index.php\/wp-json\/wp\/v2\/product"}],"about":[{"href":"https:\/\/roveyayinevi.com.tr\/index.php\/wp-json\/wp\/v2\/types\/product"}],"wp:attachment":[{"href":"https:\/\/roveyayinevi.com.tr\/index.php\/wp-json\/wp\/v2\/media?parent=755820"}],"wp:term":[{"taxonomy":"product_brand","embeddable":true,"href":"https:\/\/roveyayinevi.com.tr\/index.php\/wp-json\/wp\/v2\/product_brand?post=755820"},{"taxonomy":"product_cat","embeddable":true,"href":"https:\/\/roveyayinevi.com.tr\/index.php\/wp-json\/wp\/v2\/product_cat?post=755820"},{"taxonomy":"product_tag","embeddable":true,"href":"https:\/\/roveyayinevi.com.tr\/index.php\/wp-json\/wp\/v2\/product_tag?post=755820"}],"curies":[{"name":"wp","href":"https:\/\/api.w.org\/{rel}","templated":true}]}}