{"id":755819,"date":"2025-08-28T06:49:37","date_gmt":"2025-08-28T03:49:37","guid":{"rendered":"https:\/\/roveyayinevi.com.tr\/index.php\/urun\/supernatural-canavarlarruhlariblisler-ve-gulyabaniler-rehberi\/"},"modified":"2026-04-16T03:08:53","modified_gmt":"2026-04-16T00:08:53","slug":"supernatural-canavarlarruhlariblisler-ve-gulyabaniler-rehberi","status":"publish","type":"product","link":"https:\/\/roveyayinevi.com.tr\/index.php\/urun\/supernatural-canavarlarruhlariblisler-ve-gulyabaniler-rehberi\/","title":{"rendered":"SUPERNATURAL &#8211; Canavarlar,Ruhlar,\u0130blisler ve Gulyabaniler Rehberi"},"content":{"rendered":"<p>EN \u00c7OK \u0130ZLENEN D\u0130Z\u0130LERDEN B\u0130R\u0130 OLAN SUPERNATURAL DA G\u00d6R\u00dcLEN DI\u011eER D\u00dcNYADAN YARATIKLAR \u00dcZER\u0130NE \u00d6NEML\u0130 B\u0130R REHBERYirmi \u00fc\u00e7 y\u0131l \u00f6nce Sam ve Dean Winchester annelerini do\u011fa\u00fcst\u00fc bir iblise kurban verdiler. Bu trajedinin ard\u0131ndan babalar\u0131 John, o\u011fullar\u0131n\u0131 karanl\u0131k k\u00f6\u015felerde ve Amerika&#8217;n\u0131n arka sokaklar\u0131nda ya\u015fayan paranormal k\u00f6t\u00fcler ve onlardan nas\u0131l kurtulacaklar\u0131 konusunda e\u011fitmeye ba\u015flad\u0131&#8230;\u0130zlenme rekorlar\u0131 k\u0131ran televizyon fenomeninin hayranlar\u0131 s\u0131k\u0131 durun! Sam ve Dean&#8217;in iblis avc\u0131l\u0131\u011f\u0131yla ilgili bilgilerinin t\u00fcm\u00fcn\u00fc i\u00e7eren benzersiz bir kaynak niteli\u011findeki SUPERNATURAL: Canavarlar, Ruhlar, \u0130blisler ve Gulyabaniler Rehberi&#8217;nde \u00e7o\u011fu insan\u0131n yaln\u0131zca efsanelerde, hurafelerde ve k\u00e2buslarda oldu\u011funa inand\u0131\u011f\u0131 di\u011fer d\u00fcnyadan d\u00fc\u015fmanlar\u0131 tan\u0131tan iki d\u00fczineden fazla ill\u00fcstrasyon ve tarif bulacaks\u0131n\u0131z. Bu d\u00fc\u015fmanlardan baz\u0131lar\u0131 vampirler, hayaletler, iblisler, hortlaklar ve hatta kana susam\u0131\u015f palya\u00e7olar. Sam ve Dean&#8217;in notlar\u0131n\u0131n, ara\u015ft\u0131rmalar\u0131n\u0131n ve an\u0131lar\u0131n\u0131n babalar\u0131 John Winchester&#8217;\u0131n paha bi\u00e7ilmez g\u00fcnl\u00fc\u011f\u00fcnden b\u00f6l\u00fcmlerle birlikte yer almas\u0131, bu kitab\u0131 dizinin her heyecan verici b\u00f6l\u00fcm\u00fcn\u00fcn vazge\u00e7ilmez e\u015flik\u00e7isi ve karanl\u0131\u011f\u0131n yarat\u0131klar\u0131na kar\u015f\u0131 verilen gizli sava\u015fta \u00f6nemli bir silah k\u0131l\u0131yor!<\/p>\n","protected":false},"excerpt":{"rendered":"<p>EN \u00c7OK \u0130ZLENEN D\u0130Z\u0130LERDEN B\u0130R\u0130 OLAN SUPERNATURAL DA G\u00d6R\u00dcLEN DI\u011eER D\u00dcNYADAN YARATIKLAR \u00dcZER\u0130NE \u00d6NEML\u0130 B\u0130R REHBERYirmi \u00fc\u00e7 y\u0131l \u00f6nce Sam ve Dean Winchester annelerini do\u011fa\u00fcst\u00fc bir<span class=\"excerpt-hellip\"> [\u2026]<\/span><\/p>\n","protected":false},"featured_media":0,"template":"","meta":{"_monsterinsights_skip_tracking":false,"_monsterinsights_sitenote_active":false,"_monsterinsights_sitenote_note":"","_monsterinsights_sitenote_category":0},"product_brand":[],"product_cat":[12365,12364],"product_tag":[],"class_list":{"0":"post-755819","1":"product","2":"type-product","3":"status-publish","5":"product_cat-diger-genel-konular","6":"product_cat-genel-konular","7":"pa_cilt-ciltsiz","8":"pa_tur-kitap","9":"pa_yayinevi-beta-byou","10":"pa_yazar-alex-irvine","12":"first","13":"instock","14":"sale","15":"shipping-taxable","16":"purchasable","17":"product-type-simple"},"_links":{"self":[{"href":"https:\/\/roveyayinevi.com.tr\/index.php\/wp-json\/wp\/v2\/product\/755819","targetHints":{"allow":["GET"]}}],"collection":[{"href":"https:\/\/roveyayinevi.com.tr\/index.php\/wp-json\/wp\/v2\/product"}],"about":[{"href":"https:\/\/roveyayinevi.com.tr\/index.php\/wp-json\/wp\/v2\/types\/product"}],"wp:attachment":[{"href":"https:\/\/roveyayinevi.com.tr\/index.php\/wp-json\/wp\/v2\/media?parent=755819"}],"wp:term":[{"taxonomy":"product_brand","embeddable":true,"href":"https:\/\/roveyayinevi.com.tr\/index.php\/wp-json\/wp\/v2\/product_brand?post=755819"},{"taxonomy":"product_cat","embeddable":true,"href":"https:\/\/roveyayinevi.com.tr\/index.php\/wp-json\/wp\/v2\/product_cat?post=755819"},{"taxonomy":"product_tag","embeddable":true,"href":"https:\/\/roveyayinevi.com.tr\/index.php\/wp-json\/wp\/v2\/product_tag?post=755819"}],"curies":[{"name":"wp","href":"https:\/\/api.w.org\/{rel}","templated":true}]}}