{"id":755817,"date":"2025-08-28T06:49:34","date_gmt":"2025-08-28T03:49:34","guid":{"rendered":"https:\/\/roveyayinevi.com.tr\/index.php\/urun\/ayna-ayna-degistirilmis-bir-masal\/"},"modified":"2026-04-16T03:08:53","modified_gmt":"2026-04-16T00:08:53","slug":"ayna-ayna-degistirilmis-bir-masal","status":"publish","type":"product","link":"https:\/\/roveyayinevi.com.tr\/index.php\/urun\/ayna-ayna-degistirilmis-bir-masal\/","title":{"rendered":"AYNA AYNA &#8211; De\u011fi\u015ftirilmi\u015f Bir Masal"},"content":{"rendered":"<p>Ya K\u00f6t\u00fc Krali\u00e7e Prens&#8217;i zehirleseydi?Sevgili annesinin \u00f6l\u00fcm\u00fcn\u00fcn ard\u0131ndan Pamuk Prenses&#8217;in \u00fclkesi, halk\u0131n &#8220;K\u00f6t\u00fc Krali\u00e7e&#8221; dedi\u011fi \u00fcvey annesinin pen\u00e7esine d\u00fc\u015fer. Pamuk Prenses, i\u00e7inde bulundu\u011fu durumdan en iyi \u015fekilde faydalanabilmek i\u00e7in \u015fatoda uysal davran\u0131r.Gelgelelim, kendisini \u00f6ld\u00fcrmek \u00fczere kurulmu\u015f bir planla y\u00fcz y\u00fcze gelince, Pamuk Prenses i\u00e7in her \u015fey de\u011fi\u015fir. Bir grup tem- kinli c\u00fccenin, bir daha asla g\u00f6remeyece\u011fini d\u00fc\u015f\u00fcnd\u00fc\u011f\u00fc nazik bir prensin ve ge\u00e7mi\u015finden \u00e7\u0131k\u0131p gelen esrarengiz bir \u015fahsiyetin yard\u0131m\u0131yla Pamuk Prenses, K\u00f6t\u00fc Krali\u00e7e&#8217;yi durdurup \u00fclkesini geri almak \u00fczere bir maceraya at\u0131l\u0131r. Peki, onun her hareketinden haberdar olan ve g\u00fcc\u00fc elinde tutmak i\u00e7in Pamuk Prenses&#8217;in t\u00fcm sevdiklerinin pe\u015fine d\u00fc\u015fmek de d\u00e2hil olmak \u00fczere her yolu m\u00fcbah sayan bir d\u00fc\u015fman\u0131 alt edebilecek midir?<\/p>\n","protected":false},"excerpt":{"rendered":"<p>Ya K\u00f6t\u00fc Krali\u00e7e Prens&#8217;i zehirleseydi?Sevgili annesinin \u00f6l\u00fcm\u00fcn\u00fcn ard\u0131ndan Pamuk Prenses&#8217;in \u00fclkesi, halk\u0131n &#8220;K\u00f6t\u00fc Krali\u00e7e&#8221; dedi\u011fi \u00fcvey annesinin pen\u00e7esine d\u00fc\u015fer. Pamuk Prenses, i\u00e7inde bulundu\u011fu durumdan en iyi<span class=\"excerpt-hellip\"> [\u2026]<\/span><\/p>\n","protected":false},"featured_media":0,"template":"","meta":{"_monsterinsights_skip_tracking":false,"_monsterinsights_sitenote_active":false,"_monsterinsights_sitenote_note":"","_monsterinsights_sitenote_category":0},"product_brand":[],"product_cat":[12291,12711],"product_tag":[],"class_list":{"0":"post-755817","1":"product","2":"type-product","3":"status-publish","5":"product_cat-edebiyat","6":"product_cat-roman-oyku","7":"pa_cilt-ciltsiz","8":"pa_tur-kitap","9":"pa_yayinevi-beta-byou","10":"pa_yazar-jen-calonita","12":"first","13":"instock","14":"sale","15":"shipping-taxable","16":"purchasable","17":"product-type-simple"},"_links":{"self":[{"href":"https:\/\/roveyayinevi.com.tr\/index.php\/wp-json\/wp\/v2\/product\/755817","targetHints":{"allow":["GET"]}}],"collection":[{"href":"https:\/\/roveyayinevi.com.tr\/index.php\/wp-json\/wp\/v2\/product"}],"about":[{"href":"https:\/\/roveyayinevi.com.tr\/index.php\/wp-json\/wp\/v2\/types\/product"}],"wp:attachment":[{"href":"https:\/\/roveyayinevi.com.tr\/index.php\/wp-json\/wp\/v2\/media?parent=755817"}],"wp:term":[{"taxonomy":"product_brand","embeddable":true,"href":"https:\/\/roveyayinevi.com.tr\/index.php\/wp-json\/wp\/v2\/product_brand?post=755817"},{"taxonomy":"product_cat","embeddable":true,"href":"https:\/\/roveyayinevi.com.tr\/index.php\/wp-json\/wp\/v2\/product_cat?post=755817"},{"taxonomy":"product_tag","embeddable":true,"href":"https:\/\/roveyayinevi.com.tr\/index.php\/wp-json\/wp\/v2\/product_tag?post=755817"}],"curies":[{"name":"wp","href":"https:\/\/api.w.org\/{rel}","templated":true}]}}