{"id":755813,"date":"2025-08-28T06:49:28","date_gmt":"2025-08-28T03:49:28","guid":{"rendered":"https:\/\/roveyayinevi.com.tr\/index.php\/urun\/jizo\/"},"modified":"2026-04-16T03:08:53","modified_gmt":"2026-04-16T00:08:53","slug":"jizo","status":"publish","type":"product","link":"https:\/\/roveyayinevi.com.tr\/index.php\/urun\/jizo\/","title":{"rendered":"Jizo"},"content":{"rendered":"<p>Aki evinin yolunu bulam\u0131yor. Herkes bu kay\u0131p \u00e7ocu\u011fa kar\u015f\u0131 kay\u0131ts\u0131z gibi&#8230; Birdenbire ortaya\u00e7\u0131kan tuhaf bir \u00e7ocuk olan Jizo hari\u00e7.O bir sokak \u00e7ocu\u011fu mu? Aki&#8217;yi ger\u00e7ekten evine geri g\u00f6t\u00fcrecek mi? K\u00fc\u00e7\u00fck \u00e7ocu\u011fu o \u0131\u015f\u0131kl\u0131tap\u0131na\u011fa kadar takip etmesinin nedeni ne? O koca g\u00fcl\u00fcmsemesine ra\u011fmen Aki, yeni arkada\u015f\u0131na g\u00fcvenmekte zorlan\u0131yor. \u00d6zellikle de korkun\u00e7 bir cad\u0131, ak\u015fam karanl\u0131\u011f\u0131nda \u00e7ocuklar\u0131 avlad\u0131\u011f\u0131ndan beri&#8230;<\/p>\n","protected":false},"excerpt":{"rendered":"<p>Aki evinin yolunu bulam\u0131yor. Herkes bu kay\u0131p \u00e7ocu\u011fa kar\u015f\u0131 kay\u0131ts\u0131z gibi&#8230; Birdenbire ortaya\u00e7\u0131kan tuhaf bir \u00e7ocuk olan Jizo hari\u00e7.O bir sokak \u00e7ocu\u011fu mu? Aki&#8217;yi ger\u00e7ekten evine<span class=\"excerpt-hellip\"> [\u2026]<\/span><\/p>\n","protected":false},"featured_media":0,"template":"","meta":{"_monsterinsights_skip_tracking":false,"_monsterinsights_sitenote_active":false,"_monsterinsights_sitenote_note":"","_monsterinsights_sitenote_category":0},"product_brand":[],"product_cat":[12416,12291],"product_tag":[],"class_list":{"0":"post-755813","1":"product","2":"type-product","3":"status-publish","5":"product_cat-cizgi-roman","6":"product_cat-edebiyat","7":"pa_cilt-ciltsiz","8":"pa_tur-kitap","9":"pa_yayinevi-beta-byou","10":"pa_yazar-mato-mr-tan","12":"first","13":"instock","14":"sale","15":"shipping-taxable","16":"purchasable","17":"product-type-simple"},"_links":{"self":[{"href":"https:\/\/roveyayinevi.com.tr\/index.php\/wp-json\/wp\/v2\/product\/755813","targetHints":{"allow":["GET"]}}],"collection":[{"href":"https:\/\/roveyayinevi.com.tr\/index.php\/wp-json\/wp\/v2\/product"}],"about":[{"href":"https:\/\/roveyayinevi.com.tr\/index.php\/wp-json\/wp\/v2\/types\/product"}],"wp:attachment":[{"href":"https:\/\/roveyayinevi.com.tr\/index.php\/wp-json\/wp\/v2\/media?parent=755813"}],"wp:term":[{"taxonomy":"product_brand","embeddable":true,"href":"https:\/\/roveyayinevi.com.tr\/index.php\/wp-json\/wp\/v2\/product_brand?post=755813"},{"taxonomy":"product_cat","embeddable":true,"href":"https:\/\/roveyayinevi.com.tr\/index.php\/wp-json\/wp\/v2\/product_cat?post=755813"},{"taxonomy":"product_tag","embeddable":true,"href":"https:\/\/roveyayinevi.com.tr\/index.php\/wp-json\/wp\/v2\/product_tag?post=755813"}],"curies":[{"name":"wp","href":"https:\/\/api.w.org\/{rel}","templated":true}]}}