{"id":755812,"date":"2025-08-28T06:49:27","date_gmt":"2025-08-28T03:49:27","guid":{"rendered":"https:\/\/roveyayinevi.com.tr\/index.php\/urun\/disney-kirmizi-gercek-4-town-manga\/"},"modified":"2026-04-16T03:08:53","modified_gmt":"2026-04-16T00:08:53","slug":"disney-kirmizi-gercek-4-town-manga","status":"publish","type":"product","link":"https:\/\/roveyayinevi.com.tr\/index.php\/urun\/disney-kirmizi-gercek-4-town-manga\/","title":{"rendered":"D\u0130SNEY KIRMIZI GER\u00c7EK 4* TOWN MANGA"},"content":{"rendered":"<p>Town\u2019c\u0131Iar, grubun en sevilen par\u00e7alar\u0131n\u0131 canl\u0131 olarak dinlemek i\u00e7inyan\u0131p tutu\u015fuyor. Peki ama Kanada&#8217;n\u0131n en pop\u00fcler erkek m\u00fczik grubu,efsanevi Toronto konserlerinden \u00f6nceki g\u00fcn\u00fc nas\u0131l ge\u00e7irecek?Hadi sen de yo\u011fun programlar\u0131 y\u00fcz\u00fcnden \u00e7ok az yakalayabildiklerib\u00f6ylesi bir molada Robaire, Jesse, Tae young, Aaron T. ve AaronZ.ye kat\u0131l. Sanat sevdal\u0131s\u0131 Jesse ile Tae youngla bir seramikm\u00fczesinde turla; moda tutkunu Aaron T.yle al\u0131\u015fveri\u015f merkezindegard\u0131robunu yenile ve biletleri yok satan bu konserin \u00f6ncesinde danshareketlerini m\u00fckemmelle\u015ftirmek i\u00e7in st\u00fcdyoda kalmay\u0131 tercih edenAaron Z. ve Robairelle tak\u0131l!<\/p>\n","protected":false},"excerpt":{"rendered":"<p>Town\u2019c\u0131Iar, grubun en sevilen par\u00e7alar\u0131n\u0131 canl\u0131 olarak dinlemek i\u00e7inyan\u0131p tutu\u015fuyor. Peki ama Kanada&#8217;n\u0131n en pop\u00fcler erkek m\u00fczik grubu,efsanevi Toronto konserlerinden \u00f6nceki g\u00fcn\u00fc nas\u0131l ge\u00e7irecek?Hadi sen de<span class=\"excerpt-hellip\"> [\u2026]<\/span><\/p>\n","protected":false},"featured_media":0,"template":"","meta":{"_monsterinsights_skip_tracking":false,"_monsterinsights_sitenote_active":false,"_monsterinsights_sitenote_note":"","_monsterinsights_sitenote_category":0},"product_brand":[],"product_cat":[12416,12291],"product_tag":[],"class_list":{"0":"post-755812","1":"product","2":"type-product","3":"status-publish","5":"product_cat-cizgi-roman","6":"product_cat-edebiyat","7":"pa_cilt-ciltsiz","8":"pa_tur-kitap","9":"pa_yayinevi-beta-byou","10":"pa_yazar-dirchansky","12":"first","13":"instock","14":"sale","15":"shipping-taxable","16":"purchasable","17":"product-type-simple"},"_links":{"self":[{"href":"https:\/\/roveyayinevi.com.tr\/index.php\/wp-json\/wp\/v2\/product\/755812","targetHints":{"allow":["GET"]}}],"collection":[{"href":"https:\/\/roveyayinevi.com.tr\/index.php\/wp-json\/wp\/v2\/product"}],"about":[{"href":"https:\/\/roveyayinevi.com.tr\/index.php\/wp-json\/wp\/v2\/types\/product"}],"wp:attachment":[{"href":"https:\/\/roveyayinevi.com.tr\/index.php\/wp-json\/wp\/v2\/media?parent=755812"}],"wp:term":[{"taxonomy":"product_brand","embeddable":true,"href":"https:\/\/roveyayinevi.com.tr\/index.php\/wp-json\/wp\/v2\/product_brand?post=755812"},{"taxonomy":"product_cat","embeddable":true,"href":"https:\/\/roveyayinevi.com.tr\/index.php\/wp-json\/wp\/v2\/product_cat?post=755812"},{"taxonomy":"product_tag","embeddable":true,"href":"https:\/\/roveyayinevi.com.tr\/index.php\/wp-json\/wp\/v2\/product_tag?post=755812"}],"curies":[{"name":"wp","href":"https:\/\/api.w.org\/{rel}","templated":true}]}}