{"id":755811,"date":"2025-08-28T06:49:25","date_gmt":"2025-08-28T03:49:25","guid":{"rendered":"https:\/\/roveyayinevi.com.tr\/index.php\/urun\/kitap-kurdunun-yukselisi-3\/"},"modified":"2026-04-16T03:08:53","modified_gmt":"2026-04-16T00:08:53","slug":"kitap-kurdunun-yukselisi-3","status":"publish","type":"product","link":"https:\/\/roveyayinevi.com.tr\/index.php\/urun\/kitap-kurdunun-yukselisi-3\/","title":{"rendered":"K\u0130TAP KURDU&#8217;NUN Y\u00dcKSEL\u0130\u015e\u0130  &#8211; 3"},"content":{"rendered":"<p>Myne yine ge\u00e7itteki i\u015flere yard\u0131m ediyor, Turi&#8217;yi toplu vaftiz t\u00f6renine haz\u0131rl\u0131yor ve k\u00e2\u011f\u0131t uretme m\u00fccadelesinden asla vazge\u00e7miyor. K\u0131\u015f\u0131n bitki liflerinden &#8220;papir\u00fcs&#8221;, baharda da &#8220;kil tablet\u201d yapmakla u\u011fra\u015fm\u0131\u015f ama ikisinde de ba\u015far\u0131s\u0131z olmu\u015ftu ancak bu sefer hi\u00e7 azalmayan tut-ku\u015fuyla ve buldu\u011fu destekle do\u011fru y\u00f6ntemi ke\u015ffetmi\u015f olabilir! Kitapseverler ve kitap kurtlar\u0131 i\u00e7in yaz\u0131lm\u0131\u015f bu biblio-fantezi d\u00fcnyas\u0131na giri\u015f yap\u0131n!<\/p>\n","protected":false},"excerpt":{"rendered":"<p>Myne yine ge\u00e7itteki i\u015flere yard\u0131m ediyor, Turi&#8217;yi toplu vaftiz t\u00f6renine haz\u0131rl\u0131yor ve k\u00e2\u011f\u0131t uretme m\u00fccadelesinden asla vazge\u00e7miyor. K\u0131\u015f\u0131n bitki liflerinden &#8220;papir\u00fcs&#8221;, baharda da &#8220;kil tablet\u201d yapmakla<span class=\"excerpt-hellip\"> [\u2026]<\/span><\/p>\n","protected":false},"featured_media":0,"template":"","meta":{"_monsterinsights_skip_tracking":false,"_monsterinsights_sitenote_active":false,"_monsterinsights_sitenote_note":"","_monsterinsights_sitenote_category":0},"product_brand":[],"product_cat":[12416,12291],"product_tag":[],"class_list":{"0":"post-755811","1":"product","2":"type-product","3":"status-publish","5":"product_cat-cizgi-roman","6":"product_cat-edebiyat","7":"pa_cilt-ciltsiz","8":"pa_tur-kitap","9":"pa_yayinevi-beta-byou","10":"pa_yazar-miya-kazuki","12":"first","13":"instock","14":"sale","15":"shipping-taxable","16":"purchasable","17":"product-type-simple"},"_links":{"self":[{"href":"https:\/\/roveyayinevi.com.tr\/index.php\/wp-json\/wp\/v2\/product\/755811","targetHints":{"allow":["GET"]}}],"collection":[{"href":"https:\/\/roveyayinevi.com.tr\/index.php\/wp-json\/wp\/v2\/product"}],"about":[{"href":"https:\/\/roveyayinevi.com.tr\/index.php\/wp-json\/wp\/v2\/types\/product"}],"wp:attachment":[{"href":"https:\/\/roveyayinevi.com.tr\/index.php\/wp-json\/wp\/v2\/media?parent=755811"}],"wp:term":[{"taxonomy":"product_brand","embeddable":true,"href":"https:\/\/roveyayinevi.com.tr\/index.php\/wp-json\/wp\/v2\/product_brand?post=755811"},{"taxonomy":"product_cat","embeddable":true,"href":"https:\/\/roveyayinevi.com.tr\/index.php\/wp-json\/wp\/v2\/product_cat?post=755811"},{"taxonomy":"product_tag","embeddable":true,"href":"https:\/\/roveyayinevi.com.tr\/index.php\/wp-json\/wp\/v2\/product_tag?post=755811"}],"curies":[{"name":"wp","href":"https:\/\/api.w.org\/{rel}","templated":true}]}}