{"id":755810,"date":"2025-08-28T06:49:24","date_gmt":"2025-08-28T03:49:24","guid":{"rendered":"https:\/\/roveyayinevi.com.tr\/index.php\/urun\/kitap-kurdunun-yukselisi-2\/"},"modified":"2026-04-16T03:08:53","modified_gmt":"2026-04-16T00:08:53","slug":"kitap-kurdunun-yukselisi-2","status":"publish","type":"product","link":"https:\/\/roveyayinevi.com.tr\/index.php\/urun\/kitap-kurdunun-yukselisi-2\/","title":{"rendered":"K\u0130TAP KURDU&#8217;NUN Y\u00dcKSEL\u0130\u015e\u0130  &#8211; 2"},"content":{"rendered":"<p>&#8220;K\u0130TAP OKUMAK \u0130ST\u0130YORUM!&#8221; K\u00e2\u011f\u0131d\u0131n inan\u0131lmaz derecede pahal\u0131 oldu\u011fu bu tuhaf d\u00fcnyadaki k\u00fc\u00e7\u00fck Myne&#8217;\u0131n istedi\u011fi yaln\u0131zca bu. Myne k\u00e2\u011f\u0131d\u0131 alam\u0131yorsa kendi yapmaya karar verip harekete ge\u00e7er fakat tercih etli\u011fi klasik y\u00f6ntemler say\u0131s\u0131z s\u0131k\u0131nt\u0131y\u0131 da beraberinde getirir. Umdu\u011fu gibi, sorunsuz bir \u015fekilde k\u00e2\u011f\u0131t yapabilece\u011fi g\u00fcnler gelecek mi dersiniz?Kitapseverler ve kitap k lan i\u00e7in yaz\u0131lm\u0131\u015f bu biblio-fantezi d\u00fcnyas\u0131na giri\u015f yap\u0131n!<\/p>\n","protected":false},"excerpt":{"rendered":"<p>&#8220;K\u0130TAP OKUMAK \u0130ST\u0130YORUM!&#8221; K\u00e2\u011f\u0131d\u0131n inan\u0131lmaz derecede pahal\u0131 oldu\u011fu bu tuhaf d\u00fcnyadaki k\u00fc\u00e7\u00fck Myne&#8217;\u0131n istedi\u011fi yaln\u0131zca bu. Myne k\u00e2\u011f\u0131d\u0131 alam\u0131yorsa kendi yapmaya karar verip harekete ge\u00e7er fakat<span class=\"excerpt-hellip\"> [\u2026]<\/span><\/p>\n","protected":false},"featured_media":0,"template":"","meta":{"_monsterinsights_skip_tracking":false,"_monsterinsights_sitenote_active":false,"_monsterinsights_sitenote_note":"","_monsterinsights_sitenote_category":0},"product_brand":[],"product_cat":[12416,12291],"product_tag":[],"class_list":{"0":"post-755810","1":"product","2":"type-product","3":"status-publish","5":"product_cat-cizgi-roman","6":"product_cat-edebiyat","7":"pa_cilt-ciltsiz","8":"pa_tur-kitap","9":"pa_yayinevi-beta-byou","10":"pa_yazar-miya-kazuki","12":"first","13":"instock","14":"sale","15":"shipping-taxable","16":"purchasable","17":"product-type-simple"},"_links":{"self":[{"href":"https:\/\/roveyayinevi.com.tr\/index.php\/wp-json\/wp\/v2\/product\/755810","targetHints":{"allow":["GET"]}}],"collection":[{"href":"https:\/\/roveyayinevi.com.tr\/index.php\/wp-json\/wp\/v2\/product"}],"about":[{"href":"https:\/\/roveyayinevi.com.tr\/index.php\/wp-json\/wp\/v2\/types\/product"}],"wp:attachment":[{"href":"https:\/\/roveyayinevi.com.tr\/index.php\/wp-json\/wp\/v2\/media?parent=755810"}],"wp:term":[{"taxonomy":"product_brand","embeddable":true,"href":"https:\/\/roveyayinevi.com.tr\/index.php\/wp-json\/wp\/v2\/product_brand?post=755810"},{"taxonomy":"product_cat","embeddable":true,"href":"https:\/\/roveyayinevi.com.tr\/index.php\/wp-json\/wp\/v2\/product_cat?post=755810"},{"taxonomy":"product_tag","embeddable":true,"href":"https:\/\/roveyayinevi.com.tr\/index.php\/wp-json\/wp\/v2\/product_tag?post=755810"}],"curies":[{"name":"wp","href":"https:\/\/api.w.org\/{rel}","templated":true}]}}