{"id":755804,"date":"2025-08-28T06:49:13","date_gmt":"2025-08-28T03:49:13","guid":{"rendered":"https:\/\/roveyayinevi.com.tr\/index.php\/urun\/pi-cemiyeti-ve-yalniz-bir-radyo-hikayesi\/"},"modified":"2026-04-16T03:08:53","modified_gmt":"2026-04-16T00:08:53","slug":"pi-cemiyeti-ve-yalniz-bir-radyo-hikayesi","status":"publish","type":"product","link":"https:\/\/roveyayinevi.com.tr\/index.php\/urun\/pi-cemiyeti-ve-yalniz-bir-radyo-hikayesi\/","title":{"rendered":"Pi Cemiyeti ve Yaln\u0131z Bir Radyo Hikayesi"},"content":{"rendered":"<p>Kimine g\u00f6re g\u00fcnler, g\u00fcn do\u011fumu ile ba\u015flar. Ancak baz\u0131 insanlar i\u00e7in g\u00fcn, gece oldu\u011funda ya\u015far. Gece olunca ya\u015fananlar, hayat\u0131 al\u0131nt\u0131lar. Kalabal\u0131\u011f\u0131n i\u00e7inde var olanlar de\u011fil&#8230; Yaln\u0131zl\u0131\u011f\u0131 g\u00f6ze alm\u0131\u015flar, gece olunca yaln\u0131z kalanlar\u0131 kar\u015f\u0131lar. Ve unutmay\u0131n: G\u00fcnd\u00fcz kendini g\u00f6stermeyen y\u0131ld\u0131zlar, yaln\u0131zca geceleri parlar. Buras\u0131 Pi\u015fman \u0130nsanlar Mahallesi, Umut Soka\u011f\u0131, No. 23.59. Son y\u0131ld\u0131z parlamaya devam edene dek, biz buralarday\u0131z. Bazen pi\u015fmanl\u0131klarla, ama en \u00e7ok umutla\u2026 Hepiniz Cemiyet\u2019e ho\u015f geldiniz. <\/p>\n","protected":false},"excerpt":{"rendered":"<p>Kimine g\u00f6re g\u00fcnler, g\u00fcn do\u011fumu ile ba\u015flar. Ancak baz\u0131 insanlar i\u00e7in g\u00fcn, gece oldu\u011funda ya\u015far. Gece olunca ya\u015fananlar, hayat\u0131 al\u0131nt\u0131lar. Kalabal\u0131\u011f\u0131n i\u00e7inde var olanlar de\u011fil&#8230; Yaln\u0131zl\u0131\u011f\u0131<span class=\"excerpt-hellip\"> [\u2026]<\/span><\/p>\n","protected":false},"featured_media":0,"template":"","meta":{"_monsterinsights_skip_tracking":false,"_monsterinsights_sitenote_active":false,"_monsterinsights_sitenote_note":"","_monsterinsights_sitenote_category":0},"product_brand":[],"product_cat":[12777,12291],"product_tag":[],"class_list":{"0":"post-755804","1":"product","2":"type-product","3":"status-publish","5":"product_cat-deneme","6":"product_cat-edebiyat","7":"pa_cilt-ciltsiz","8":"pa_tur-kitap","9":"pa_yayinevi-destek-yayinlari","10":"pa_yazar-reha-ozcan-aytek-teoman","12":"first","13":"instock","14":"sale","15":"shipping-taxable","16":"purchasable","17":"product-type-simple"},"_links":{"self":[{"href":"https:\/\/roveyayinevi.com.tr\/index.php\/wp-json\/wp\/v2\/product\/755804","targetHints":{"allow":["GET"]}}],"collection":[{"href":"https:\/\/roveyayinevi.com.tr\/index.php\/wp-json\/wp\/v2\/product"}],"about":[{"href":"https:\/\/roveyayinevi.com.tr\/index.php\/wp-json\/wp\/v2\/types\/product"}],"wp:attachment":[{"href":"https:\/\/roveyayinevi.com.tr\/index.php\/wp-json\/wp\/v2\/media?parent=755804"}],"wp:term":[{"taxonomy":"product_brand","embeddable":true,"href":"https:\/\/roveyayinevi.com.tr\/index.php\/wp-json\/wp\/v2\/product_brand?post=755804"},{"taxonomy":"product_cat","embeddable":true,"href":"https:\/\/roveyayinevi.com.tr\/index.php\/wp-json\/wp\/v2\/product_cat?post=755804"},{"taxonomy":"product_tag","embeddable":true,"href":"https:\/\/roveyayinevi.com.tr\/index.php\/wp-json\/wp\/v2\/product_tag?post=755804"}],"curies":[{"name":"wp","href":"https:\/\/api.w.org\/{rel}","templated":true}]}}