{"id":755801,"date":"2025-08-28T06:49:09","date_gmt":"2025-08-28T03:49:09","guid":{"rendered":"https:\/\/roveyayinevi.com.tr\/index.php\/urun\/kadinlar-ulkesi-uclemesi\/"},"modified":"2026-04-16T03:08:53","modified_gmt":"2026-04-16T00:08:53","slug":"kadinlar-ulkesi-uclemesi","status":"publish","type":"product","link":"https:\/\/roveyayinevi.com.tr\/index.php\/urun\/kadinlar-ulkesi-uclemesi\/","title":{"rendered":"Kad\u0131nlar \u00dclkesi \u00dc\u00e7lemesi"},"content":{"rendered":"<p>Charlotte Perkins Gilman, Kad\u0131nlar \u00dclkesi \u00dc\u00e7lemesi\u2019nin ilk kitab\u0131 Da\u011f\u0131 Yerinden Oynatmak\u2019ta, otuz y\u0131l i\u00e7inde d\u00fcnyan\u0131n ne kadar de\u011fi\u015febilece\u011fine de\u011finir ve asl\u0131ndan tamamen farkl\u0131 bir d\u00fcnya ortaya koyar. \u00dc\u00e7lemenin ikinci kitab\u0131 Kad\u0131nlar \u00dclkesi\u2019nde, sadece kad\u0131nlar\u0131n ya\u015fad\u0131\u011f\u0131 ve sevginin, dayan\u0131\u015fman\u0131n, bar\u0131\u015f\u0131n h\u00fck\u00fcm s\u00fcrd\u00fc\u011f\u00fc \u00fctopik bir \u00fclke yarat\u0131r. Kad\u0131nlar \u00dclkesi\u2019nin devam\u0131 niteli\u011finde kaleme ald\u0131\u011f\u0131 \u00fc\u00e7lemenin son kitab\u0131 Bizim \u00dclkemiz\u2019de ise, anlatt\u0131\u011f\u0131 d\u00f6nemi t\u00fcm ger\u00e7ekli\u011fiyle ele al\u0131r. Bu manada \u00fc\u00e7lemenin di\u011fer kitaplar\u0131ndan ayr\u0131lan Bizim \u00dclkemiz art\u0131k bir \u00fctopya de\u011fildir; sava\u015f\u0131n, \u0131rksal \u00f6nyarg\u0131lar\u0131n, cinsiyet ayr\u0131mc\u0131l\u0131\u011f\u0131n\u0131n, politikan\u0131n, ekonominin, geleneklerin ve daha pek \u00e7ok toplumsal sorunun ele al\u0131nd\u0131\u011f\u0131 bir eserdir. Kad\u0131nlar \u00dclkesi \u00dc\u00e7lemesi bir seri olarak T\u00fcrk\u00e7eye ilk defa Cem Yay\u0131nevi taraf\u0131ndan \u00e7evrilmi\u015ftir. <\/p>\n","protected":false},"excerpt":{"rendered":"<p>Charlotte Perkins Gilman, Kad\u0131nlar \u00dclkesi \u00dc\u00e7lemesi\u2019nin ilk kitab\u0131 Da\u011f\u0131 Yerinden Oynatmak\u2019ta, otuz y\u0131l i\u00e7inde d\u00fcnyan\u0131n ne kadar de\u011fi\u015febilece\u011fine de\u011finir ve asl\u0131ndan tamamen farkl\u0131 bir d\u00fcnya ortaya<span class=\"excerpt-hellip\"> [\u2026]<\/span><\/p>\n","protected":false},"featured_media":0,"template":"","meta":{"_monsterinsights_skip_tracking":false,"_monsterinsights_sitenote_active":false,"_monsterinsights_sitenote_note":"","_monsterinsights_sitenote_category":0},"product_brand":[],"product_cat":[12540,12291],"product_tag":[],"class_list":{"0":"post-755801","1":"product","2":"type-product","3":"status-publish","5":"product_cat-bilim-kurgu","6":"product_cat-edebiyat","7":"pa_cilt-ciltsiz","8":"pa_tur-kitap","9":"pa_yayinevi-cem-yayinevi","10":"pa_yazar-charlotte-perkins-gilman","12":"first","13":"instock","14":"sale","15":"shipping-taxable","16":"purchasable","17":"product-type-simple"},"_links":{"self":[{"href":"https:\/\/roveyayinevi.com.tr\/index.php\/wp-json\/wp\/v2\/product\/755801","targetHints":{"allow":["GET"]}}],"collection":[{"href":"https:\/\/roveyayinevi.com.tr\/index.php\/wp-json\/wp\/v2\/product"}],"about":[{"href":"https:\/\/roveyayinevi.com.tr\/index.php\/wp-json\/wp\/v2\/types\/product"}],"wp:attachment":[{"href":"https:\/\/roveyayinevi.com.tr\/index.php\/wp-json\/wp\/v2\/media?parent=755801"}],"wp:term":[{"taxonomy":"product_brand","embeddable":true,"href":"https:\/\/roveyayinevi.com.tr\/index.php\/wp-json\/wp\/v2\/product_brand?post=755801"},{"taxonomy":"product_cat","embeddable":true,"href":"https:\/\/roveyayinevi.com.tr\/index.php\/wp-json\/wp\/v2\/product_cat?post=755801"},{"taxonomy":"product_tag","embeddable":true,"href":"https:\/\/roveyayinevi.com.tr\/index.php\/wp-json\/wp\/v2\/product_tag?post=755801"}],"curies":[{"name":"wp","href":"https:\/\/api.w.org\/{rel}","templated":true}]}}