{"id":755799,"date":"2025-08-28T06:49:06","date_gmt":"2025-08-28T03:49:06","guid":{"rendered":"https:\/\/roveyayinevi.com.tr\/index.php\/urun\/cocuklar-icin-felsefe-seti-1\/"},"modified":"2026-04-16T03:08:53","modified_gmt":"2026-04-16T00:08:53","slug":"cocuklar-icin-felsefe-seti-1","status":"publish","type":"product","link":"https:\/\/roveyayinevi.com.tr\/index.php\/urun\/cocuklar-icin-felsefe-seti-1\/","title":{"rendered":"\u00c7ocuklar \u0130\u00e7in Felsefe Seti &#8211; 1"},"content":{"rendered":"<p>\u00c7ocuklarla y\u00fcr\u00fctt\u00fc\u011f\u00fc felsefe \u00e7al\u0131\u015fmalar\u0131yla tan\u0131nan \u201c\u00c7ocuklar i\u00e7in Felsefe\u201d e\u011fitmeni \u00d6zge \u00d6zdemir\u2019in kitaplar\u0131 ile \u00e7ocuklar, ya\u015famda kar\u015f\u0131la\u015ft\u0131klar\u0131 zorluklar \u00fczerine d\u00fc\u015f\u00fcnme, ak\u0131l y\u00fcr\u00fctme, s\u0131k\u00e7a kulland\u0131\u011f\u0131m\u0131z kavramlar\u0131 daha iyi anlama f\u0131rsat\u0131 bulacak. Kitaplarda bir felsefe kul\u00fcb\u00fcnde toplanan \u00e7ocuklar kendi bak\u0131\u015f a\u00e7\u0131lar\u0131yla kavramlar\u0131, olaylar\u0131 sorguluyor. \u00c7ocuklar\u0131n yorumuyla pek \u00e7ok kavram etraf\u0131nda geli\u015fen diyaloglar, okurlara farkl\u0131 pencereler a\u00e7\u0131yor. Kitaplarda yer alan Ezgi Platin\u2019in \u2018harf \u00e7izim\u2019leri ise kavramlara e\u011flenceli bir yorum getiriyor.<\/p>\n","protected":false},"excerpt":{"rendered":"<p>\u00c7ocuklarla y\u00fcr\u00fctt\u00fc\u011f\u00fc felsefe \u00e7al\u0131\u015fmalar\u0131yla tan\u0131nan \u201c\u00c7ocuklar i\u00e7in Felsefe\u201d e\u011fitmeni \u00d6zge \u00d6zdemir\u2019in kitaplar\u0131 ile \u00e7ocuklar, ya\u015famda kar\u015f\u0131la\u015ft\u0131klar\u0131 zorluklar \u00fczerine d\u00fc\u015f\u00fcnme, ak\u0131l y\u00fcr\u00fctme, s\u0131k\u00e7a kulland\u0131\u011f\u0131m\u0131z kavramlar\u0131 daha iyi<span class=\"excerpt-hellip\"> [\u2026]<\/span><\/p>\n","protected":false},"featured_media":0,"template":"","meta":{"_monsterinsights_skip_tracking":false,"_monsterinsights_sitenote_active":false,"_monsterinsights_sitenote_note":"","_monsterinsights_sitenote_category":0},"product_brand":[],"product_cat":[12274,12631],"product_tag":[],"class_list":{"0":"post-755799","1":"product","2":"type-product","3":"status-publish","5":"product_cat-cocuk-ve-genclik-kitaplari","6":"product_cat-diger-cocuk-ve-genclik-kitaplari","7":"pa_cilt-ciltsiz","8":"pa_tur-kitap","9":"pa_yayinevi-redhouse-kidz-yayinlari","10":"pa_yazar-ozge-ozdemir","12":"first","13":"instock","14":"sale","15":"shipping-taxable","16":"purchasable","17":"product-type-simple"},"_links":{"self":[{"href":"https:\/\/roveyayinevi.com.tr\/index.php\/wp-json\/wp\/v2\/product\/755799","targetHints":{"allow":["GET"]}}],"collection":[{"href":"https:\/\/roveyayinevi.com.tr\/index.php\/wp-json\/wp\/v2\/product"}],"about":[{"href":"https:\/\/roveyayinevi.com.tr\/index.php\/wp-json\/wp\/v2\/types\/product"}],"wp:attachment":[{"href":"https:\/\/roveyayinevi.com.tr\/index.php\/wp-json\/wp\/v2\/media?parent=755799"}],"wp:term":[{"taxonomy":"product_brand","embeddable":true,"href":"https:\/\/roveyayinevi.com.tr\/index.php\/wp-json\/wp\/v2\/product_brand?post=755799"},{"taxonomy":"product_cat","embeddable":true,"href":"https:\/\/roveyayinevi.com.tr\/index.php\/wp-json\/wp\/v2\/product_cat?post=755799"},{"taxonomy":"product_tag","embeddable":true,"href":"https:\/\/roveyayinevi.com.tr\/index.php\/wp-json\/wp\/v2\/product_tag?post=755799"}],"curies":[{"name":"wp","href":"https:\/\/api.w.org\/{rel}","templated":true}]}}