{"id":755797,"date":"2025-08-28T06:49:04","date_gmt":"2025-08-28T03:49:04","guid":{"rendered":"https:\/\/roveyayinevi.com.tr\/index.php\/urun\/early-readers-1-susie-and-freds-adventures\/"},"modified":"2026-04-16T03:08:53","modified_gmt":"2026-04-16T00:08:53","slug":"early-readers-1-susie-and-freds-adventures","status":"publish","type":"product","link":"https:\/\/roveyayinevi.com.tr\/index.php\/urun\/early-readers-1-susie-and-freds-adventures\/","title":{"rendered":"Early Readers 1 &#8211; Susie and Fred\u2019s Adventures"},"content":{"rendered":"<p>Redhouse Early Readers, Susie ve Fred\u2019in e\u011flenceli maceralar\u0131n\u0131 \u0130ngilizceyi \u00f6\u011frenmeye ba\u015flayan \u00e7ocuklarla bulu\u015fturuyor. Uzun y\u0131llar boyunca \u0130ngilizce \u00f6\u011fretmenli\u011fi yapan Sarah Sweeney\u2019in yazd\u0131\u011f\u0131, ilkokul m\u00fcfredat\u0131yla uyumlu olarak haz\u0131rlanan Redhouse Early Readers 1, \u00fc\u00e7 kitaptan olu\u015fuyor. Her kitap okudu\u011funu anlama, kelime al\u0131\u015ft\u0131rmalar\u0131, yazma ve konu\u015fma etkinlikleri ve resimli s\u00f6zl\u00fckleriyle \u00e7ocuklara \u00f6\u011frendiklerini peki\u015ftirme f\u0131rsat\u0131 sunuyor.Ba\u015flang\u0131\u00e7 seviyesindeki kitaplar, k\u0131sa \u00f6yk\u00fcler ve basit c\u00fcmlelerle \u0130ngilizce \u00f6\u011frenmeye yeni ba\u015flayan \u00e7ocuklara e\u011flenceli bir okuma deneyimi ya\u015fat\u0131yor. <\/p>\n","protected":false},"excerpt":{"rendered":"<p>Redhouse Early Readers, Susie ve Fred\u2019in e\u011flenceli maceralar\u0131n\u0131 \u0130ngilizceyi \u00f6\u011frenmeye ba\u015flayan \u00e7ocuklarla bulu\u015fturuyor. Uzun y\u0131llar boyunca \u0130ngilizce \u00f6\u011fretmenli\u011fi yapan Sarah Sweeney\u2019in yazd\u0131\u011f\u0131, ilkokul m\u00fcfredat\u0131yla uyumlu olarak<span class=\"excerpt-hellip\"> [\u2026]<\/span><\/p>\n","protected":false},"featured_media":0,"template":"","meta":{"_monsterinsights_skip_tracking":false,"_monsterinsights_sitenote_active":false,"_monsterinsights_sitenote_note":"","_monsterinsights_sitenote_category":0},"product_brand":[],"product_cat":[12274,12284],"product_tag":[],"class_list":{"0":"post-755797","1":"product","2":"type-product","3":"status-publish","5":"product_cat-cocuk-ve-genclik-kitaplari","6":"product_cat-hikayeler","7":"pa_cilt-ciltsiz","8":"pa_tur-kitap","9":"pa_yayinevi-redhouse-yayinlari","10":"pa_yazar-sarah-sweeney","12":"first","13":"instock","14":"sale","15":"shipping-taxable","16":"purchasable","17":"product-type-simple"},"_links":{"self":[{"href":"https:\/\/roveyayinevi.com.tr\/index.php\/wp-json\/wp\/v2\/product\/755797","targetHints":{"allow":["GET"]}}],"collection":[{"href":"https:\/\/roveyayinevi.com.tr\/index.php\/wp-json\/wp\/v2\/product"}],"about":[{"href":"https:\/\/roveyayinevi.com.tr\/index.php\/wp-json\/wp\/v2\/types\/product"}],"wp:attachment":[{"href":"https:\/\/roveyayinevi.com.tr\/index.php\/wp-json\/wp\/v2\/media?parent=755797"}],"wp:term":[{"taxonomy":"product_brand","embeddable":true,"href":"https:\/\/roveyayinevi.com.tr\/index.php\/wp-json\/wp\/v2\/product_brand?post=755797"},{"taxonomy":"product_cat","embeddable":true,"href":"https:\/\/roveyayinevi.com.tr\/index.php\/wp-json\/wp\/v2\/product_cat?post=755797"},{"taxonomy":"product_tag","embeddable":true,"href":"https:\/\/roveyayinevi.com.tr\/index.php\/wp-json\/wp\/v2\/product_tag?post=755797"}],"curies":[{"name":"wp","href":"https:\/\/api.w.org\/{rel}","templated":true}]}}