{"id":755793,"date":"2025-08-28T06:48:58","date_gmt":"2025-08-28T03:48:58","guid":{"rendered":"https:\/\/roveyayinevi.com.tr\/index.php\/urun\/denek-3-8-3\/"},"modified":"2026-04-08T03:16:30","modified_gmt":"2026-04-08T00:16:30","slug":"denek-3-8-3","status":"publish","type":"product","link":"https:\/\/roveyayinevi.com.tr\/index.php\/urun\/denek-3-8-3\/","title":{"rendered":"Denek 3.8.3"},"content":{"rendered":"<p>\u201cOldu\u011fu yerde do\u011fruldu, korku ve endi\u015fe dolu g\u00f6zlerle etraf\u0131na bak\u0131nd\u0131. Manzara korkun\u00e7 oldu\u011fu kadar, s\u00fcrekli bir devinim i\u00e7indeydi de. Yak\u0131n\u0131ndaki a\u011fa\u00e7lar\u0131n kimi devriliyor, kimi de sanki toprak alt\u0131ndaki bir g\u00fc\u00e7 taraf\u0131ndan d\u00fcnyan\u0131n merkezine do\u011fru \u00e7ekiliyordu.\u201d \u00dczerinde uygulanm\u0131\u015f t\u00fcyler \u00fcrpertici deneyler sebebiyle ge\u00e7mi\u015fini hat\u0131rlamayan bir tetik\u00e7i, \u0130stanbul\u2019da meydana gelecek \u00e7ok b\u00fcy\u00fck bir afetle ilgili imgeler g\u00f6r\u00fcr. Acaba bunlar gelecekte olacak olaylara dair birer \u00f6ng\u00f6r\u00fc m\u00fc yoksa kendi gibi y\u00fczlerce dene\u011fin ba\u015f\u0131na gelen bir yan etki midir? Bu sorular gizemini s\u00fcrd\u00fcr\u00fcrken, tetik\u00e7i, yak\u0131n arkada\u015f\u0131 Aras\u2019la birlikte kendini beklenmedik bir kovalamacan\u0131n i\u00e7inde bulur. Umut Tayan\u2019\u0131n ilk kitab\u0131 Ambrosia\u2019yla ba\u015flayan nefes kesici macera, kadim dinlerin be\u015fi\u011fi olmu\u015f Mardin\u2019de, Mor Gabriel Manast\u0131r\u0131\u2019n\u0131n as\u0131rlara tan\u0131kl\u0131k etmi\u015f gizemli ta\u015flar\u0131 aras\u0131nda son buluyor ve Ambrosia projesiyle ilgili t\u00fcm s\u0131rlar bu kitapta ortaya \u00e7\u0131k\u0131yor.<\/p>\n","protected":false},"excerpt":{"rendered":"<p>\u201cOldu\u011fu yerde do\u011fruldu, korku ve endi\u015fe dolu g\u00f6zlerle etraf\u0131na bak\u0131nd\u0131. Manzara korkun\u00e7 oldu\u011fu kadar, s\u00fcrekli bir devinim i\u00e7indeydi de. Yak\u0131n\u0131ndaki a\u011fa\u00e7lar\u0131n kimi devriliyor, kimi de sanki<span class=\"excerpt-hellip\"> [\u2026]<\/span><\/p>\n","protected":false},"featured_media":0,"template":"","meta":{"_monsterinsights_skip_tracking":false,"_monsterinsights_sitenote_active":false,"_monsterinsights_sitenote_note":"","_monsterinsights_sitenote_category":0},"product_brand":[],"product_cat":[12291,12711],"product_tag":[],"class_list":{"0":"post-755793","1":"product","2":"type-product","3":"status-publish","5":"product_cat-edebiyat","6":"product_cat-roman-oyku","7":"pa_cilt-ciltsiz","8":"pa_tur-kitap","9":"pa_yayinevi-bilgi-yayinevi","10":"pa_yazar-umut-tayan","12":"first","13":"instock","14":"sale","15":"shipping-taxable","16":"purchasable","17":"product-type-simple"},"_links":{"self":[{"href":"https:\/\/roveyayinevi.com.tr\/index.php\/wp-json\/wp\/v2\/product\/755793","targetHints":{"allow":["GET"]}}],"collection":[{"href":"https:\/\/roveyayinevi.com.tr\/index.php\/wp-json\/wp\/v2\/product"}],"about":[{"href":"https:\/\/roveyayinevi.com.tr\/index.php\/wp-json\/wp\/v2\/types\/product"}],"wp:attachment":[{"href":"https:\/\/roveyayinevi.com.tr\/index.php\/wp-json\/wp\/v2\/media?parent=755793"}],"wp:term":[{"taxonomy":"product_brand","embeddable":true,"href":"https:\/\/roveyayinevi.com.tr\/index.php\/wp-json\/wp\/v2\/product_brand?post=755793"},{"taxonomy":"product_cat","embeddable":true,"href":"https:\/\/roveyayinevi.com.tr\/index.php\/wp-json\/wp\/v2\/product_cat?post=755793"},{"taxonomy":"product_tag","embeddable":true,"href":"https:\/\/roveyayinevi.com.tr\/index.php\/wp-json\/wp\/v2\/product_tag?post=755793"}],"curies":[{"name":"wp","href":"https:\/\/api.w.org\/{rel}","templated":true}]}}