{"id":755792,"date":"2025-08-28T06:48:57","date_gmt":"2025-08-28T03:48:57","guid":{"rendered":"https:\/\/roveyayinevi.com.tr\/index.php\/urun\/basketbol-gencler-liginde-oynayan-basketbolcularin-beslenme-bilgi-duzeylerinin-cesitli-degiskenler-bakimindan-karsilastirimasi\/"},"modified":"2026-04-16T03:08:53","modified_gmt":"2026-04-16T00:08:53","slug":"basketbol-gencler-liginde-oynayan-basketbolcularin-beslenme-bilgi-duzeylerinin-cesitli-degiskenler-bakimindan-karsilastirimasi","status":"publish","type":"product","link":"https:\/\/roveyayinevi.com.tr\/index.php\/urun\/basketbol-gencler-liginde-oynayan-basketbolcularin-beslenme-bilgi-duzeylerinin-cesitli-degiskenler-bakimindan-karsilastirimasi\/","title":{"rendered":"Basketbol Gen\u00e7ler Liginde Oynayan Basketbolcular\u0131n Beslenme Bilgi D\u00fczeylerinin \u00c7e\u015fitli De\u011fi\u015fkenler Bak\u0131m\u0131ndan Kar\u015f\u0131la\u015ft\u0131r\u0131mas\u0131"},"content":{"rendered":"<p>\u0130\u00e7indekiler       B\u00d6L\u00dcM \u2013 I 1. G\u0130R\u0130\u015e   B\u00d6L\u00dcM &#8211; II 2. GENEL B\u0130LG\u0130LER   B\u00d6L\u00dcM \u2013 III 3.Y\u00d6NTEM   4.BULGULAR VE YORUM   B\u00d6L\u00dcM \u2013 V 5.TARTI\u015eMA VE SONU\u00c7   6.KAYNAK\u00c7A   EKLER <\/p>\n","protected":false},"excerpt":{"rendered":"<p>\u0130\u00e7indekiler B\u00d6L\u00dcM \u2013 I 1. G\u0130R\u0130\u015e B\u00d6L\u00dcM &#8211; II 2. GENEL B\u0130LG\u0130LER B\u00d6L\u00dcM \u2013 III 3.Y\u00d6NTEM 4.BULGULAR VE YORUM B\u00d6L\u00dcM \u2013 V 5.TARTI\u015eMA VE SONU\u00c7 6.KAYNAK\u00c7A<span class=\"excerpt-hellip\"> [\u2026]<\/span><\/p>\n","protected":false},"featured_media":0,"template":"","meta":{"_monsterinsights_skip_tracking":false,"_monsterinsights_sitenote_active":false,"_monsterinsights_sitenote_note":"","_monsterinsights_sitenote_category":0},"product_brand":[],"product_cat":[15563,15564],"product_tag":[],"class_list":{"0":"post-755792","1":"product","2":"type-product","3":"status-publish","5":"product_cat-hobi","6":"product_cat-spor","7":"pa_cilt-ciltsiz","8":"pa_tur-kitap","9":"pa_yayinevi-gazi-kitabevi","10":"pa_yazar-osman-yuksel-emin-suel","12":"first","13":"instock","14":"sale","15":"shipping-taxable","16":"purchasable","17":"product-type-simple"},"_links":{"self":[{"href":"https:\/\/roveyayinevi.com.tr\/index.php\/wp-json\/wp\/v2\/product\/755792","targetHints":{"allow":["GET"]}}],"collection":[{"href":"https:\/\/roveyayinevi.com.tr\/index.php\/wp-json\/wp\/v2\/product"}],"about":[{"href":"https:\/\/roveyayinevi.com.tr\/index.php\/wp-json\/wp\/v2\/types\/product"}],"wp:attachment":[{"href":"https:\/\/roveyayinevi.com.tr\/index.php\/wp-json\/wp\/v2\/media?parent=755792"}],"wp:term":[{"taxonomy":"product_brand","embeddable":true,"href":"https:\/\/roveyayinevi.com.tr\/index.php\/wp-json\/wp\/v2\/product_brand?post=755792"},{"taxonomy":"product_cat","embeddable":true,"href":"https:\/\/roveyayinevi.com.tr\/index.php\/wp-json\/wp\/v2\/product_cat?post=755792"},{"taxonomy":"product_tag","embeddable":true,"href":"https:\/\/roveyayinevi.com.tr\/index.php\/wp-json\/wp\/v2\/product_tag?post=755792"}],"curies":[{"name":"wp","href":"https:\/\/api.w.org\/{rel}","templated":true}]}}