{"id":755789,"date":"2025-08-28T06:48:54","date_gmt":"2025-08-28T03:48:54","guid":{"rendered":"https:\/\/roveyayinevi.com.tr\/index.php\/urun\/ebeveynle-soylesi\/"},"modified":"2026-04-16T03:08:53","modified_gmt":"2026-04-16T00:08:53","slug":"ebeveynle-soylesi","status":"publish","type":"product","link":"https:\/\/roveyayinevi.com.tr\/index.php\/urun\/ebeveynle-soylesi\/","title":{"rendered":"Ebeveynle S\u00f6yle\u015fi"},"content":{"rendered":"<p>\u00c7ocuklar fark\u0131nda olmasalar da, anne babalar\u0131n\u0131 haz\u0131r kabuller ve yarg\u0131larla de\u011ferlendirme e\u011filimindedir. Onlar\u0131 ebeveynlik rolleri \u00e7er\u00e7evesinde \u00e7ocuk yeti\u015ftirme g\u00f6revinin ta\u015f\u0131y\u0131c\u0131s\u0131 olarak g\u00f6r\u00fcrler ve bu tutum, \u00e7o\u011fu zaman b\u00fcy\u00fcy\u00fcp yeti\u015fkin olduklar\u0131nda da devam eder. Oysa ebeveynlerimiz bizimle ili\u015fkilerinin \u00f6tesinde, kendi hayat hik\u00e2yeleri olan ba\u011f\u0131ms\u0131z bireylerdir. \u00dcstelik hem ki\u015fili\u011fimiz hem hayat\u0131m\u0131z\u0131n seyri \u00fczerinde sand\u0131\u011f\u0131m\u0131zdan daha fazla etkileri vard\u0131r&#8230; Anne baban\u0131z\u0131 ne kadar tan\u0131yorsunuz? Onlar\u0131n \u00e7ocukluklar\u0131, okul hayatlar\u0131, gen\u00e7lik hayalleri, idealleri, \u00f6zlemleri hakk\u0131nda ne biliyorsunuz? Sizin hayat\u0131n\u0131zla ortak yanlar\u0131 ya da farkl\u0131l\u0131klar\u0131 neler? Bunlar\u0131 bilmek neden \u00f6nemli? Anne baban\u0131z\u0131 ger\u00e7ekten tan\u0131mak, kendinizi ya da onlarla ili\u015fkinizi anlaman\u0131za katk\u0131da bulunabilir mi? Ebeveynlerinizin hayat\u0131n\u0131zda \u201cyak\u0131n yabanc\u0131lar\u201d olarak yer almalar\u0131n\u0131n bedeli nedir? Onlar\u0131 tan\u0131mak y\u00f6n\u00fcnde nas\u0131l ad\u0131m atabilirsiniz? Bu deneyim, sizin ve ebeveyninizin hayat\u0131nda ne de\u011fi\u015ftirir ve hangi alanlar\u0131na etki eder? Psikolog Ren\u00e9 Diekstra\u2019n\u0131n kaleme ald\u0131\u011f\u0131 Ebeveynle S\u00f6yle\u015fi: Anne Babam\u0131z\u0131 Tan\u0131mak \u0130\u00e7in Sohbet K\u0131lavuzu ya\u015fam d\u00f6ng\u00fcs\u00fc yakla\u015f\u0131m\u0131ndan ilhamla, ebeveynlerimizi derinlemesine tan\u0131may\u0131 sal\u0131k veriyor. Yazar, g\u00f6zlem ve deneyimi yard\u0131m\u0131yla olu\u015fturdu\u011fu anne babay\u0131 tan\u0131ma ama\u00e7l\u0131 s\u00f6yle\u015fi k\u0131lavuzunun yan\u0131 s\u0131ra, bu heyecan verici kar\u015f\u0131la\u015fmaya dair pratik ipu\u00e7lar\u0131 sunuyor. Ebeveyniyle tan\u0131\u015fmak, yak\u0131nla\u015fmak ve anlaml\u0131 bir ili\u015fki s\u00fcrd\u00fcrmek isteyen yeti\u015fkin \u00e7ocuklar i\u00e7in de\u011ferli bir kaynak&#8230;<\/p>\n","protected":false},"excerpt":{"rendered":"<p>\u00c7ocuklar fark\u0131nda olmasalar da, anne babalar\u0131n\u0131 haz\u0131r kabuller ve yarg\u0131larla de\u011ferlendirme e\u011filimindedir. Onlar\u0131 ebeveynlik rolleri \u00e7er\u00e7evesinde \u00e7ocuk yeti\u015ftirme g\u00f6revinin ta\u015f\u0131y\u0131c\u0131s\u0131 olarak g\u00f6r\u00fcrler ve bu tutum, \u00e7o\u011fu<span class=\"excerpt-hellip\"> [\u2026]<\/span><\/p>\n","protected":false},"featured_media":0,"template":"","meta":{"_monsterinsights_skip_tracking":false,"_monsterinsights_sitenote_active":false,"_monsterinsights_sitenote_note":"","_monsterinsights_sitenote_category":0},"product_brand":[],"product_cat":[12679,12357],"product_tag":[],"class_list":{"0":"post-755789","1":"product","2":"type-product","3":"status-publish","5":"product_cat-cocuk-psikolojisi","6":"product_cat-psikoloji","7":"pa_cilt-ciltsiz","8":"pa_tur-kitap","9":"pa_yayinevi-iletisim-yayinlari","10":"pa_yazar-rene-diekstra","12":"first","13":"instock","14":"sale","15":"shipping-taxable","16":"purchasable","17":"product-type-simple"},"_links":{"self":[{"href":"https:\/\/roveyayinevi.com.tr\/index.php\/wp-json\/wp\/v2\/product\/755789","targetHints":{"allow":["GET"]}}],"collection":[{"href":"https:\/\/roveyayinevi.com.tr\/index.php\/wp-json\/wp\/v2\/product"}],"about":[{"href":"https:\/\/roveyayinevi.com.tr\/index.php\/wp-json\/wp\/v2\/types\/product"}],"wp:attachment":[{"href":"https:\/\/roveyayinevi.com.tr\/index.php\/wp-json\/wp\/v2\/media?parent=755789"}],"wp:term":[{"taxonomy":"product_brand","embeddable":true,"href":"https:\/\/roveyayinevi.com.tr\/index.php\/wp-json\/wp\/v2\/product_brand?post=755789"},{"taxonomy":"product_cat","embeddable":true,"href":"https:\/\/roveyayinevi.com.tr\/index.php\/wp-json\/wp\/v2\/product_cat?post=755789"},{"taxonomy":"product_tag","embeddable":true,"href":"https:\/\/roveyayinevi.com.tr\/index.php\/wp-json\/wp\/v2\/product_tag?post=755789"}],"curies":[{"name":"wp","href":"https:\/\/api.w.org\/{rel}","templated":true}]}}