{"id":755786,"date":"2025-08-28T06:48:52","date_gmt":"2025-08-28T03:48:52","guid":{"rendered":"https:\/\/roveyayinevi.com.tr\/index.php\/urun\/20-dusunme-araci\/"},"modified":"2026-04-16T03:08:52","modified_gmt":"2026-04-16T00:08:52","slug":"20-dusunme-araci","status":"publish","type":"product","link":"https:\/\/roveyayinevi.com.tr\/index.php\/urun\/20-dusunme-araci\/","title":{"rendered":"20 D\u00fc\u015f\u00fcnme Arac\u0131"},"content":{"rendered":"<p>Bir an i\u00e7in okullar\u0131m\u0131zdaki \u00f6\u011frencilerin hi\u00e7 matematik \u00f6\u011frenmeden mezun olacaklar\u0131n\u0131 d\u00fc\u015f\u00fcnelim. Nas\u0131l bir velvele kopard\u0131 acaba? \u015eimdi de \u00e7o\u011funun do\u011fru d\u00fczg\u00fcn okuma yazma \u00f6\u011frenemedi\u011fini hayal edelim; toplum olarak nas\u0131l deh\u015fete d\u00fc\u015ferdik de\u011fil mi? Peki ya soru sormay\u0131, sorgulamay\u0131 \u00f6\u011frenmeden mezun olmalar\u0131na ne buyrulur? Bu da en az bu iki durum kadar endi\u015fe verici olmaz m\u0131? 20 D\u00fc\u015f\u00fcnme Arac\u0131, hem \u00f6\u011fretmenler hem \u00f6\u011frenciler hem de \u00e7ocuklar\u0131n d\u00fc\u015f\u00fcnme ve sorgulama becerilerinin geli\u015fimini \u00f6nemseyen ebeveynler i\u00e7in basit ama etkili bir yol sunuyor. \u00c7ocuklar\u0131n ve gen\u00e7lerin Sokratik soru\u015fturma teknikleriyle tan\u0131\u015fmas\u0131n\u0131 ve kendi ba\u015flar\u0131na d\u00fc\u015f\u00fcnme ve karar alma yeteneklerini geli\u015ftirmesini isteyen ve bunun hem bireysel hem de toplumsal bir mesele oldu\u011funu d\u00fc\u015f\u00fcnen herkes i\u00e7in yepyeni bir ba\u015fvuru kayna\u011f\u0131. <\/p>\n","protected":false},"excerpt":{"rendered":"<p>Bir an i\u00e7in okullar\u0131m\u0131zdaki \u00f6\u011frencilerin hi\u00e7 matematik \u00f6\u011frenmeden mezun olacaklar\u0131n\u0131 d\u00fc\u015f\u00fcnelim. Nas\u0131l bir velvele kopard\u0131 acaba? \u015eimdi de \u00e7o\u011funun do\u011fru d\u00fczg\u00fcn okuma yazma \u00f6\u011frenemedi\u011fini hayal edelim;<span class=\"excerpt-hellip\"> [\u2026]<\/span><\/p>\n","protected":false},"featured_media":0,"template":"","meta":{"_monsterinsights_skip_tracking":false,"_monsterinsights_sitenote_active":false,"_monsterinsights_sitenote_note":"","_monsterinsights_sitenote_category":0},"product_brand":[],"product_cat":[20351,12388],"product_tag":[],"class_list":{"0":"post-755786","1":"product","2":"type-product","3":"status-publish","5":"product_cat-dusunce","6":"product_cat-felsefe","7":"pa_cilt-ciltsiz","8":"pa_tur-kitap","9":"pa_yayinevi-say-yayinlari","10":"pa_yazar-philip-cam","12":"first","13":"instock","14":"sale","15":"shipping-taxable","16":"purchasable","17":"product-type-simple"},"_links":{"self":[{"href":"https:\/\/roveyayinevi.com.tr\/index.php\/wp-json\/wp\/v2\/product\/755786","targetHints":{"allow":["GET"]}}],"collection":[{"href":"https:\/\/roveyayinevi.com.tr\/index.php\/wp-json\/wp\/v2\/product"}],"about":[{"href":"https:\/\/roveyayinevi.com.tr\/index.php\/wp-json\/wp\/v2\/types\/product"}],"wp:attachment":[{"href":"https:\/\/roveyayinevi.com.tr\/index.php\/wp-json\/wp\/v2\/media?parent=755786"}],"wp:term":[{"taxonomy":"product_brand","embeddable":true,"href":"https:\/\/roveyayinevi.com.tr\/index.php\/wp-json\/wp\/v2\/product_brand?post=755786"},{"taxonomy":"product_cat","embeddable":true,"href":"https:\/\/roveyayinevi.com.tr\/index.php\/wp-json\/wp\/v2\/product_cat?post=755786"},{"taxonomy":"product_tag","embeddable":true,"href":"https:\/\/roveyayinevi.com.tr\/index.php\/wp-json\/wp\/v2\/product_tag?post=755786"}],"curies":[{"name":"wp","href":"https:\/\/api.w.org\/{rel}","templated":true}]}}