{"id":755785,"date":"2025-08-28T06:48:50","date_gmt":"2025-08-28T03:48:50","guid":{"rendered":"https:\/\/roveyayinevi.com.tr\/index.php\/urun\/visne-bahcesi-oyunlar-cilt-2\/"},"modified":"2026-03-04T03:36:04","modified_gmt":"2026-03-04T00:36:04","slug":"visne-bahcesi-oyunlar-cilt-2","status":"publish","type":"product","link":"https:\/\/roveyayinevi.com.tr\/index.php\/urun\/visne-bahcesi-oyunlar-cilt-2\/","title":{"rendered":"Vi\u015fne Bah\u00e7esi &#8211; Oyunlar Cilt 2"},"content":{"rendered":"<p>Vi\u015fne Bah\u00e7esi, tiyatro tarihinde Shakespeare\u2019e denk bir etki yaratan Anton \u00c7ehov\u2019un \u00fc\u00e7 unutulmaz oyunundan olu\u015fuyor. Vi\u015fne Bah\u00e7esi, Vanya Day\u0131 ve \u00dc\u00e7 K\u0131z Karde\u015f\u2019te \u00c7ehov serfli\u011fin kald\u0131r\u0131lmas\u0131yla \u00e7\u00f6ken aristokrasi ile kapitalizme ge\u00e7i\u015fin habercisi sosyal de\u011fi\u015fimler aras\u0131nda s\u0131k\u0131\u015fm\u0131\u015f bir toplumun nabz\u0131n\u0131 tutan \u00e7arp\u0131c\u0131 hik\u00e2yeleri tiyatro formuna yeni bir perspektif kazand\u0131rarak sunar. Komedi, trajedi ve fars\u0131n olanaklar\u0131n\u0131 devrin tiyatro seyircileri ve ele\u015ftirmenlerini \u015fa\u015fk\u0131na u\u011fratan, geleneksel dramatik anlat\u0131mdan farkl\u0131 bir yarat\u0131c\u0131 tarzla bulu\u015fturup modern tiyatronun tarihinde yeni bir devir ba\u015flat\u0131r. 20. y\u00fczy\u0131l\u0131n tiyatro klasikleri aras\u0131na girerek onlarca dile \u00e7evrilen; say\u0131s\u0131z tiyatro y\u00f6netmeni ve oyun yazar\u0131n\u0131 derinden etkileyen Vi\u015fne Bah\u00e7esi edebiyat ve tiyatro severler i\u00e7in bir sanatsal ziyafet. \u201cAnton \u00c7ehov, Shakespeare\u2019den sonra gelmi\u015f ge\u00e7mi\u015f en b\u00fcy\u00fck tiyatro yazar\u0131d\u0131r.\u201d GEORGE BERNARD SHAW<\/p>\n","protected":false},"excerpt":{"rendered":"<p>Vi\u015fne Bah\u00e7esi, tiyatro tarihinde Shakespeare\u2019e denk bir etki yaratan Anton \u00c7ehov\u2019un \u00fc\u00e7 unutulmaz oyunundan olu\u015fuyor. Vi\u015fne Bah\u00e7esi, Vanya Day\u0131 ve \u00dc\u00e7 K\u0131z Karde\u015f\u2019te \u00c7ehov serfli\u011fin kald\u0131r\u0131lmas\u0131yla<span class=\"excerpt-hellip\"> [\u2026]<\/span><\/p>\n","protected":false},"featured_media":0,"template":"","meta":{"_monsterinsights_skip_tracking":false,"_monsterinsights_sitenote_active":false,"_monsterinsights_sitenote_note":"","_monsterinsights_sitenote_category":0},"product_brand":[],"product_cat":[12291,15566],"product_tag":[],"class_list":{"0":"post-755785","1":"product","2":"type-product","3":"status-publish","5":"product_cat-edebiyat","6":"product_cat-oyun","7":"pa_cilt-ciltsiz","8":"pa_tur-kitap","9":"pa_yayinevi-iletisim-yayinlari","10":"pa_yazar-anton-pavlovic-cehov","12":"first","13":"instock","14":"sale","15":"shipping-taxable","16":"purchasable","17":"product-type-simple"},"_links":{"self":[{"href":"https:\/\/roveyayinevi.com.tr\/index.php\/wp-json\/wp\/v2\/product\/755785","targetHints":{"allow":["GET"]}}],"collection":[{"href":"https:\/\/roveyayinevi.com.tr\/index.php\/wp-json\/wp\/v2\/product"}],"about":[{"href":"https:\/\/roveyayinevi.com.tr\/index.php\/wp-json\/wp\/v2\/types\/product"}],"wp:attachment":[{"href":"https:\/\/roveyayinevi.com.tr\/index.php\/wp-json\/wp\/v2\/media?parent=755785"}],"wp:term":[{"taxonomy":"product_brand","embeddable":true,"href":"https:\/\/roveyayinevi.com.tr\/index.php\/wp-json\/wp\/v2\/product_brand?post=755785"},{"taxonomy":"product_cat","embeddable":true,"href":"https:\/\/roveyayinevi.com.tr\/index.php\/wp-json\/wp\/v2\/product_cat?post=755785"},{"taxonomy":"product_tag","embeddable":true,"href":"https:\/\/roveyayinevi.com.tr\/index.php\/wp-json\/wp\/v2\/product_tag?post=755785"}],"curies":[{"name":"wp","href":"https:\/\/api.w.org\/{rel}","templated":true}]}}