{"id":755784,"date":"2025-08-28T06:48:49","date_gmt":"2025-08-28T03:48:49","guid":{"rendered":"https:\/\/roveyayinevi.com.tr\/index.php\/urun\/suyun-tarihi\/"},"modified":"2026-04-16T03:08:52","modified_gmt":"2026-04-16T00:08:52","slug":"suyun-tarihi","status":"publish","type":"product","link":"https:\/\/roveyayinevi.com.tr\/index.php\/urun\/suyun-tarihi\/","title":{"rendered":"Suyun Tarihi"},"content":{"rendered":"<p>Su ile olan ili\u015fkimizin k\u00f6kleri \u00e7ok uzak ge\u00e7mi\u015fe dayan\u0131r. Tarih \u00f6ncesi avc\u0131-toplay\u0131c\u0131lar i\u00e7in, nerede su bulaca\u011f\u0131n\u0131 bilmek \u00f6l\u00fcm kal\u0131m meselesiydi. Bronz \u00c7a\u011f\u0131 \u00f6ncesinin b\u00fcy\u00fck k\u00f6yleri sulama tekniklerinin geli\u015ftirilmesi sayesinde Antik \u00c7a\u011f\u0131n b\u00fcy\u00fck kent devletlerine d\u00f6n\u00fc\u015ft\u00fc. Orta \u00c7a\u011f Avrupa\u2019s\u0131 ve ard\u0131ndan Sanayi Devrimi su y\u00f6netimiyle ilgili sorunlara d\u00e2hiyane \u00e7\u00f6z\u00fcmler buldu ve suyu al\u0131n\u0131p sat\u0131lan bir meta haline getirdi. K\u0131sacas\u0131 her insan k\u00fclt\u00fcr\u00fcn\u00fc su ile kurdu\u011fu ili\u015fki bi\u00e7imlendirdi. G\u00fcn\u00fcm\u00fczde ileri teknolojiler sayesinde su teminini ciddi \u00f6l\u00e7\u00fcde garanti alt\u0131na alm\u0131\u015f olsak da bu temel ihtiyac\u0131m\u0131z\u0131 kar\u015f\u0131layabilmemiz son tahlilde do\u011fan\u0131n insaf\u0131na kalm\u0131\u015ft\u0131r. Brian Fagan suyun git gide daha az bulunan de\u011ferli bir kaynak haline geldi\u011fi g\u00fcn\u00fcm\u00fczde bize bu temel ihtiyac\u0131m\u0131z\u0131 kar\u015f\u0131lamay\u0131 s\u00fcrd\u00fcrebilmemiz i\u00e7in, en modern teknolojileri kullansak da en eski atalar\u0131m\u0131z\u0131n suyla ilgili de\u011ferler sistemine geri d\u00f6nmemiz gerekti\u011fi mesaj\u0131n\u0131 veriyor. <\/p>\n","protected":false},"excerpt":{"rendered":"<p>Su ile olan ili\u015fkimizin k\u00f6kleri \u00e7ok uzak ge\u00e7mi\u015fe dayan\u0131r. Tarih \u00f6ncesi avc\u0131-toplay\u0131c\u0131lar i\u00e7in, nerede su bulaca\u011f\u0131n\u0131 bilmek \u00f6l\u00fcm kal\u0131m meselesiydi. Bronz \u00c7a\u011f\u0131 \u00f6ncesinin b\u00fcy\u00fck k\u00f6yleri sulama<span class=\"excerpt-hellip\"> [\u2026]<\/span><\/p>\n","protected":false},"featured_media":0,"template":"","meta":{"_monsterinsights_skip_tracking":false,"_monsterinsights_sitenote_active":false,"_monsterinsights_sitenote_note":"","_monsterinsights_sitenote_category":0},"product_brand":[],"product_cat":[13005,13006],"product_tag":[],"class_list":{"0":"post-755784","1":"product","2":"type-product","3":"status-publish","5":"product_cat-bilim-muhendislik","6":"product_cat-populer-bilim","7":"pa_cilt-ciltsiz","8":"pa_tur-kitap","9":"pa_yayinevi-say-yayinlari","10":"pa_yazar-brian-fagan","12":"first","13":"instock","14":"sale","15":"shipping-taxable","16":"purchasable","17":"product-type-simple"},"_links":{"self":[{"href":"https:\/\/roveyayinevi.com.tr\/index.php\/wp-json\/wp\/v2\/product\/755784","targetHints":{"allow":["GET"]}}],"collection":[{"href":"https:\/\/roveyayinevi.com.tr\/index.php\/wp-json\/wp\/v2\/product"}],"about":[{"href":"https:\/\/roveyayinevi.com.tr\/index.php\/wp-json\/wp\/v2\/types\/product"}],"wp:attachment":[{"href":"https:\/\/roveyayinevi.com.tr\/index.php\/wp-json\/wp\/v2\/media?parent=755784"}],"wp:term":[{"taxonomy":"product_brand","embeddable":true,"href":"https:\/\/roveyayinevi.com.tr\/index.php\/wp-json\/wp\/v2\/product_brand?post=755784"},{"taxonomy":"product_cat","embeddable":true,"href":"https:\/\/roveyayinevi.com.tr\/index.php\/wp-json\/wp\/v2\/product_cat?post=755784"},{"taxonomy":"product_tag","embeddable":true,"href":"https:\/\/roveyayinevi.com.tr\/index.php\/wp-json\/wp\/v2\/product_tag?post=755784"}],"curies":[{"name":"wp","href":"https:\/\/api.w.org\/{rel}","templated":true}]}}