{"id":755783,"date":"2025-08-28T06:48:47","date_gmt":"2025-08-28T03:48:47","guid":{"rendered":"https:\/\/roveyayinevi.com.tr\/index.php\/urun\/curcunabazlar\/"},"modified":"2026-04-03T03:10:45","modified_gmt":"2026-04-03T00:10:45","slug":"curcunabazlar","status":"publish","type":"product","link":"https:\/\/roveyayinevi.com.tr\/index.php\/urun\/curcunabazlar\/","title":{"rendered":"Curcunabazlar"},"content":{"rendered":"<p>\u201cKarde\u015fler aras\u0131na para pul, mal m\u00fclk girmesin, b\u00fcy\u00fck b\u00fcy\u00fckl\u00fc\u011f\u00fcn\u00fc, k\u00fc\u00e7\u00fck k\u00fc\u00e7\u00fckl\u00fc\u011f\u00fcn\u00fc bilsin.\u201d Curcunabazlar\u2019da, babalar\u0131 \u0130shak art\u0131k i\u015fg\u00f6remez duruma d\u00fc\u015f\u00fcnce \u015firketin ba\u015f\u0131na kimin ge\u00e7ece\u011fi \u00fczerine \u00e7etin bir m\u00fccadeleye giri\u015fen iki karde\u015fin, Mustafa ve \u00d6mer\u2019in hik\u00e2yesini anlat\u0131yor Mehmet An\u0131l. Asl\u0131nda ilk bak\u0131\u015fta bir m\u00fccadeleye giri\u015filmesine gerek yok gibidir, her \u015fey nettir. \u00c7\u00fcnk\u00fc babalar\u0131, kendisinden sonra \u015firketin ba\u015f\u0131na b\u00fcy\u00fck o\u011flunun ge\u00e7mesi iste\u011fini zaman\u0131nda yaz\u0131l\u0131 hale getirtmi\u015ftir. Ancak bir sorun vard\u0131r, karde\u015fler ikizdir ve hangisinin b\u00fcy\u00fck oldu\u011funa dair hi\u00e7bir bilgi kesin de\u011fildir! Mehmet An\u0131l, Hazreti \u0130brahim\u2019in torunlar\u0131 aras\u0131ndaki karde\u015f \u00e7at\u0131\u015fmas\u0131ndan ilhamla, e\u011flenceyi de ihmal etmeyen modern bir masal yarat\u0131yor.<\/p>\n","protected":false},"excerpt":{"rendered":"<p>\u201cKarde\u015fler aras\u0131na para pul, mal m\u00fclk girmesin, b\u00fcy\u00fck b\u00fcy\u00fckl\u00fc\u011f\u00fcn\u00fc, k\u00fc\u00e7\u00fck k\u00fc\u00e7\u00fckl\u00fc\u011f\u00fcn\u00fc bilsin.\u201d Curcunabazlar\u2019da, babalar\u0131 \u0130shak art\u0131k i\u015fg\u00f6remez duruma d\u00fc\u015f\u00fcnce \u015firketin ba\u015f\u0131na kimin ge\u00e7ece\u011fi \u00fczerine \u00e7etin bir<span class=\"excerpt-hellip\"> [\u2026]<\/span><\/p>\n","protected":false},"featured_media":0,"template":"","meta":{"_monsterinsights_skip_tracking":false,"_monsterinsights_sitenote_active":false,"_monsterinsights_sitenote_note":"","_monsterinsights_sitenote_category":0},"product_brand":[],"product_cat":[12291,12711],"product_tag":[],"class_list":{"0":"post-755783","1":"product","2":"type-product","3":"status-publish","5":"product_cat-edebiyat","6":"product_cat-roman-oyku","7":"pa_cilt-ciltsiz","8":"pa_tur-kitap","9":"pa_yayinevi-iletisim-yayinlari","10":"pa_yazar-mehmet-anil","12":"first","13":"instock","14":"sale","15":"shipping-taxable","16":"purchasable","17":"product-type-simple"},"_links":{"self":[{"href":"https:\/\/roveyayinevi.com.tr\/index.php\/wp-json\/wp\/v2\/product\/755783","targetHints":{"allow":["GET"]}}],"collection":[{"href":"https:\/\/roveyayinevi.com.tr\/index.php\/wp-json\/wp\/v2\/product"}],"about":[{"href":"https:\/\/roveyayinevi.com.tr\/index.php\/wp-json\/wp\/v2\/types\/product"}],"wp:attachment":[{"href":"https:\/\/roveyayinevi.com.tr\/index.php\/wp-json\/wp\/v2\/media?parent=755783"}],"wp:term":[{"taxonomy":"product_brand","embeddable":true,"href":"https:\/\/roveyayinevi.com.tr\/index.php\/wp-json\/wp\/v2\/product_brand?post=755783"},{"taxonomy":"product_cat","embeddable":true,"href":"https:\/\/roveyayinevi.com.tr\/index.php\/wp-json\/wp\/v2\/product_cat?post=755783"},{"taxonomy":"product_tag","embeddable":true,"href":"https:\/\/roveyayinevi.com.tr\/index.php\/wp-json\/wp\/v2\/product_tag?post=755783"}],"curies":[{"name":"wp","href":"https:\/\/api.w.org\/{rel}","templated":true}]}}