{"id":755782,"date":"2025-08-28T06:48:46","date_gmt":"2025-08-28T03:48:46","guid":{"rendered":"https:\/\/roveyayinevi.com.tr\/index.php\/urun\/biz-de-yarin-guleriz\/"},"modified":"2026-04-16T03:08:52","modified_gmt":"2026-04-16T00:08:52","slug":"biz-de-yarin-guleriz","status":"publish","type":"product","link":"https:\/\/roveyayinevi.com.tr\/index.php\/urun\/biz-de-yarin-guleriz\/","title":{"rendered":"Biz de Yar\u0131n G\u00fcleriz"},"content":{"rendered":"<p>Salonun kap\u0131s\u0131ndan, L koltu\u011fumda yatan adamaakarken p\u0131r\u0131l p\u0131r\u0131l bir ta\u015f sekti g\u00f6\u011fs\u00fcmde, ta zaklara kadar, kalbimdi belki de bilmiyorum.\u201d\u00d6zg\u00fcr \u00c7\u0131rak, Biz De Yar\u0131n G\u00fcleriz\u2019de kendilerinin, kendi zamanlar\u0131n\u0131n fark\u0131nda olan, o zaman\u0131n \u015fim e\u011filse bile bir g\u00fcn mutlaka gelece\u011fine inanan nsanlar\u0131n \u00f6yk\u00fclerini anlat\u0131yor. Ama kibirli, \u201cen \u00f6zel benim\u201d ate\u015fiyle yan\u0131p kavrulan bir fark\u0131ndal\u0131 ya da k\u00f6ks\u00fcz bir iyimserlik de\u011fil bu. Etraftaki toz uman\u0131n ge\u00e7icili\u011fini, anlar\u0131n ve duygular\u0131n kal\u0131c\u0131l\u0131\u011f\u0131n\u0131 \u00f6z\u00fcmsemi\u015f bir fark\u0131ndal\u0131k.azen bir perdenin tedirgin eden aral\u0131kl\u0131\u011f\u0131nda, bazen ikili ili\u015fkiler aras\u0131ndaki iplerin kopma oktas\u0131na geldi\u011fi o tedirginlikte, bazen bir esneyle kurulan tutkulu bir ba\u011fda kendini g\u00f6steren insanl\u0131k halleri&#8230;<\/p>\n","protected":false},"excerpt":{"rendered":"<p>Salonun kap\u0131s\u0131ndan, L koltu\u011fumda yatan adamaakarken p\u0131r\u0131l p\u0131r\u0131l bir ta\u015f sekti g\u00f6\u011fs\u00fcmde, ta zaklara kadar, kalbimdi belki de bilmiyorum.\u201d\u00d6zg\u00fcr \u00c7\u0131rak, Biz De Yar\u0131n G\u00fcleriz\u2019de kendilerinin, kendi<span class=\"excerpt-hellip\"> [\u2026]<\/span><\/p>\n","protected":false},"featured_media":0,"template":"","meta":{"_monsterinsights_skip_tracking":false,"_monsterinsights_sitenote_active":false,"_monsterinsights_sitenote_note":"","_monsterinsights_sitenote_category":0},"product_brand":[],"product_cat":[12291,18202],"product_tag":[],"class_list":{"0":"post-755782","1":"product","2":"type-product","3":"status-publish","5":"product_cat-edebiyat","6":"product_cat-hikaye","7":"pa_cilt-ciltsiz","8":"pa_tur-kitap","9":"pa_yayinevi-iletisim-yayinlari","10":"pa_yazar-ozgur-cirak","12":"first","13":"instock","14":"sale","15":"shipping-taxable","16":"purchasable","17":"product-type-simple"},"_links":{"self":[{"href":"https:\/\/roveyayinevi.com.tr\/index.php\/wp-json\/wp\/v2\/product\/755782","targetHints":{"allow":["GET"]}}],"collection":[{"href":"https:\/\/roveyayinevi.com.tr\/index.php\/wp-json\/wp\/v2\/product"}],"about":[{"href":"https:\/\/roveyayinevi.com.tr\/index.php\/wp-json\/wp\/v2\/types\/product"}],"wp:attachment":[{"href":"https:\/\/roveyayinevi.com.tr\/index.php\/wp-json\/wp\/v2\/media?parent=755782"}],"wp:term":[{"taxonomy":"product_brand","embeddable":true,"href":"https:\/\/roveyayinevi.com.tr\/index.php\/wp-json\/wp\/v2\/product_brand?post=755782"},{"taxonomy":"product_cat","embeddable":true,"href":"https:\/\/roveyayinevi.com.tr\/index.php\/wp-json\/wp\/v2\/product_cat?post=755782"},{"taxonomy":"product_tag","embeddable":true,"href":"https:\/\/roveyayinevi.com.tr\/index.php\/wp-json\/wp\/v2\/product_tag?post=755782"}],"curies":[{"name":"wp","href":"https:\/\/api.w.org\/{rel}","templated":true}]}}