{"id":755781,"date":"2025-08-28T06:48:45","date_gmt":"2025-08-28T03:48:45","guid":{"rendered":"https:\/\/roveyayinevi.com.tr\/index.php\/urun\/babama-anarsizmi-anlatiyorum\/"},"modified":"2026-04-16T03:08:52","modified_gmt":"2026-04-16T00:08:52","slug":"babama-anarsizmi-anlatiyorum","status":"publish","type":"product","link":"https:\/\/roveyayinevi.com.tr\/index.php\/urun\/babama-anarsizmi-anlatiyorum\/","title":{"rendered":"Babama Anar\u015fizmi Anlat\u0131yorum"},"content":{"rendered":"<p>Anar\u015fizm nedir ve anar\u015fistler ne ister? Merakl\u0131 bir h\u00fcmanist baba ile konuyu ara\u015ft\u0131ran anar\u015fist ve aktivist o\u011flu ho\u015f\u00e7a sohbet ederek bize bu sorular\u0131n yan\u0131t\u0131n\u0131 veriyor. \u0130ki adam, sohbetleri s\u0131ras\u0131nda, anar\u015fi ve demokrasi kavramlar\u0131n\u0131n k\u00f6klerine geri d\u00f6n\u00fcyor. Anar\u015fizmin belli fig\u00fcrlerini ve bu devrimci hareketin farkl\u0131 ak\u0131mlar\u0131n\u0131 hat\u0131rlatarak, s\u00f6zlerini g\u00fcn\u00fcm\u00fcz d\u00fcnyas\u0131ndan \u00f6rneklerle destekliyorlar. B\u00fcy\u00fck tahakk\u00fcm sistemlerine (devlet, din, ataerkillik, kapitalizm ve \u0131rk\u00e7\u0131l\u0131k) y\u00f6nelik anar\u015fist ele\u015ftiriyi analiz ediyorlar ve b\u00f6ylece anar\u015fizmin ne oldu\u011funu \u00f6\u011frenmek isteyenlere canl\u0131 ve orijinal bir ba\u015flang\u0131\u00e7 okumas\u0131 yapma f\u0131rsat\u0131 sunuyorlar. <\/p>\n","protected":false},"excerpt":{"rendered":"<p>Anar\u015fizm nedir ve anar\u015fistler ne ister? Merakl\u0131 bir h\u00fcmanist baba ile konuyu ara\u015ft\u0131ran anar\u015fist ve aktivist o\u011flu ho\u015f\u00e7a sohbet ederek bize bu sorular\u0131n yan\u0131t\u0131n\u0131 veriyor. \u0130ki<span class=\"excerpt-hellip\"> [\u2026]<\/span><\/p>\n","protected":false},"featured_media":0,"template":"","meta":{"_monsterinsights_skip_tracking":false,"_monsterinsights_sitenote_active":false,"_monsterinsights_sitenote_note":"","_monsterinsights_sitenote_category":0},"product_brand":[],"product_cat":[20351,12388],"product_tag":[],"class_list":{"0":"post-755781","1":"product","2":"type-product","3":"status-publish","5":"product_cat-dusunce","6":"product_cat-felsefe","7":"pa_cilt-ciltsiz","8":"pa_tur-kitap","9":"pa_yayinevi-say-yayinlari","10":"pa_yazar-thomas-deri-francis-dupuis-deri","12":"first","13":"instock","14":"sale","15":"shipping-taxable","16":"purchasable","17":"product-type-simple"},"_links":{"self":[{"href":"https:\/\/roveyayinevi.com.tr\/index.php\/wp-json\/wp\/v2\/product\/755781","targetHints":{"allow":["GET"]}}],"collection":[{"href":"https:\/\/roveyayinevi.com.tr\/index.php\/wp-json\/wp\/v2\/product"}],"about":[{"href":"https:\/\/roveyayinevi.com.tr\/index.php\/wp-json\/wp\/v2\/types\/product"}],"wp:attachment":[{"href":"https:\/\/roveyayinevi.com.tr\/index.php\/wp-json\/wp\/v2\/media?parent=755781"}],"wp:term":[{"taxonomy":"product_brand","embeddable":true,"href":"https:\/\/roveyayinevi.com.tr\/index.php\/wp-json\/wp\/v2\/product_brand?post=755781"},{"taxonomy":"product_cat","embeddable":true,"href":"https:\/\/roveyayinevi.com.tr\/index.php\/wp-json\/wp\/v2\/product_cat?post=755781"},{"taxonomy":"product_tag","embeddable":true,"href":"https:\/\/roveyayinevi.com.tr\/index.php\/wp-json\/wp\/v2\/product_tag?post=755781"}],"curies":[{"name":"wp","href":"https:\/\/api.w.org\/{rel}","templated":true}]}}