{"id":755779,"date":"2025-08-28T06:48:42","date_gmt":"2025-08-28T03:48:42","guid":{"rendered":"https:\/\/roveyayinevi.com.tr\/index.php\/urun\/dikenler-ve-guller-sarayi-kutulu-set-dovme-hediyeli\/"},"modified":"2026-04-16T03:08:52","modified_gmt":"2026-04-16T00:08:52","slug":"dikenler-ve-guller-sarayi-kutulu-set-dovme-hediyeli","status":"publish","type":"product","link":"https:\/\/roveyayinevi.com.tr\/index.php\/urun\/dikenler-ve-guller-sarayi-kutulu-set-dovme-hediyeli\/","title":{"rendered":"Dikenler ve G\u00fcller Saray\u0131 Kutulu Set  (D\u00f6vme Hediyeli)"},"content":{"rendered":"<p>Fantastik ve bilimkurgu d\u00fcnyas\u0131n\u0131n en iyi yazarlar\u0131ndan kabul edilen Sarah J. Maas&#8217;\u0131n Dikenler ve G\u00fcller Saray\u0131 serisi, NY Times \u00e7ok satanlar listelerinden hi\u00e7 inmedi ve pek \u00e7ok \u00f6d\u00fcl ald\u0131. Gerilim, romantizm, entrika ve aksiyonla dolu olan hik\u00e2yede, periler, insanlar ve s\u0131rad\u0131\u015f\u0131 yarat\u0131klar\u0131n destan\u0131 anlat\u0131l\u0131yor.   Set i\u00e7eri\u011fi: Dikenler ve G\u00fcller Saray\u0131 Dikenler ve G\u00fcller Saray\u0131 2: Sis ve \u00d6fke Saray\u0131 Dikenler ve G\u00fcller Saray\u0131 3: Kanatlar ve K\u00fcller Saray\u0131 Dikenler ve G\u00fcller Saray\u0131 3.5: Buz ve Y\u0131ld\u0131z\u0131\u015f\u0131\u011f\u0131 Saray\u0131 Dikenler ve G\u00fcller Saray\u0131 4: G\u00fcm\u00fc\u015f Alevler Saray\u0131 Sarah J. Maas Evreni Semboller 3\u2019l\u00fc D\u00f6vme <\/p>\n","protected":false},"excerpt":{"rendered":"<p>Fantastik ve bilimkurgu d\u00fcnyas\u0131n\u0131n en iyi yazarlar\u0131ndan kabul edilen Sarah J. Maas&#8217;\u0131n Dikenler ve G\u00fcller Saray\u0131 serisi, NY Times \u00e7ok satanlar listelerinden hi\u00e7 inmedi ve pek<span class=\"excerpt-hellip\"> [\u2026]<\/span><\/p>\n","protected":false},"featured_media":0,"template":"","meta":{"_monsterinsights_skip_tracking":false,"_monsterinsights_sitenote_active":false,"_monsterinsights_sitenote_note":"","_monsterinsights_sitenote_category":0},"product_brand":[],"product_cat":[12291,14777],"product_tag":[],"class_list":{"0":"post-755779","1":"product","2":"type-product","3":"status-publish","5":"product_cat-edebiyat","6":"product_cat-fantastik","7":"pa_cilt-ciltsiz","8":"pa_tur-kitap","9":"pa_yayinevi-dex-yayinevi","10":"pa_yazar-sarah-j-maas","12":"first","13":"instock","14":"sale","15":"shipping-taxable","16":"purchasable","17":"product-type-simple"},"_links":{"self":[{"href":"https:\/\/roveyayinevi.com.tr\/index.php\/wp-json\/wp\/v2\/product\/755779","targetHints":{"allow":["GET"]}}],"collection":[{"href":"https:\/\/roveyayinevi.com.tr\/index.php\/wp-json\/wp\/v2\/product"}],"about":[{"href":"https:\/\/roveyayinevi.com.tr\/index.php\/wp-json\/wp\/v2\/types\/product"}],"wp:attachment":[{"href":"https:\/\/roveyayinevi.com.tr\/index.php\/wp-json\/wp\/v2\/media?parent=755779"}],"wp:term":[{"taxonomy":"product_brand","embeddable":true,"href":"https:\/\/roveyayinevi.com.tr\/index.php\/wp-json\/wp\/v2\/product_brand?post=755779"},{"taxonomy":"product_cat","embeddable":true,"href":"https:\/\/roveyayinevi.com.tr\/index.php\/wp-json\/wp\/v2\/product_cat?post=755779"},{"taxonomy":"product_tag","embeddable":true,"href":"https:\/\/roveyayinevi.com.tr\/index.php\/wp-json\/wp\/v2\/product_tag?post=755779"}],"curies":[{"name":"wp","href":"https:\/\/api.w.org\/{rel}","templated":true}]}}