{"id":755778,"date":"2025-08-28T06:48:40","date_gmt":"2025-08-28T03:48:40","guid":{"rendered":"https:\/\/roveyayinevi.com.tr\/index.php\/urun\/gotham-lisesi\/"},"modified":"2026-04-16T03:08:52","modified_gmt":"2026-04-16T00:08:52","slug":"gotham-lisesi","status":"publish","type":"product","link":"https:\/\/roveyayinevi.com.tr\/index.php\/urun\/gotham-lisesi\/","title":{"rendered":"Gotham Lisesi"},"content":{"rendered":"<p>\u201cKaranl\u0131k ve cazibeli&#8230; H\u0131zl\u0131, tempolu ve e\u011flenceli.\u201d \u2013Kirkus Reviews   Alex and Eliza ve Asil Kan gibi kitaplar\u0131yla New YorkTimes\u2019\u0131n \u00e7ok satan listelerinde yer alan Melissa de la Cruz yeni nesil okurlar i\u00e7in Gotham \u015fehrini yeniden kurguluyor. 17 ya\u015f\u0131ndaki Bruce Wayne, yat\u0131l\u0131 okuldan at\u0131ld\u0131ktan sonra Gotham\u2019a geri d\u00f6ner ama hi\u00e7bir \u015fey b\u0131rakt\u0131\u011f\u0131 gibi de\u011fildir. Bir zamanlar ailesinin evi olan yer, \u015fimdi bo\u015f bir kabuktan ibarettir; art\u0131k hem yaln\u0131zd\u0131r hem de anne-babas\u0131n\u0131n cinayetinin k\u00f6t\u00fc an\u0131s\u0131na saplan\u0131p kalm\u0131\u015ft\u0131r. \u00dcstelik kom\u015funun masum k\u0131z\u0131 olarak tan\u0131d\u0131\u011f\u0131 Selina Kyle, okul soytar\u0131s\u0131 Jack Napier\u2019la birlikte Gotham Lisesi\u2019ni tehlikeli bir \u015fekilde y\u00f6netmektedir. \u00d6\u011frencilerden biri ka\u00e7\u0131r\u0131l\u0131p da t\u00fcm okulu sarst\u0131\u011f\u0131na Bruce karanl\u0131k ve sorunlu kahraman olarak cevap aramaya ba\u015flar; yoksa as\u0131l hedef o mudur? Hi\u00e7bir \u015fey g\u00f6r\u00fcnd\u00fc\u011f\u00fc gibi de\u011fildir, \u00f6zellikle de partilerin ve romantizmin zirve yapt\u0131\u011f\u0131 ve herksin \u015f\u00fcpheli oldu\u011fu Gotham Lisesi\u2019nde. Thomas Pitilli\u2019nin etkileyici \u00e7izimiyle en iyi dostlar\u0131n en b\u00fcy\u00fck d\u00fc\u015fmanlara d\u00f6n\u00fc\u015ft\u00fc\u011f\u00fc, \u015fa\u015f\u0131rt\u0131c\u0131 oldu\u011fu kadar ba\u015f d\u00f6nd\u00fcren bu grafik romanda b\u00fct\u00fcn cevaplar Gotham Lisesi koridorlar\u0131nda\u2026<\/p>\n","protected":false},"excerpt":{"rendered":"<p>\u201cKaranl\u0131k ve cazibeli&#8230; H\u0131zl\u0131, tempolu ve e\u011flenceli.\u201d \u2013Kirkus Reviews Alex and Eliza ve Asil Kan gibi kitaplar\u0131yla New YorkTimes\u2019\u0131n \u00e7ok satan listelerinde yer alan Melissa de<span class=\"excerpt-hellip\"> [\u2026]<\/span><\/p>\n","protected":false},"featured_media":0,"template":"","meta":{"_monsterinsights_skip_tracking":false,"_monsterinsights_sitenote_active":false,"_monsterinsights_sitenote_note":"","_monsterinsights_sitenote_category":0},"product_brand":[],"product_cat":[12416,12291],"product_tag":[],"class_list":{"0":"post-755778","1":"product","2":"type-product","3":"status-publish","5":"product_cat-cizgi-roman","6":"product_cat-edebiyat","7":"pa_cilt-ciltsiz","8":"pa_tur-kitap","9":"pa_yayinevi-epsilon-yayinlari","10":"pa_yazar-melissa-de-la-cruz","12":"first","13":"instock","14":"sale","15":"shipping-taxable","16":"purchasable","17":"product-type-simple"},"_links":{"self":[{"href":"https:\/\/roveyayinevi.com.tr\/index.php\/wp-json\/wp\/v2\/product\/755778","targetHints":{"allow":["GET"]}}],"collection":[{"href":"https:\/\/roveyayinevi.com.tr\/index.php\/wp-json\/wp\/v2\/product"}],"about":[{"href":"https:\/\/roveyayinevi.com.tr\/index.php\/wp-json\/wp\/v2\/types\/product"}],"wp:attachment":[{"href":"https:\/\/roveyayinevi.com.tr\/index.php\/wp-json\/wp\/v2\/media?parent=755778"}],"wp:term":[{"taxonomy":"product_brand","embeddable":true,"href":"https:\/\/roveyayinevi.com.tr\/index.php\/wp-json\/wp\/v2\/product_brand?post=755778"},{"taxonomy":"product_cat","embeddable":true,"href":"https:\/\/roveyayinevi.com.tr\/index.php\/wp-json\/wp\/v2\/product_cat?post=755778"},{"taxonomy":"product_tag","embeddable":true,"href":"https:\/\/roveyayinevi.com.tr\/index.php\/wp-json\/wp\/v2\/product_tag?post=755778"}],"curies":[{"name":"wp","href":"https:\/\/api.w.org\/{rel}","templated":true}]}}